{"id":4141,"date":"2018-01-12T07:24:00","date_gmt":"2018-01-12T06:24:00","guid":{"rendered":"https:\/\/www.sprachschule-aktiv-hamburg.de\/anmeldung-sprachschule-hamburg\/"},"modified":"2020-09-01T09:51:20","modified_gmt":"2020-09-01T07:51:20","slug":"rejestrowanie","status":"publish","type":"page","link":"https:\/\/www.sprachschule-aktiv-hamburg.de\/pl\/rejestrowanie\/","title":{"rendered":"Zapisz si\u0119!"},"content":{"rendered":"<p>[vc_row css=&#8221;.vc_custom_1538681911058{margin-top: 20px !important;}&#8221;][vc_column][vc_column_text]<\/p>\n<h1>Formularz rejestracyjny &#8211; Sprachschule Aktiv Hamburg<\/h1>\n<p>Rejestracja na kursy. Kursy na wszystkich poziomach. Formularz rejestracyjny. Kursy j\u0119zykowe.[\/vc_column_text][\/vc_column][\/vc_row][vc_row full_width=&#8221;stretch_row&#8221; css=&#8221;.vc_custom_1538681944998{padding-top: 10px !important;padding-bottom: 20px !important;background-color: #f9f9f9 !important;}&#8221;][vc_column][vc_column_text]\n<div class=\"wpcf7 no-js\" id=\"wpcf7-f4143-o1\" lang=\"de-DE\" dir=\"ltr\" data-wpcf7-id=\"4143\">\n<div class=\"screen-reader-response\"><p role=\"status\" aria-live=\"polite\" aria-atomic=\"true\"><\/p> <ul><\/ul><\/div>\n<form action=\"\/pl\/wp-json\/wp\/v2\/pages\/4141#wpcf7-f4143-o1\" method=\"post\" class=\"wpcf7-form init wpcf7-acceptance-as-validation\" aria-label=\"Kontaktformular\" novalidate=\"novalidate\" data-status=\"init\">\n<fieldset class=\"hidden-fields-container\"><input type=\"hidden\" name=\"_wpcf7\" value=\"4143\" \/><input type=\"hidden\" name=\"_wpcf7_version\" value=\"6.1.5\" \/><input type=\"hidden\" name=\"_wpcf7_locale\" value=\"de_DE\" \/><input type=\"hidden\" name=\"_wpcf7_unit_tag\" value=\"wpcf7-f4143-o1\" \/><input type=\"hidden\" name=\"_wpcf7_container_post\" value=\"0\" \/><input type=\"hidden\" name=\"_wpcf7_posted_data_hash\" value=\"\" \/><input type=\"hidden\" name=\"_wpcf7cf_hidden_group_fields\" value=\"[]\" \/><input type=\"hidden\" name=\"_wpcf7cf_hidden_groups\" value=\"[]\" \/><input type=\"hidden\" name=\"_wpcf7cf_visible_groups\" value=\"[]\" \/><input type=\"hidden\" name=\"_wpcf7cf_repeaters\" value=\"[]\" \/><input type=\"hidden\" name=\"_wpcf7cf_steps\" value=\"{}\" \/><input type=\"hidden\" name=\"_wpcf7cf_options\" value=\"{&quot;form_id&quot;:4143,&quot;conditions&quot;:[],&quot;settings&quot;:{&quot;animation&quot;:&quot;yes&quot;,&quot;animation_intime&quot;:200,&quot;animation_outtime&quot;:200,&quot;conditions_ui&quot;:&quot;normal&quot;,&quot;notice_dismissed&quot;:false}}\" \/><input type=\"hidden\" name=\"_wpcf7_recaptcha_response\" value=\"\" \/>\n<\/fieldset>\n<p>Biznes: <span class=\"wpcf7-form-control-wrap\" data-name=\"Firma\"><input size=\"40\" maxlength=\"400\" class=\"wpcf7-form-control wpcf7-text\" aria-invalid=\"false\" value=\"\" type=\"text\" name=\"Firma\" \/><\/span>\n<\/p>\n<p>Imi\u0119*: <span class=\"wpcf7-form-control-wrap\" data-name=\"Vorname\"><input size=\"40\" maxlength=\"400\" class=\"wpcf7-form-control wpcf7-text wpcf7-validates-as-required\" aria-required=\"true\" aria-invalid=\"false\" value=\"\" type=\"text\" name=\"Vorname\" \/><\/span>\n<\/p>\n<p>Nazwisko*: <span class=\"wpcf7-form-control-wrap\" data-name=\"Nachname\"><input size=\"40\" maxlength=\"400\" class=\"wpcf7-form-control wpcf7-text wpcf7-validates-as-required\" aria-required=\"true\" aria-invalid=\"false\" value=\"\" type=\"text\" name=\"Nachname\" \/><\/span>\n<\/p>\n<p>Ulica\/Numer*: <span class=\"wpcf7-form-control-wrap\" data-name=\"Adresse\"><input size=\"40\" maxlength=\"400\" class=\"wpcf7-form-control wpcf7-text wpcf7-validates-as-required\" aria-required=\"true\" aria-invalid=\"false\" value=\"\" type=\"text\" name=\"Adresse\" \/><\/span>\n<\/p>\n<p>Kod pocztowy\/Miasto: <span class=\"wpcf7-form-control-wrap\" data-name=\"PLZ\"><input size=\"40\" maxlength=\"400\" class=\"wpcf7-form-control wpcf7-text wpcf7-validates-as-required\" aria-required=\"true\" aria-invalid=\"false\" value=\"\" type=\"text\" name=\"PLZ\" \/><\/span>\n<\/p>\n<p>Telefon*: <span class=\"wpcf7-form-control-wrap\" data-name=\"Telefon\"><input size=\"40\" maxlength=\"400\" class=\"wpcf7-form-control wpcf7-text wpcf7-validates-as-required\" aria-required=\"true\" aria-invalid=\"false\" value=\"\" type=\"text\" name=\"Telefon\" \/><\/span>\n<\/p>\n<p>Email*: <span class=\"wpcf7-form-control-wrap\" data-name=\"Email\"><input size=\"40\" maxlength=\"400\" class=\"wpcf7-form-control wpcf7-email wpcf7-validates-as-required wpcf7-text wpcf7-validates-as-email medium\" aria-required=\"true\" aria-invalid=\"false\" value=\"\" type=\"email\" name=\"Email\" \/><\/span>\n<\/p>\n<p><B>Informacje o kursie:<\/b>\n<\/p>\n<p>J\u0119zyk* : <span class=\"wpcf7-form-control-wrap\" data-name=\"Sprache\"><input size=\"40\" maxlength=\"400\" class=\"wpcf7-form-control wpcf7-text wpcf7-validates-as-required\" aria-required=\"true\" aria-invalid=\"false\" placeholder=\"Przyk\u0142ad: niemiecki, angielski, hiszpa\u0144ski\" value=\"\" type=\"text\" name=\"Sprache\" \/><\/span>\n<\/p>\n<p>Rodzaj kursu*: <span class=\"wpcf7-form-control-wrap\" data-name=\"Kursart\"><input size=\"40\" maxlength=\"400\" class=\"wpcf7-form-control wpcf7-text wpcf7-validates-as-required\" aria-required=\"true\" aria-invalid=\"false\" placeholder=\"Kurs intensywny\" value=\"\" type=\"text\" name=\"Kursart\" \/><\/span>\n<\/p>\n<p>Poziom: <span class=\"wpcf7-form-control-wrap\" data-name=\"Level\"><select class=\"wpcf7-form-control wpcf7-select wpcf7-validates-as-required\" aria-required=\"true\" aria-invalid=\"false\" name=\"Level\"><option value=\"A1 (pocz\u0105tkuj\u0105cy)\">A1 (pocz\u0105tkuj\u0105cy)<\/option><option value=\"A2 (podstawowy \/ podstawowy)\">A2 (podstawowy \/ podstawowy)<\/option><option value=\"B1 (\u015bredniozaawansowany)\">B1 (\u015bredniozaawansowany)<\/option><option value=\"B2 (\u015bredniozaawansowany \/ \u015bredniozaawansowany)\">B2 (\u015bredniozaawansowany \/ \u015bredniozaawansowany)<\/option><option value=\"C1 (zaawansowany)\">C1 (zaawansowany)<\/option><option value=\"C2 (bieg\u0142o\u015b\u0107 \/ doskona\u0142y)\">C2 (bieg\u0142o\u015b\u0107 \/ doskona\u0142y)<\/option><\/select><\/span>\n<\/p>\n<p>Rozpocz\u0119cie kursu*: <span class=\"wpcf7-form-control-wrap\" data-name=\"Kursbeginn\"><input class=\"wpcf7-form-control wpcf7-date wpcf7-validates-as-required wpcf7-validates-as-date\" aria-required=\"true\" aria-invalid=\"false\" placeholder=\"DD.MM.YY\" value=\"\" type=\"date\" name=\"Kursbeginn\" \/><\/span>\n<\/p>\n<p>Czas trwania kursu*: <span class=\"wpcf7-form-control-wrap\" data-name=\"dauer\"><input size=\"40\" maxlength=\"400\" class=\"wpcf7-form-control wpcf7-text wpcf7-validates-as-required\" aria-required=\"true\" aria-invalid=\"false\" placeholder=\"Przyk\u0142ad: 4 tygodnie na kurs intensywny\" value=\"\" type=\"text\" name=\"dauer\" \/><\/span>\n<\/p>\n<p>Po\u017c\u0105dana liczba godzin: <span class=\"wpcf7-form-control-wrap\" data-name=\"Kursbeginn2\"><input size=\"40\" maxlength=\"400\" class=\"wpcf7-form-control wpcf7-text\" aria-invalid=\"false\" value=\"\" type=\"text\" name=\"Kursbeginn2\" \/><\/span>\n<\/p>\n<p><B>Zap\u0142ata: <\/b>\n<\/p>\n<p>Metody P\u0142atno\u015bci: <span class=\"wpcf7-form-control-wrap\" data-name=\"Zahlung\"><select class=\"wpcf7-form-control wpcf7-select wpcf7-validates-as-required\" aria-required=\"true\" aria-invalid=\"false\" name=\"Zahlung\"><option value=\"Got\u00f3wka w ci\u0105gu 14 dni\">Got\u00f3wka w ci\u0105gu 14 dni<\/option><option value=\"P\u0142atno\u015b\u0107 online\">P\u0142atno\u015b\u0107 online<\/option><option value=\"P\u0142atno\u015b\u0107 got\u00f3wk\u0105 na miejscu przed rozpocz\u0119ciem kursu\">P\u0142atno\u015b\u0107 got\u00f3wk\u0105 na miejscu przed rozpocz\u0119ciem kursu<\/option><option value=\"Zakup na konto\">Zakup na konto<\/option><option value=\"P\u0142atno\u015b\u0107 got\u00f3wk\u0105 w biurze\">P\u0142atno\u015b\u0107 got\u00f3wk\u0105 w biurze<\/option><option value=\"P\u0142atno\u015b\u0107 kart\u0105\">P\u0142atno\u015b\u0107 kart\u0105<\/option><option value=\"P\u0142atno\u015b\u0107 PayPal na adres info@sprachschule-aktiv-hamburg.de\">P\u0142atno\u015b\u0107 PayPal na adres info@sprachschule-aktiv-hamburg.de<\/option><\/select><\/span>\n<\/p>\n<p><B>Uwagi<\/b>\n<\/p>\n<p><span class=\"wpcf7-form-control-wrap\" data-name=\"Bemerkungen\"><textarea cols=\"40\" rows=\"10\" maxlength=\"2000\" class=\"wpcf7-form-control wpcf7-textarea\" aria-invalid=\"false\" name=\"Bemerkungen\"><\/textarea><\/span>\n<\/p>\n<div style=\"\">\n\t<p><span class=\"wpcf7-form-control-wrap\" data-name=\"agb\"><span class=\"wpcf7-form-control wpcf7-acceptance\"><span class=\"wpcf7-list-item\"><input type=\"checkbox\" name=\"agb\" value=\"1\" aria-invalid=\"false\" \/><\/span><\/span><\/span> (*) Przeczyta\u0142em i akceptuj\u0119 <a href=\"\/allgemeine-geschaftsbedingungen\/\" target=\"_blank\">warunki prawne<\/a> i <a href=\"\/datenschutzerklarung\/\" target=\"_blank\">polityk\u0119 prywatno\u015bci danych<\/a>.\n\t<\/p>\n<\/div>\n<p><input class=\"wpcf7-form-control wpcf7-submit has-spinner\" type=\"submit\" value=\"Wy\u015blij formularz\" \/>\n<\/p><input type='hidden' class='wpcf7-pum' value='{\"closepopup\":false,\"closedelay\":0,\"openpopup\":false,\"openpopup_id\":0}' \/><div class=\"wpcf7-response-output\" aria-hidden=\"true\"><\/div>\n<\/form>\n<\/div>\n[\/vc_column_text][\/vc_column][\/vc_row]<\/p>\n","protected":false},"excerpt":{"rendered":"<p>[vc_row css=&#8221;.vc_custom_1538681911058{margin-top: 20px !important;}&#8221;][vc_column][vc_column_text] Formularz rejestracyjny &#8211; Sprachschule Aktiv Hamburg Rejestracja na kursy. Kursy na wszystkich poziomach. Formularz rejestracyjny. Kursy j\u0119zykowe.[\/vc_column_text][\/vc_column][\/vc_row][vc_row full_width=&#8221;stretch_row&#8221; css=&#8221;.vc_custom_1538681944998{padding-top: 10px !important;padding-bottom: 20px !important;background-color: #f9f9f9 !important;}&#8221;][vc_column][vc_column_text][\/vc_column_text][\/vc_column][\/vc_row]<\/p>\n","protected":false},"author":1,"featured_media":0,"parent":0,"menu_order":0,"comment_status":"closed","ping_status":"closed","template":"","meta":{"footnotes":""},"class_list":["post-4141","page","type-page","status-publish","hentry"],"yoast_head":"<!-- This site is optimized with the Yoast SEO plugin v27.1.1 - https:\/\/yoast.com\/product\/yoast-seo-wordpress\/ -->\n<title>Rejestracja na kursy j\u0119zykowe - formularz rejestracyjny Sprachschule Aktiv<\/title>\n<meta name=\"description\" content=\"Na tej stronie mo\u017cesz zarejestrowa\u0107 si\u0119 na kurs j\u0119zykowy. Formularz rejestracyjny na kursy j\u0119zykowe w szkole j\u0119zykowej Aktiv Hamburg.\" \/>\n<meta name=\"robots\" content=\"index, follow, max-snippet:-1, max-image-preview:large, max-video-preview:-1\" \/>\n<link rel=\"canonical\" href=\"https:\/\/www.sprachschule-aktiv-hamburg.de\/pl\/rejestrowanie\/\" \/>\n<meta property=\"og:locale\" content=\"pl_PL\" \/>\n<meta property=\"og:type\" content=\"article\" \/>\n<meta property=\"og:title\" content=\"Rejestracja na kursy j\u0119zykowe - formularz rejestracyjny Sprachschule Aktiv\" \/>\n<meta property=\"og:description\" content=\"Na tej stronie mo\u017cesz zarejestrowa\u0107 si\u0119 na kurs j\u0119zykowy. Formularz rejestracyjny na kursy j\u0119zykowe w szkole j\u0119zykowej Aktiv Hamburg.\" \/>\n<meta property=\"og:url\" content=\"https:\/\/www.sprachschule-aktiv-hamburg.de\/pl\/rejestrowanie\/\" \/>\n<meta property=\"og:site_name\" content=\"Sprachschule Hamburg\" \/>\n<meta property=\"article:modified_time\" content=\"2020-09-01T07:51:20+00:00\" \/>\n<meta name=\"twitter:card\" content=\"summary_large_image\" \/>\n<script type=\"application\/ld+json\" class=\"yoast-schema-graph\">{\"@context\":\"https:\/\/schema.org\",\"@graph\":[{\"@type\":\"WebPage\",\"@id\":\"https:\/\/www.sprachschule-aktiv-hamburg.de\/pl\/rejestrowanie\/\",\"url\":\"https:\/\/www.sprachschule-aktiv-hamburg.de\/pl\/rejestrowanie\/\",\"name\":\"Rejestracja na kursy j\u0119zykowe - formularz rejestracyjny Sprachschule Aktiv\",\"isPartOf\":{\"@id\":\"https:\/\/www.sprachschule-aktiv-hamburg.de\/#website\"},\"datePublished\":\"2018-01-12T06:24:00+00:00\",\"dateModified\":\"2020-09-01T07:51:20+00:00\",\"description\":\"Na tej stronie mo\u017cesz zarejestrowa\u0107 si\u0119 na kurs j\u0119zykowy. Formularz rejestracyjny na kursy j\u0119zykowe w szkole j\u0119zykowej Aktiv Hamburg.\",\"breadcrumb\":{\"@id\":\"https:\/\/www.sprachschule-aktiv-hamburg.de\/pl\/rejestrowanie\/#breadcrumb\"},\"inLanguage\":\"pl-PL\",\"potentialAction\":[{\"@type\":\"ReadAction\",\"target\":[\"https:\/\/www.sprachschule-aktiv-hamburg.de\/pl\/rejestrowanie\/\"]}]},{\"@type\":\"BreadcrumbList\",\"@id\":\"https:\/\/www.sprachschule-aktiv-hamburg.de\/pl\/rejestrowanie\/#breadcrumb\",\"itemListElement\":[{\"@type\":\"ListItem\",\"position\":1,\"name\":\"Startseite\",\"item\":\"https:\/\/www.sprachschule-aktiv-hamburg.de\/pl\/\"},{\"@type\":\"ListItem\",\"position\":2,\"name\":\"Zapisz si\u0119!\"}]},{\"@type\":\"WebSite\",\"@id\":\"https:\/\/www.sprachschule-aktiv-hamburg.de\/#website\",\"url\":\"https:\/\/www.sprachschule-aktiv-hamburg.de\/\",\"name\":\"Sprachschule Hamburg\",\"description\":\"\",\"potentialAction\":[{\"@type\":\"SearchAction\",\"target\":{\"@type\":\"EntryPoint\",\"urlTemplate\":\"https:\/\/www.sprachschule-aktiv-hamburg.de\/?s={search_term_string}\"},\"query-input\":{\"@type\":\"PropertyValueSpecification\",\"valueRequired\":true,\"valueName\":\"search_term_string\"}}],\"inLanguage\":\"pl-PL\"}]}<\/script>\n<!-- \/ Yoast SEO plugin. -->","yoast_head_json":{"title":"Rejestracja na kursy j\u0119zykowe - formularz rejestracyjny Sprachschule Aktiv","description":"Na tej stronie mo\u017cesz zarejestrowa\u0107 si\u0119 na kurs j\u0119zykowy. Formularz rejestracyjny na kursy j\u0119zykowe w szkole j\u0119zykowej Aktiv Hamburg.","robots":{"index":"index","follow":"follow","max-snippet":"max-snippet:-1","max-image-preview":"max-image-preview:large","max-video-preview":"max-video-preview:-1"},"canonical":"https:\/\/www.sprachschule-aktiv-hamburg.de\/pl\/rejestrowanie\/","og_locale":"pl_PL","og_type":"article","og_title":"Rejestracja na kursy j\u0119zykowe - formularz rejestracyjny Sprachschule Aktiv","og_description":"Na tej stronie mo\u017cesz zarejestrowa\u0107 si\u0119 na kurs j\u0119zykowy. Formularz rejestracyjny na kursy j\u0119zykowe w szkole j\u0119zykowej Aktiv Hamburg.","og_url":"https:\/\/www.sprachschule-aktiv-hamburg.de\/pl\/rejestrowanie\/","og_site_name":"Sprachschule Hamburg","article_modified_time":"2020-09-01T07:51:20+00:00","twitter_card":"summary_large_image","schema":{"@context":"https:\/\/schema.org","@graph":[{"@type":"WebPage","@id":"https:\/\/www.sprachschule-aktiv-hamburg.de\/pl\/rejestrowanie\/","url":"https:\/\/www.sprachschule-aktiv-hamburg.de\/pl\/rejestrowanie\/","name":"Rejestracja na kursy j\u0119zykowe - formularz rejestracyjny Sprachschule Aktiv","isPartOf":{"@id":"https:\/\/www.sprachschule-aktiv-hamburg.de\/#website"},"datePublished":"2018-01-12T06:24:00+00:00","dateModified":"2020-09-01T07:51:20+00:00","description":"Na tej stronie mo\u017cesz zarejestrowa\u0107 si\u0119 na kurs j\u0119zykowy. Formularz rejestracyjny na kursy j\u0119zykowe w szkole j\u0119zykowej Aktiv Hamburg.","breadcrumb":{"@id":"https:\/\/www.sprachschule-aktiv-hamburg.de\/pl\/rejestrowanie\/#breadcrumb"},"inLanguage":"pl-PL","potentialAction":[{"@type":"ReadAction","target":["https:\/\/www.sprachschule-aktiv-hamburg.de\/pl\/rejestrowanie\/"]}]},{"@type":"BreadcrumbList","@id":"https:\/\/www.sprachschule-aktiv-hamburg.de\/pl\/rejestrowanie\/#breadcrumb","itemListElement":[{"@type":"ListItem","position":1,"name":"Startseite","item":"https:\/\/www.sprachschule-aktiv-hamburg.de\/pl\/"},{"@type":"ListItem","position":2,"name":"Zapisz si\u0119!"}]},{"@type":"WebSite","@id":"https:\/\/www.sprachschule-aktiv-hamburg.de\/#website","url":"https:\/\/www.sprachschule-aktiv-hamburg.de\/","name":"Sprachschule Hamburg","description":"","potentialAction":[{"@type":"SearchAction","target":{"@type":"EntryPoint","urlTemplate":"https:\/\/www.sprachschule-aktiv-hamburg.de\/?s={search_term_string}"},"query-input":{"@type":"PropertyValueSpecification","valueRequired":true,"valueName":"search_term_string"}}],"inLanguage":"pl-PL"}]}},"_links":{"self":[{"href":"https:\/\/www.sprachschule-aktiv-hamburg.de\/pl\/wp-json\/wp\/v2\/pages\/4141","targetHints":{"allow":["GET"]}}],"collection":[{"href":"https:\/\/www.sprachschule-aktiv-hamburg.de\/pl\/wp-json\/wp\/v2\/pages"}],"about":[{"href":"https:\/\/www.sprachschule-aktiv-hamburg.de\/pl\/wp-json\/wp\/v2\/types\/page"}],"author":[{"embeddable":true,"href":"https:\/\/www.sprachschule-aktiv-hamburg.de\/pl\/wp-json\/wp\/v2\/users\/1"}],"replies":[{"embeddable":true,"href":"https:\/\/www.sprachschule-aktiv-hamburg.de\/pl\/wp-json\/wp\/v2\/comments?post=4141"}],"version-history":[{"count":2,"href":"https:\/\/www.sprachschule-aktiv-hamburg.de\/pl\/wp-json\/wp\/v2\/pages\/4141\/revisions"}],"predecessor-version":[{"id":4144,"href":"https:\/\/www.sprachschule-aktiv-hamburg.de\/pl\/wp-json\/wp\/v2\/pages\/4141\/revisions\/4144"}],"wp:attachment":[{"href":"https:\/\/www.sprachschule-aktiv-hamburg.de\/pl\/wp-json\/wp\/v2\/media?parent=4141"}],"curies":[{"name":"wp","href":"https:\/\/api.w.org\/{rel}","templated":true}]}}