{"id":941,"date":"2018-01-11T18:49:20","date_gmt":"2018-01-11T17:49:20","guid":{"rendered":"https:\/\/www.sprachschule-aktiv-hamburg.de\/home\/"},"modified":"2022-12-30T17:59:14","modified_gmt":"2022-12-30T16:59:14","slug":"home","status":"publish","type":"page","link":"https:\/\/www.sprachschule-aktiv-hamburg.de\/it\/","title":{"rendered":"Home"},"content":{"rendered":"<p>[vc_row full_width=&#8221;stretch_row_content_no_spaces&#8221;][vc_column][vc_single_image image=&#8221;4383&#8243; img_size=&#8221;full&#8221; alignment=&#8221;center&#8221; onclick=&#8221;custom_link&#8221; link=&#8221;https:\/\/www.sprachschule-aktiv-hamburg.de\/it\/inscrizione-scuola-lingua-amburgo\/&#8221;][\/vc_column][\/vc_row][vc_row css=&#8221;.vc_custom_1538648120619{margin-top: 20px !important;}&#8221;][vc_column][vc_column_text]<\/p>\n<h1>Imparare il tedesco ad Amburgo \u2013 corsi di tedesco nella nostra scuola di lingue tedesca<\/h1>\n<p>Imparare il tedesco ad Amburgo \u00e8 facile. La scuola di lingue Aktiv di Amburgo offre corsi di tedesco che sono fatti su misura per ogni tipo di necessit\u00e0. I nostri insegnanti di lingua le trasmetteranno non solo le conoscenze linguistiche, ma anche la cultura stessa del paese. Spesso gli insegnanti organizzano anche gite con i propri studenti, in questo modo potr\u00e0 trovarsi con i compagni e avere la possibilit\u00e0 di parlare in tedesco.<\/p>\n<p><iframe title=\"YouTube video player\" src=\"https:\/\/www.youtube.com\/embed\/mqoyiKrwrUs\" width=\"560\" height=\"315\" frameborder=\"0\" allowfullscreen=\"allowfullscreen\"><\/iframe>[\/vc_column_text][\/vc_column][\/vc_row][vc_row full_width=&#8221;stretch_row&#8221; css=&#8221;.vc_custom_1538648473780{padding-top: 10px !important;padding-bottom: 25px !important;background-color: #f9f9f9 !important;}&#8221;][vc_column][vc_column_text]<\/p>\n<h2>Corsi di tedesco ad Amburgo per principianti e per studenti avanzati &#8211; dal livello a1 fino al c1<\/h2>\n<p>Un corso di tedesco ad Amburgo \u00e8 adatto sia a principianti che a studenti di livello avanzato. Non importa quale livello uno abbia gi\u00e0 raggiunto, da noi sar\u00e0 sempre il benvenuto! Il quadro comune europeo di riferimento per la conoscenza delle lingue divide i livelli in A1, A2, B1, B2, C1 e C2. I principianti senza conoscenze di base sono indirizzati verso il livello A1. I corsi B sono invece pensati per gli studenti avanzati. Chi dovesse conoscere la lingua tedesca gi\u00e0 quasi perfettamente,\u00a0 qui da noi troverebbe comunque un corso adatto. Il prorpio inserimento in un corso adeguato \u00e8 molto importante e tuttavia non \u00e8 sempre facile. Per questo motivo utilizziamo un test di valutazione del livello da noi stessi sviluppato, che si pu\u00f2 svolgere comodamente online. Se uno dovesse invece trovarsi ad Amburgo, ci venga a trovare nelle nostre aule! Potr\u00e0 svolgere il test anche da qui.<\/p>\n<h2>Ad Amburgo le offriamo diverse tipologie di corsi<\/h2>\n<p>Le lezioni serali sono\u00a0 la modalit\u00e0 pi\u00f9 classica per imparare una lingua. Per molti dei nostri studenti questa \u00e8 la soluzione ottimale. Tuttavia, in questo modo, si progredisce lentamente. Se si vuole imparare il tedesco il pi\u00f9 velocemente possibile, allora la scelta migliore ricade su un corso intensivo: ci si incontra tutti i giorni all&#8217;interno di un gruppo di apprendimento e in poco tempo si sar\u00e0 perfettamente in grado di intrattenere qualcuno in tedesco.<\/p>\n<p>Ovviamente ad Amburgo possiamo anche procurare ottimi insegnanti privati. I corsi privati sono ottimi, soprattutto se si abita fuori Amburgo. Il nostro corpo docenti si concentrer\u00e0 proprio su ci\u00f2 di cui lo studente avr\u00e0 bisogno e lui potr\u00e0 ovviamente decidere il luogo, l&#8217;orario e la frequenza delle lezioni.[\/vc_column_text][\/vc_column][\/vc_row][vc_row css=&#8221;.vc_custom_1538648446418{margin-top: 15px !important;}&#8221;][vc_column][vc_column_text]<\/p>\n<h2>Le lezioni di tedesco si svolgono all&#8217;interno di piccoli gruppi<\/h2>\n<p>Le dimensioni del gruppo sono molto importanti per il successo nell\u2019apprendimento di una lingua., ecco perch\u00e9 noi dividiamo volontariamente i nostri studenti in piccoli gruppi. In questo modo non ci sar\u00e0 nessun rischio di \u201cperdersi nella folla\u201d. Durante ogni ora di lezione si avr\u00e0 l\u2019opportunit\u00e0 di parlare in tedesco e solo in questo modo sar\u00e0 possibile imparare la lingua velocemente. Inoltre, non c\u2019\u00e8 pericolo di prendere erroneamente a modello un altro studente durante le lezioni.<\/p>\n<h2>I nostri insegnanti le offrono pi\u00fa che semplici lezioni di lingua<\/h2>\n<p>I nostri inseganti di tedesco sono madrelingua. Non c&#8217;\u00e8 nemmeno bisogno di specificarlo, perch\u00e9 noi lo diamo per scontato. Inoltre, se possibile, cerchiamo pedagogisti esperti, affinch\u00e9 la lezione sia ben strutturata e si svolga secondo nozioni pedagogiche. Tuttavia, per noi, non \u00e8 importante solamente la perfetta trasmissione della lingua, ma lo \u00e8 anche il divertimento durante la lezione. Per questo motivo ci sinceriamo che gli insegnanti di lingua ad Amburgo siano simpatici e amichevoli. Di solito i nostri insegnanti non si accontentano solamente di trasmettere conoscenze linguistiche, ma si trattengono insieme al gruppo anche dopo l\u2019ora di lezione, vanno insieme al bar e talvolta organizzano anche delle gite.[\/vc_column_text][\/vc_column][\/vc_row][vc_row full_width=&#8221;stretch_row&#8221; css=&#8221;.vc_custom_1538648658554{padding-top: 10px !important;padding-bottom: 25px !important;background-color: #f9f9f9 !important;}&#8221;][vc_column][vc_column_text]<\/p>\n<h2>Frequentare senza rischi un corso di tedesco ad Amburgo<\/h2>\n<p>[\/vc_column_text][vc_row_inner][vc_column_inner width=&#8221;1\/2&#8243;][vc_column_text]<img decoding=\"async\" class=\"alignnone wp-image-12 size-full\" src=\"https:\/\/www.sprachschule-aktiv-hamburg.de\/wp-content\/uploads\/sites\/13\/2018\/01\/sprachschule-hamburg-persoenliche-betreuung.jpg\" alt=\"Firmenkurs in Hamburg: Englisch, Deutsch, Spanisch, Chinesisch, Japanisch Sprachkurse\" width=\"600\" height=\"352\" \/>[\/vc_column_text][\/vc_column_inner][vc_column_inner width=&#8221;1\/2&#8243;][vc_column_text]Qualunque sia il corso che ha deciso di frequentare, da noi disporr\u00e0 sempre di una lezione di prova gratuita, che potr\u00e0 prenotare anche singolarmente. In alternativa, la prima ora di lezione potr\u00e0 valere come prova. Se non dovesse essere pienamente soddisfatto della performance dell\u2018insegnante, si potr\u00e0 ritirare dal corso.[\/vc_column_text][\/vc_column_inner][\/vc_row_inner][vc_column_text]<\/p>\n<h2>Panoramica e prezzi dei corsi di tedesco ad Amburgo<\/h2>\n<p>Corso intensivo di tedesco (giornaliero dal luned\u00ec al venerd\u00ec), prezzo per un mese \u20ac 549 (prezzi per corsi pi\u00f9 lunghi su richiesta)<br \/>\nLe lezioni si svolgono sempre dalle 9:00 alle 12:00 (2-4 partecipanti fino alle 11:00).<br \/>\nCorso serale di tedesco (8\u00d7135 minuti al mese, due volte a settimana dalle 18:00 alle 20:15), il prezzo \u00e8 di \u20ac 259 per quattro settimane e \u20ac 549 per 12 settimane<br \/>\nCorso di tedesco per coppie (12\u00d790 minuti, gli orari sono flessibili, massimo 2 partecipanti), il prezzo \u00e8 di \u20ac 389 a partecipante<br \/>\nIl corso di tedesco privato (pacchetto mini\/medio e massimo possibile), il prezzo \u00e8 di \u20ac 420, \u20ac 800 e \u20ac 1.140 per appuntamenti flessibili di 5, 10 o 15\u00d790 minuti[\/vc_column_text][\/vc_column][\/vc_row]<\/p>\n","protected":false},"excerpt":{"rendered":"<p>[vc_row full_width=&#8221;stretch_row_content_no_spaces&#8221;][vc_column][vc_single_image image=&#8221;4383&#8243; img_size=&#8221;full&#8221; alignment=&#8221;center&#8221; onclick=&#8221;custom_link&#8221; link=&#8221;https:\/\/www.sprachschule-aktiv-hamburg.de\/it\/inscrizione-scuola-lingua-amburgo\/&#8221;][\/vc_column][\/vc_row][vc_row css=&#8221;.vc_custom_1538648120619{margin-top: 20px !important;}&#8221;][vc_column][vc_column_text] Imparare il tedesco ad Amburgo \u2013 corsi di tedesco nella nostra scuola di lingue tedesca Imparare il tedesco ad Amburgo \u00e8 facile. La scuola di lingue Aktiv di Amburgo offre corsi di tedesco che sono fatti su misura per ogni tipo di necessit\u00e0. I nostri&hellip; <a class=\"read-more\" href=\"https:\/\/www.sprachschule-aktiv-hamburg.de\/it\/\" title=\"Read Home\">Read more &raquo;<\/a><\/p>\n","protected":false},"author":1,"featured_media":0,"parent":0,"menu_order":0,"comment_status":"closed","ping_status":"closed","template":"","meta":{"footnotes":""},"class_list":["post-941","page","type-page","status-publish","hentry"],"yoast_head":"<!-- This site is optimized with the Yoast SEO plugin v27.1.1 - https:\/\/yoast.com\/product\/yoast-seo-wordpress\/ -->\n<title>Corsi di tedesco ad Amburgo - Imparare il tedesco - Scuola di lingua<\/title>\n<meta name=\"description\" content=\"Corsi di tedesco nella nostra scuola di lingua tedesca ad Amburgo. Corso di tedesco ad Amburgo per principianti e avanzati - dal livello A1, A2, B1, B2, C1\" \/>\n<meta name=\"robots\" content=\"index, follow, max-snippet:-1, max-image-preview:large, max-video-preview:-1\" \/>\n<link rel=\"canonical\" href=\"https:\/\/www.sprachschule-aktiv-hamburg.de\/it\/\" \/>\n<meta property=\"og:locale\" content=\"it_IT\" \/>\n<meta property=\"og:type\" content=\"article\" \/>\n<meta property=\"og:title\" content=\"Corsi di tedesco ad Amburgo - Imparare il tedesco - Scuola di lingua\" \/>\n<meta property=\"og:description\" content=\"Corsi di tedesco nella nostra scuola di lingua tedesca ad Amburgo. Corso di tedesco ad Amburgo per principianti e avanzati - dal livello A1, A2, B1, B2, C1\" \/>\n<meta property=\"og:url\" content=\"https:\/\/www.sprachschule-aktiv-hamburg.de\/it\/\" \/>\n<meta property=\"og:site_name\" content=\"Sprachschule Hamburg\" \/>\n<meta property=\"article:modified_time\" content=\"2022-12-30T16:59:14+00:00\" \/>\n<meta property=\"og:image\" content=\"https:\/\/www.sprachschule-aktiv-hamburg.de\/wp-content\/uploads\/sites\/13\/2018\/01\/sprachschule-hamburg-persoenliche-betreuung.jpg\" \/>\n<meta name=\"twitter:card\" content=\"summary_large_image\" \/>\n<meta name=\"twitter:label1\" content=\"Tempo di lettura stimato\" \/>\n\t<meta name=\"twitter:data1\" content=\"5 minuti\" \/>\n<script type=\"application\/ld+json\" class=\"yoast-schema-graph\">{\"@context\":\"https:\/\/schema.org\",\"@graph\":[{\"@type\":\"WebPage\",\"@id\":\"https:\/\/www.sprachschule-aktiv-hamburg.de\/it\/\",\"url\":\"https:\/\/www.sprachschule-aktiv-hamburg.de\/it\/\",\"name\":\"Corsi di tedesco ad Amburgo - Imparare il tedesco - Scuola di lingua\",\"isPartOf\":{\"@id\":\"https:\/\/www.sprachschule-aktiv-hamburg.de\/#website\"},\"primaryImageOfPage\":{\"@id\":\"https:\/\/www.sprachschule-aktiv-hamburg.de\/it\/#primaryimage\"},\"image\":{\"@id\":\"https:\/\/www.sprachschule-aktiv-hamburg.de\/it\/#primaryimage\"},\"thumbnailUrl\":\"https:\/\/www.sprachschule-aktiv-hamburg.de\/wp-content\/uploads\/sites\/13\/2018\/01\/sprachschule-hamburg-persoenliche-betreuung.jpg\",\"datePublished\":\"2018-01-11T17:49:20+00:00\",\"dateModified\":\"2022-12-30T16:59:14+00:00\",\"description\":\"Corsi di tedesco nella nostra scuola di lingua tedesca ad Amburgo. Corso di tedesco ad Amburgo per principianti e avanzati - dal livello A1, A2, B1, B2, C1\",\"breadcrumb\":{\"@id\":\"https:\/\/www.sprachschule-aktiv-hamburg.de\/it\/#breadcrumb\"},\"inLanguage\":\"it-IT\",\"potentialAction\":[{\"@type\":\"ReadAction\",\"target\":[\"https:\/\/www.sprachschule-aktiv-hamburg.de\/it\/\"]}]},{\"@type\":\"ImageObject\",\"inLanguage\":\"it-IT\",\"@id\":\"https:\/\/www.sprachschule-aktiv-hamburg.de\/it\/#primaryimage\",\"url\":\"https:\/\/www.sprachschule-aktiv-hamburg.de\/wp-content\/uploads\/sites\/13\/2018\/01\/sprachschule-hamburg-persoenliche-betreuung.jpg\",\"contentUrl\":\"https:\/\/www.sprachschule-aktiv-hamburg.de\/wp-content\/uploads\/sites\/13\/2018\/01\/sprachschule-hamburg-persoenliche-betreuung.jpg\"},{\"@type\":\"BreadcrumbList\",\"@id\":\"https:\/\/www.sprachschule-aktiv-hamburg.de\/it\/#breadcrumb\",\"itemListElement\":[{\"@type\":\"ListItem\",\"position\":1,\"name\":\"Startseite\",\"item\":\"https:\/\/www.sprachschule-aktiv-hamburg.de\/it\/\"},{\"@type\":\"ListItem\",\"position\":2,\"name\":\"Home\"}]},{\"@type\":\"WebSite\",\"@id\":\"https:\/\/www.sprachschule-aktiv-hamburg.de\/#website\",\"url\":\"https:\/\/www.sprachschule-aktiv-hamburg.de\/\",\"name\":\"Sprachschule Hamburg\",\"description\":\"\",\"potentialAction\":[{\"@type\":\"SearchAction\",\"target\":{\"@type\":\"EntryPoint\",\"urlTemplate\":\"https:\/\/www.sprachschule-aktiv-hamburg.de\/?s={search_term_string}\"},\"query-input\":{\"@type\":\"PropertyValueSpecification\",\"valueRequired\":true,\"valueName\":\"search_term_string\"}}],\"inLanguage\":\"it-IT\"}]}<\/script>\n<!-- \/ Yoast SEO plugin. -->","yoast_head_json":{"title":"Corsi di tedesco ad Amburgo - Imparare il tedesco - Scuola di lingua","description":"Corsi di tedesco nella nostra scuola di lingua tedesca ad Amburgo. Corso di tedesco ad Amburgo per principianti e avanzati - dal livello A1, A2, B1, B2, C1","robots":{"index":"index","follow":"follow","max-snippet":"max-snippet:-1","max-image-preview":"max-image-preview:large","max-video-preview":"max-video-preview:-1"},"canonical":"https:\/\/www.sprachschule-aktiv-hamburg.de\/it\/","og_locale":"it_IT","og_type":"article","og_title":"Corsi di tedesco ad Amburgo - Imparare il tedesco - Scuola di lingua","og_description":"Corsi di tedesco nella nostra scuola di lingua tedesca ad Amburgo. Corso di tedesco ad Amburgo per principianti e avanzati - dal livello A1, A2, B1, B2, C1","og_url":"https:\/\/www.sprachschule-aktiv-hamburg.de\/it\/","og_site_name":"Sprachschule Hamburg","article_modified_time":"2022-12-30T16:59:14+00:00","og_image":[{"url":"https:\/\/www.sprachschule-aktiv-hamburg.de\/wp-content\/uploads\/sites\/13\/2018\/01\/sprachschule-hamburg-persoenliche-betreuung.jpg","type":"","width":"","height":""}],"twitter_card":"summary_large_image","twitter_misc":{"Tempo di lettura stimato":"5 minuti"},"schema":{"@context":"https:\/\/schema.org","@graph":[{"@type":"WebPage","@id":"https:\/\/www.sprachschule-aktiv-hamburg.de\/it\/","url":"https:\/\/www.sprachschule-aktiv-hamburg.de\/it\/","name":"Corsi di tedesco ad Amburgo - Imparare il tedesco - Scuola di lingua","isPartOf":{"@id":"https:\/\/www.sprachschule-aktiv-hamburg.de\/#website"},"primaryImageOfPage":{"@id":"https:\/\/www.sprachschule-aktiv-hamburg.de\/it\/#primaryimage"},"image":{"@id":"https:\/\/www.sprachschule-aktiv-hamburg.de\/it\/#primaryimage"},"thumbnailUrl":"https:\/\/www.sprachschule-aktiv-hamburg.de\/wp-content\/uploads\/sites\/13\/2018\/01\/sprachschule-hamburg-persoenliche-betreuung.jpg","datePublished":"2018-01-11T17:49:20+00:00","dateModified":"2022-12-30T16:59:14+00:00","description":"Corsi di tedesco nella nostra scuola di lingua tedesca ad Amburgo. Corso di tedesco ad Amburgo per principianti e avanzati - dal livello A1, A2, B1, B2, C1","breadcrumb":{"@id":"https:\/\/www.sprachschule-aktiv-hamburg.de\/it\/#breadcrumb"},"inLanguage":"it-IT","potentialAction":[{"@type":"ReadAction","target":["https:\/\/www.sprachschule-aktiv-hamburg.de\/it\/"]}]},{"@type":"ImageObject","inLanguage":"it-IT","@id":"https:\/\/www.sprachschule-aktiv-hamburg.de\/it\/#primaryimage","url":"https:\/\/www.sprachschule-aktiv-hamburg.de\/wp-content\/uploads\/sites\/13\/2018\/01\/sprachschule-hamburg-persoenliche-betreuung.jpg","contentUrl":"https:\/\/www.sprachschule-aktiv-hamburg.de\/wp-content\/uploads\/sites\/13\/2018\/01\/sprachschule-hamburg-persoenliche-betreuung.jpg"},{"@type":"BreadcrumbList","@id":"https:\/\/www.sprachschule-aktiv-hamburg.de\/it\/#breadcrumb","itemListElement":[{"@type":"ListItem","position":1,"name":"Startseite","item":"https:\/\/www.sprachschule-aktiv-hamburg.de\/it\/"},{"@type":"ListItem","position":2,"name":"Home"}]},{"@type":"WebSite","@id":"https:\/\/www.sprachschule-aktiv-hamburg.de\/#website","url":"https:\/\/www.sprachschule-aktiv-hamburg.de\/","name":"Sprachschule Hamburg","description":"","potentialAction":[{"@type":"SearchAction","target":{"@type":"EntryPoint","urlTemplate":"https:\/\/www.sprachschule-aktiv-hamburg.de\/?s={search_term_string}"},"query-input":{"@type":"PropertyValueSpecification","valueRequired":true,"valueName":"search_term_string"}}],"inLanguage":"it-IT"}]}},"_links":{"self":[{"href":"https:\/\/www.sprachschule-aktiv-hamburg.de\/it\/wp-json\/wp\/v2\/pages\/941","targetHints":{"allow":["GET"]}}],"collection":[{"href":"https:\/\/www.sprachschule-aktiv-hamburg.de\/it\/wp-json\/wp\/v2\/pages"}],"about":[{"href":"https:\/\/www.sprachschule-aktiv-hamburg.de\/it\/wp-json\/wp\/v2\/types\/page"}],"author":[{"embeddable":true,"href":"https:\/\/www.sprachschule-aktiv-hamburg.de\/it\/wp-json\/wp\/v2\/users\/1"}],"replies":[{"embeddable":true,"href":"https:\/\/www.sprachschule-aktiv-hamburg.de\/it\/wp-json\/wp\/v2\/comments?post=941"}],"version-history":[{"count":11,"href":"https:\/\/www.sprachschule-aktiv-hamburg.de\/it\/wp-json\/wp\/v2\/pages\/941\/revisions"}],"predecessor-version":[{"id":7147,"href":"https:\/\/www.sprachschule-aktiv-hamburg.de\/it\/wp-json\/wp\/v2\/pages\/941\/revisions\/7147"}],"wp:attachment":[{"href":"https:\/\/www.sprachschule-aktiv-hamburg.de\/it\/wp-json\/wp\/v2\/media?parent=941"}],"curies":[{"name":"wp","href":"https:\/\/api.w.org\/{rel}","templated":true}]}}