{"id":2064,"date":"2018-01-11T18:49:20","date_gmt":"2018-01-11T17:49:20","guid":{"rendered":"https:\/\/www.sprachschule-aktiv-hamburg.de\/home\/"},"modified":"2022-12-30T18:15:34","modified_gmt":"2022-12-30T17:15:34","slug":"home","status":"publish","type":"page","link":"https:\/\/www.sprachschule-aktiv-hamburg.de\/fr\/","title":{"rendered":"Home"},"content":{"rendered":"<p>[vc_row full_width=&#8221;stretch_row_content_no_spaces&#8221;][vc_column][vc_single_image image=&#8221;4413&#8243; img_size=&#8221;full&#8221; alignment=&#8221;center&#8221; onclick=&#8221;custom_link&#8221; link=&#8221;https:\/\/www.sprachschule-aktiv-hamburg.de\/fr\/inscrivez-vous\/&#8221;][\/vc_column][\/vc_row][vc_row css=&#8221;.vc_custom_1612953529486{margin-top: 20px !important;}&#8221;][vc_column][vc_column_text]<\/p>\n<h1>Apprendre l&#8217;allemand \u00e0 Hambourg, c\u2019est chose facile<\/h1>\n<p>L&#8217;\u00e9cole de langues Aktiv \u00e0 Hambourg vous propose des cours d&#8217;allemand parfaitement adapt\u00e9s \u00e0 vos besoins. Nos professeurs de langues ne vous enseignent pas seulement la langue, mais aussi la culture du pays. Il est fr\u00e9quent que les professeurs fassent des sorties avec leurs classes, ce qui vous permet de rencontrer de nouvelles personnes et de communiquer en allemand.<\/p>\n<p><iframe title=\"YouTube video player\" src=\"https:\/\/www.youtube.com\/embed\/mqoyiKrwrUs\" width=\"560\" height=\"315\" frameborder=\"0\" allowfullscreen=\"allowfullscreen\"><\/iframe>[\/vc_column_text][\/vc_column][vc_column][\/vc_column][vc_column][\/vc_column][\/vc_row][vc_row full_width=&#8221;stretch_row&#8221; css=&#8221;.vc_custom_1538648473780{padding-top: 10px !important;padding-bottom: 25px !important;background-color: #f9f9f9 !important;}&#8221;][vc_column][vc_column_text]<\/p>\n<h2>Cours d&#8217;allemand \u00e0 Hambourg &#8211; d\u00e9butants \u00e0 avanc\u00e9s A1 \u00e0 C2<\/h2>\n<p>Les cours d&#8217;allemand \u00e0 Hambourg convient aux d\u00e9butants et aux avanc\u00e9s. Peu importe le niveau actuel, vous \u00eates la bienvenue. Le cadre europ\u00e9en de r\u00e9f\u00e9rence pour les langues se divise en plusieurs niveaux de langue A1, A2, B1, B2, C1 et C2.<\/p>\n<p>Les d\u00e9butants sans connaissances de base seront redirig\u00e9s vers A1. Les cours B sont destin\u00e9s aux apprenants avanc\u00e9s. Ceux qui ma\u00eetrisent d\u00e9j\u00e0 presque parfaitement la langue allemande trouveront \u00e9galement un cours adapt\u00e9. Nous accordons une grande importance \u00e0 ce que chaque \u00e9l\u00e8ve soit dans des cours adapt\u00e9s \u00e0 leur niveau de langue. Pour se faire, nous utilisons un test de placement d\u00e9velopp\u00e9 par nos soins. Il peut \u00eatre fait en ligne, sur notre site internet ou si vous vous trouvez d\u00e9j\u00e0 \u00e0 Hambourg, vous pouvez le faire dans notre \u00e9cole. Cela vous permettra de visiter nos belles salles de classes.<\/p>\n<p><span class=\"tlid-translation translation\" lang=\"fr\"><span class=\"\" title=\"\">Si vous venez d&#8217;un pays non membre de l&#8217;UE, vous pouvez toujours avoir besoin d&#8217;une assurance maladie de notre partenaire <a href=\"https:\/\/www.care-concept.de\/krankenversicherung\/sprachschueler_und_studenten\/auslaendische_studenten_versicherung_e-antrag_fra.php?navilang=fra&amp;vmnr=9004450055&amp;mail=info@sprachschule-aktiv-hamburg.de\">Care Concept AG<\/a>.<\/span><\/span><\/p>\n<h2>A Hambourg, nous proposons diff\u00e9rents types de cours<\/h2>\n<p>Les cours du soir sont la m\u00e9thode la plus r\u00e9pandue pour apprendre une langue. Pour beaucoup de personnes, c\u2019est la solution id\u00e9ale. Cependant, vous progressez plut\u00f4t lentement.<\/p>\n<p>Si votre objectif est d\u2019apprendre l\u2019Allemand le plus rapidement possible, nous vous conseillons les cours intensifs. Ces cours sont enseign\u00e9s en petit groupe et cela tous les jours. En suivant ces cours, vous pourrez tenir une discussion en allemand incessamment sous peu.<\/p>\n<p>Bien entendu, nous organisons \u00e9galement de bons professeurs particuliers \u00e0 Hambourg. Surtout si vous habitez en dehors de Hambourg, cela peut \u00eatre id\u00e9ale pour vous. Le professeur enseigne exactement les sujets dont vous avez besoin. Le professeur et vous-m\u00eame pouvez librement d\u00e9terminer le lieu, l&#8217;heure et le rythme des cours.[\/vc_column_text][\/vc_column][\/vc_row][vc_row css=&#8221;.vc_custom_1538648446418{margin-top: 15px !important;}&#8221;][vc_column][vc_column_text]<\/p>\n<h2>Les cours d&#8217;allemand ont lieu en petits groupes<\/h2>\n<p>Dans l\u2019apprentissage d\u2019une langue, le groupe lui-m\u00eame et sa taille ont un fort impact sur la r\u00e9ussite de l\u2019apprentissage. C\u2019est donc un \u00e9l\u00e9ment auquel il faut accorder une intention particuli\u00e8re. Nous avons fait le choix de ne dispenser nos cours qu\u2019en petits groupes. Vous ne risquez donc pas d\u2019\u00eatre \u00e9vinc\u00e9s. Donc chaque le\u00e7on vous donne la possibilit\u00e9 de vous exprimer en allemand et de s\u2019exprimer dans la langue ou les langues que vous avez choisies et enfin cela vous permettra de vous am\u00e9liorer rapidement et efficacement.<\/p>\n<h2>Nos professeurs dispensent des cours, mais partagent aussi leur culture<\/h2>\n<p>Nos professeurs ont l\u2019allemand comme langue maternelle, c\u2019est l\u2019une de nos exigences. De plus, nous ne recrutons que des \u00e9ducateurs qui ont de fortes comp\u00e9tences p\u00e9dagogiques.<\/p>\n<p>Nous voulons que vous progressiez, mais que surtout vous le fassiez dans la joie et la bonne humeur. Et c\u2019est pour cela que nous proposons une \u00e9ducation linguistique parfaite. Nous enseignons tout en s\u00b4amusant avec les \u00e9l\u00e8ves. Pour cette raison, nous veillons \u00e0 ce que votre professeur de langue \u00e0 Hambourg soit sympathique. La plupart ne se contentent pas seulement de prodiguer les cours,\u00a0 ils \u00e9changent et discutent avec le groupe aussi et parfois m\u00eame ils font d\u00e9couvrir la culture allemande par des visites culturelles ou bien m\u00eame en prenant un caf\u00e9.[\/vc_column_text][\/vc_column][\/vc_row][vc_row full_width=&#8221;stretch_row&#8221; css=&#8221;.vc_custom_1538648658554{padding-top: 10px !important;padding-bottom: 25px !important;background-color: #f9f9f9 !important;}&#8221;][vc_column][vc_column_text]<\/p>\n<h2>Suivez nos cours d\u2019allemand \u00e0 Hambourg sans risque<\/h2>\n<p>Peu importe le cours que vous choisissez, vous aurez le droit \u00e0 un cours d\u2019essai et cela gratuitement. Soit vous pouvez r\u00e9server toutes les heures en m\u00eame temps et le premier cours sera consid\u00e9r\u00e9 comme un cours d\u2019essai soit vous pouvez le r\u00e9server s\u00e9par\u00e9ment.[\/vc_column_text][vc_row_inner][vc_column_inner width=&#8221;1\/2&#8243;][vc_column_text]<img decoding=\"async\" class=\"aligncenter size-full wp-image-766\" src=\"https:\/\/www.sprachschule-aktiv-hamburg.de\/wp-content\/uploads\/2018\/12\/cursos-de-aleman-hamburgo.jpg\" alt=\"Apprendre l'allemand \u00e0 Hambourg c\u2019est chose facile\" width=\"600\" height=\"352\" srcset=\"https:\/\/www.sprachschule-aktiv-hamburg.de\/wp-content\/uploads\/2018\/12\/cursos-de-aleman-hamburgo.jpg 600w, https:\/\/www.sprachschule-aktiv-hamburg.de\/wp-content\/uploads\/2018\/12\/cursos-de-aleman-hamburgo-300x176.jpg 300w, https:\/\/www.sprachschule-aktiv-hamburg.de\/wp-content\/uploads\/2018\/12\/cursos-de-aleman-hamburgo-124x74.jpg 124w\" sizes=\"(max-width: 600px) 100vw, 600px\" \/>[\/vc_column_text][\/vc_column_inner][vc_column_inner width=&#8221;1\/2&#8243;][\/vc_column_inner][\/vc_row_inner][\/vc_column][\/vc_row][vc_row][vc_column][vc_column_text]<\/p>\n<h2>Aper\u00e7u et tarifs des cours d&#8217;allemand \u00e0 Hambourg<\/h2>\n<p>Cours intensif d&#8217;allemand (tous les jours du lundi au vendredi), prix pour un mois 549 \u20ac (prix pour les r\u00e9servations de cours plus longs sur demande)<br \/>\nLes cours ont toujours lieu entre 9h00 et 12h00 (2-4 participants jusqu&#8217;\u00e0 11h00).<br \/>\nCours d&#8217;allemand du soir (8\u00d7135 minutes par mois, deux fois par semaine de 18h00 \u00e0 20h15), le prix est de 259 \u20ac pour quatre semaines et de 549 \u20ac pour 12 semaines<br \/>\nCours d&#8217;allemand pour couples (12\u00d790 minutes, les horaires sont flexibles, maximum 2 participants), le prix est de 389 \u20ac par participant<br \/>\nLe cours particulier d&#8217;allemand (mini\/moyen et forfait maximum possible), le prix est de 420 \u20ac, 800 \u20ac, et 1140 \u20ac pour des rendez-vous flexibles de 5, 10 ou 15\u00d790 minutes[\/vc_column_text][\/vc_column][\/vc_row]<\/p>\n","protected":false},"excerpt":{"rendered":"<p>[vc_row full_width=&#8221;stretch_row_content_no_spaces&#8221;][vc_column][vc_single_image image=&#8221;4413&#8243; img_size=&#8221;full&#8221; alignment=&#8221;center&#8221; onclick=&#8221;custom_link&#8221; link=&#8221;https:\/\/www.sprachschule-aktiv-hamburg.de\/fr\/inscrivez-vous\/&#8221;][\/vc_column][\/vc_row][vc_row css=&#8221;.vc_custom_1612953529486{margin-top: 20px !important;}&#8221;][vc_column][vc_column_text] Apprendre l&#8217;allemand \u00e0 Hambourg, c\u2019est chose facile L&#8217;\u00e9cole de langues Aktiv \u00e0 Hambourg vous propose des cours d&#8217;allemand parfaitement adapt\u00e9s \u00e0 vos besoins. Nos professeurs de langues ne vous enseignent pas seulement la langue, mais aussi la culture du pays. Il est fr\u00e9quent que les&hellip; <a class=\"read-more\" href=\"https:\/\/www.sprachschule-aktiv-hamburg.de\/fr\/\" title=\"Read Home\">Read more &raquo;<\/a><\/p>\n","protected":false},"author":1,"featured_media":0,"parent":0,"menu_order":0,"comment_status":"closed","ping_status":"closed","template":"","meta":{"footnotes":""},"class_list":["post-2064","page","type-page","status-publish","hentry"],"yoast_head":"<!-- This site is optimized with the Yoast SEO plugin v27.1.1 - https:\/\/yoast.com\/product\/yoast-seo-wordpress\/ -->\n<title>Apprendre l&#039;allemand \u00e0 Hambourg c\u2019est chose facile<\/title>\n<meta name=\"description\" content=\"Apprendre l&#039;allemand c\u2019est chose facile. L&#039;\u00e9cole de langues Aktiv \u00e0 Hambourg vous propose des cours d&#039;allemand parfaitement adapt\u00e9s \u00e0 vos besoins.\" \/>\n<meta name=\"robots\" content=\"index, follow, max-snippet:-1, max-image-preview:large, max-video-preview:-1\" \/>\n<link rel=\"canonical\" href=\"https:\/\/www.sprachschule-aktiv-hamburg.de\/fr\/\" \/>\n<meta property=\"og:locale\" content=\"fr_FR\" \/>\n<meta property=\"og:type\" content=\"article\" \/>\n<meta property=\"og:title\" content=\"Apprendre l&#039;allemand \u00e0 Hambourg c\u2019est chose facile\" \/>\n<meta property=\"og:description\" content=\"Apprendre l&#039;allemand c\u2019est chose facile. L&#039;\u00e9cole de langues Aktiv \u00e0 Hambourg vous propose des cours d&#039;allemand parfaitement adapt\u00e9s \u00e0 vos besoins.\" \/>\n<meta property=\"og:url\" content=\"https:\/\/www.sprachschule-aktiv-hamburg.de\/fr\/\" \/>\n<meta property=\"og:site_name\" content=\"Sprachschule Hamburg\" \/>\n<meta property=\"article:modified_time\" content=\"2022-12-30T17:15:34+00:00\" \/>\n<meta property=\"og:image\" content=\"https:\/\/www.sprachschule-aktiv-hamburg.de\/wp-content\/uploads\/2018\/12\/cursos-de-aleman-hamburgo.jpg\" \/>\n<meta name=\"twitter:card\" content=\"summary_large_image\" \/>\n<meta name=\"twitter:label1\" content=\"Dur\u00e9e de lecture estim\u00e9e\" \/>\n\t<meta name=\"twitter:data1\" content=\"5 minutes\" \/>\n<script type=\"application\/ld+json\" class=\"yoast-schema-graph\">{\"@context\":\"https:\/\/schema.org\",\"@graph\":[{\"@type\":\"WebPage\",\"@id\":\"https:\/\/www.sprachschule-aktiv-hamburg.de\/fr\/\",\"url\":\"https:\/\/www.sprachschule-aktiv-hamburg.de\/fr\/\",\"name\":\"Apprendre l'allemand \u00e0 Hambourg c\u2019est chose facile\",\"isPartOf\":{\"@id\":\"https:\/\/www.sprachschule-aktiv-hamburg.de\/#website\"},\"primaryImageOfPage\":{\"@id\":\"https:\/\/www.sprachschule-aktiv-hamburg.de\/fr\/#primaryimage\"},\"image\":{\"@id\":\"https:\/\/www.sprachschule-aktiv-hamburg.de\/fr\/#primaryimage\"},\"thumbnailUrl\":\"https:\/\/www.sprachschule-aktiv-hamburg.de\/wp-content\/uploads\/2018\/12\/cursos-de-aleman-hamburgo.jpg\",\"datePublished\":\"2018-01-11T17:49:20+00:00\",\"dateModified\":\"2022-12-30T17:15:34+00:00\",\"description\":\"Apprendre l'allemand c\u2019est chose facile. L'\u00e9cole de langues Aktiv \u00e0 Hambourg vous propose des cours d'allemand parfaitement adapt\u00e9s \u00e0 vos besoins.\",\"breadcrumb\":{\"@id\":\"https:\/\/www.sprachschule-aktiv-hamburg.de\/fr\/#breadcrumb\"},\"inLanguage\":\"fr-FR\",\"potentialAction\":[{\"@type\":\"ReadAction\",\"target\":[\"https:\/\/www.sprachschule-aktiv-hamburg.de\/fr\/\"]}]},{\"@type\":\"ImageObject\",\"inLanguage\":\"fr-FR\",\"@id\":\"https:\/\/www.sprachschule-aktiv-hamburg.de\/fr\/#primaryimage\",\"url\":\"https:\/\/www.sprachschule-aktiv-hamburg.de\/wp-content\/uploads\/2018\/12\/cursos-de-aleman-hamburgo.jpg\",\"contentUrl\":\"https:\/\/www.sprachschule-aktiv-hamburg.de\/wp-content\/uploads\/2018\/12\/cursos-de-aleman-hamburgo.jpg\"},{\"@type\":\"BreadcrumbList\",\"@id\":\"https:\/\/www.sprachschule-aktiv-hamburg.de\/fr\/#breadcrumb\",\"itemListElement\":[{\"@type\":\"ListItem\",\"position\":1,\"name\":\"Startseite\",\"item\":\"https:\/\/www.sprachschule-aktiv-hamburg.de\/fr\/\"},{\"@type\":\"ListItem\",\"position\":2,\"name\":\"Home\"}]},{\"@type\":\"WebSite\",\"@id\":\"https:\/\/www.sprachschule-aktiv-hamburg.de\/#website\",\"url\":\"https:\/\/www.sprachschule-aktiv-hamburg.de\/\",\"name\":\"Sprachschule Hamburg\",\"description\":\"\",\"potentialAction\":[{\"@type\":\"SearchAction\",\"target\":{\"@type\":\"EntryPoint\",\"urlTemplate\":\"https:\/\/www.sprachschule-aktiv-hamburg.de\/?s={search_term_string}\"},\"query-input\":{\"@type\":\"PropertyValueSpecification\",\"valueRequired\":true,\"valueName\":\"search_term_string\"}}],\"inLanguage\":\"fr-FR\"}]}<\/script>\n<!-- \/ Yoast SEO plugin. -->","yoast_head_json":{"title":"Apprendre l'allemand \u00e0 Hambourg c\u2019est chose facile","description":"Apprendre l'allemand c\u2019est chose facile. L'\u00e9cole de langues Aktiv \u00e0 Hambourg vous propose des cours d'allemand parfaitement adapt\u00e9s \u00e0 vos besoins.","robots":{"index":"index","follow":"follow","max-snippet":"max-snippet:-1","max-image-preview":"max-image-preview:large","max-video-preview":"max-video-preview:-1"},"canonical":"https:\/\/www.sprachschule-aktiv-hamburg.de\/fr\/","og_locale":"fr_FR","og_type":"article","og_title":"Apprendre l'allemand \u00e0 Hambourg c\u2019est chose facile","og_description":"Apprendre l'allemand c\u2019est chose facile. L'\u00e9cole de langues Aktiv \u00e0 Hambourg vous propose des cours d'allemand parfaitement adapt\u00e9s \u00e0 vos besoins.","og_url":"https:\/\/www.sprachschule-aktiv-hamburg.de\/fr\/","og_site_name":"Sprachschule Hamburg","article_modified_time":"2022-12-30T17:15:34+00:00","og_image":[{"url":"https:\/\/www.sprachschule-aktiv-hamburg.de\/wp-content\/uploads\/2018\/12\/cursos-de-aleman-hamburgo.jpg","type":"","width":"","height":""}],"twitter_card":"summary_large_image","twitter_misc":{"Dur\u00e9e de lecture estim\u00e9e":"5 minutes"},"schema":{"@context":"https:\/\/schema.org","@graph":[{"@type":"WebPage","@id":"https:\/\/www.sprachschule-aktiv-hamburg.de\/fr\/","url":"https:\/\/www.sprachschule-aktiv-hamburg.de\/fr\/","name":"Apprendre l'allemand \u00e0 Hambourg c\u2019est chose facile","isPartOf":{"@id":"https:\/\/www.sprachschule-aktiv-hamburg.de\/#website"},"primaryImageOfPage":{"@id":"https:\/\/www.sprachschule-aktiv-hamburg.de\/fr\/#primaryimage"},"image":{"@id":"https:\/\/www.sprachschule-aktiv-hamburg.de\/fr\/#primaryimage"},"thumbnailUrl":"https:\/\/www.sprachschule-aktiv-hamburg.de\/wp-content\/uploads\/2018\/12\/cursos-de-aleman-hamburgo.jpg","datePublished":"2018-01-11T17:49:20+00:00","dateModified":"2022-12-30T17:15:34+00:00","description":"Apprendre l'allemand c\u2019est chose facile. L'\u00e9cole de langues Aktiv \u00e0 Hambourg vous propose des cours d'allemand parfaitement adapt\u00e9s \u00e0 vos besoins.","breadcrumb":{"@id":"https:\/\/www.sprachschule-aktiv-hamburg.de\/fr\/#breadcrumb"},"inLanguage":"fr-FR","potentialAction":[{"@type":"ReadAction","target":["https:\/\/www.sprachschule-aktiv-hamburg.de\/fr\/"]}]},{"@type":"ImageObject","inLanguage":"fr-FR","@id":"https:\/\/www.sprachschule-aktiv-hamburg.de\/fr\/#primaryimage","url":"https:\/\/www.sprachschule-aktiv-hamburg.de\/wp-content\/uploads\/2018\/12\/cursos-de-aleman-hamburgo.jpg","contentUrl":"https:\/\/www.sprachschule-aktiv-hamburg.de\/wp-content\/uploads\/2018\/12\/cursos-de-aleman-hamburgo.jpg"},{"@type":"BreadcrumbList","@id":"https:\/\/www.sprachschule-aktiv-hamburg.de\/fr\/#breadcrumb","itemListElement":[{"@type":"ListItem","position":1,"name":"Startseite","item":"https:\/\/www.sprachschule-aktiv-hamburg.de\/fr\/"},{"@type":"ListItem","position":2,"name":"Home"}]},{"@type":"WebSite","@id":"https:\/\/www.sprachschule-aktiv-hamburg.de\/#website","url":"https:\/\/www.sprachschule-aktiv-hamburg.de\/","name":"Sprachschule Hamburg","description":"","potentialAction":[{"@type":"SearchAction","target":{"@type":"EntryPoint","urlTemplate":"https:\/\/www.sprachschule-aktiv-hamburg.de\/?s={search_term_string}"},"query-input":{"@type":"PropertyValueSpecification","valueRequired":true,"valueName":"search_term_string"}}],"inLanguage":"fr-FR"}]}},"_links":{"self":[{"href":"https:\/\/www.sprachschule-aktiv-hamburg.de\/fr\/wp-json\/wp\/v2\/pages\/2064","targetHints":{"allow":["GET"]}}],"collection":[{"href":"https:\/\/www.sprachschule-aktiv-hamburg.de\/fr\/wp-json\/wp\/v2\/pages"}],"about":[{"href":"https:\/\/www.sprachschule-aktiv-hamburg.de\/fr\/wp-json\/wp\/v2\/types\/page"}],"author":[{"embeddable":true,"href":"https:\/\/www.sprachschule-aktiv-hamburg.de\/fr\/wp-json\/wp\/v2\/users\/1"}],"replies":[{"embeddable":true,"href":"https:\/\/www.sprachschule-aktiv-hamburg.de\/fr\/wp-json\/wp\/v2\/comments?post=2064"}],"version-history":[{"count":16,"href":"https:\/\/www.sprachschule-aktiv-hamburg.de\/fr\/wp-json\/wp\/v2\/pages\/2064\/revisions"}],"predecessor-version":[{"id":7151,"href":"https:\/\/www.sprachschule-aktiv-hamburg.de\/fr\/wp-json\/wp\/v2\/pages\/2064\/revisions\/7151"}],"wp:attachment":[{"href":"https:\/\/www.sprachschule-aktiv-hamburg.de\/fr\/wp-json\/wp\/v2\/media?parent=2064"}],"curies":[{"name":"wp","href":"https:\/\/api.w.org\/{rel}","templated":true}]}}