{"id":730,"date":"2018-01-11T18:49:20","date_gmt":"2018-01-11T17:49:20","guid":{"rendered":"https:\/\/www.sprachschule-aktiv-hamburg.de\/home\/"},"modified":"2022-12-30T17:56:56","modified_gmt":"2022-12-30T16:56:56","slug":"home","status":"publish","type":"page","link":"https:\/\/www.sprachschule-aktiv-hamburg.de\/es\/","title":{"rendered":"Home"},"content":{"rendered":"<p>[vc_row full_width=&#8221;stretch_row_content_no_spaces&#8221; content_placement=&#8221;middle&#8221; css=&#8221;.vc_custom_1662562473724{background: #d6d5d3 url(https:\/\/www.sprachschule-aktiv-hamburg.de\/wp-content\/uploads\/2021\/02\/fondo-2.jpg?id=4905) !important;background-position: 0 0 !important;background-repeat: repeat !important;}&#8221;][vc_column width=&#8221;1\/2&#8243;][vc_single_image image=&#8221;4895&#8243; img_size=&#8221;full&#8221; alignment=&#8221;center&#8221;][\/vc_column][vc_column width=&#8221;1\/2&#8243;][vc_column_text]<\/p>\n<h1 style=\"text-align: center;\"><strong>Bienvenido<\/strong><\/h1>\n<h2 style=\"text-align: center;\">a la Sprachschule Aktiv Hamburg<\/h2>\n<p>[\/vc_column_text]\t<div class=\"vc_btn3-container vc_btn3-center\">\n\t\t<a href=\"https:\/\/www.sprachschule-aktiv-hamburg.de\/es\/cursos-de-aleman-que-ofrecemos\/\" class=\"pgs_btn pgs_btn_style_1 pgs_btn_xl\">\n\t\t\t<span>\n\t\t\t\tCURSOS DE ALEM\u00c1N\t\t\t<\/span>\n\t\t\t\t\t\t<i class=\"fas fa-angle-double-right\"><\/i>\n\t\t\t\t\t<\/a>\n\t<\/div>\n\t\t<div class=\"vc_btn3-container vc_btn3-center\">\n\t\t<a href=\"#\" class=\"pgs_btn pgs_btn_style_1 pgs_btn_xl\">\n\t\t\t<span>\n\t\t\t\tIDIOMAS EXTRANJEROS\t\t\t<\/span>\n\t\t\t\t\t\t<i class=\"fas fa-angle-double-right\"><\/i>\n\t\t\t\t\t<\/a>\n\t<\/div>\n\t[\/vc_column][\/vc_row][vc_row css=&#8221;.vc_custom_1538648120619{margin-top: 20px !important;}&#8221;][vc_column][vc_column_text]<\/p>\n<h1>Cursos de alem\u00e1n en Hamburgo &#8211; aprender alem\u00e1n &#8211; escuela de idiomas<\/h1>\n<p>Aprender alem\u00e1n en Hamburgo es f\u00e1cil. La escuela de idiomas Aktiv en Hamburgo le ofrece <a href=\"https:\/\/www.sprachschule-aktiv-hamburg.de\/es\/cursos-de-aleman-que-ofrecemos\/\">cursos de alem\u00e1n<\/a> que se adaptan exactamente a sus necesidades. Nuestros profesores de idiomas no solo le ense\u00f1an el idioma, sino tambi\u00e9n la cultura del pa\u00eds. A menudo, los maestros hacen viajes o excursiones con los alumnos para descubrir Hamburgo y sus alrededores y para tener la oportunidad de hablar alem\u00e1n. <a href=\"https:\/\/www.sprachschule-aktiv-hamburg.de\/es\/acerca-de-nosotros\/\">Fotos y v\u00eddeos de nuestra escuela los encuentras aqu\u00ed.<\/a><\/p>\n<p>&nbsp;<\/p>\n<p><iframe title=\"YouTube video player\" src=\"https:\/\/www.youtube.com\/embed\/mqoyiKrwrUs\" width=\"560\" height=\"315\" frameborder=\"0\" allowfullscreen=\"allowfullscreen\"><\/iframe>[\/vc_column_text][\/vc_column][\/vc_row][vc_row full_width=&#8221;stretch_row&#8221; css=&#8221;.vc_custom_1538648473780{padding-top: 10px !important;padding-bottom: 25px !important;background-color: #f9f9f9 !important;}&#8221;][vc_column][vc_column_text]<\/p>\n<h2>Cursos de alem\u00e1n en Hamburgo &#8211; principiantes y avanzados A1 a C2<\/h2>\n<p>Un curso de alem\u00e1n en Hamburgo es \u00fatil tanto para principiantes como para avanzados. No importa el nivel que tenga, usted es bienvenido. El Marco Com\u00fan Europeo de Referencia para idiomas divide los niveles en A1, A2, B1, B2, C1 y C2. Los principiantes sin conocimientos b\u00e1sicos eligen A1. Los cursos B son para estudiantes avanzados. Cualquiera que ya domine casi perfectamente el idioma alem\u00e1n tambi\u00e9n encontrar\u00e1 un curso adecuado. La asignaci\u00f3n al curso correspondiente es muy importante, pero no siempre es f\u00e1cil. Utilizamos una prueba de nivel desarrollada por nosotros. Puede hacerlo f\u00e1cilmente en l\u00ednea o si est\u00e1 en Hamburgo, vis\u00edtenos en nuestras aulas. Por supuesto que tambi\u00e9n puede hacer la prueba all\u00ed.<\/p>\n<h2>Ofrecemos diferentes tipolog\u00edas de cursos en Hamburgo<\/h2>\n<p>La forma cl\u00e1sica de aprender un idioma es mediante las clases intensivas de 9:00 a 12:00 horas. Tambi\u00e9n ofrecemos clases por la tarde de 18:00 a 20:15 horas. Estas clases vespertinas tienen lugar dos veces a la semana y aunque muchos de nuestros participantes prefieren este horario, el progreso de aprendizaje es m\u00e1s lento. Si desea aprender alem\u00e1n lo m\u00e1s r\u00e1pido posible, entonces la mejor opci\u00f3n es un <a href=\"https:\/\/www.sprachschule-aktiv-hamburg.de\/es\/cursos-de-aleman-que-ofrecemos\/curso-intensivo-de-aleman\/\">curso intensivo<\/a>, ya que se reunir\u00e1 con el grupo de estudio todos los d\u00edas, de lunes a viernes. Pronto podr\u00e1 mantener una conversaci\u00f3n sin problemas. Adem\u00e1s organizamos clases privadas con buenos profesores en Hamburgo. Especialmente si vive fuera de Hamburgo, esta opci\u00f3n es ideal. El profesor se adapta a sus necesidades y ense\u00f1a exactamente la materia que necesita. Usted determina el d\u00eda, el horario y el ritmo.[\/vc_column_text][\/vc_column][\/vc_row][vc_row css=&#8221;.vc_custom_1538648446418{margin-top: 15px !important;}&#8221;][vc_column][vc_column_text]<\/p>\n<h2>Las clases de alem\u00e1n tienen lugar en grupos peque\u00f1os<\/h2>\n<p>La din\u00e1mica del grupo es importante para el \u00e9xito de un curso de idiomas. Dividimos conscientemente a los alumnos en peque\u00f1os grupos. As\u00ed que no existe la opci\u00f3n de desaparecer en la multitud. Cada clase le da la oportunidad de hablar y mejorar su alem\u00e1n. Esta es la \u00fanica manera de aprender el idioma de forma r\u00e1pida. Adem\u00e1s, es improbable que elija a otro estudiante como modelo de lenguaje incorrecto.<\/p>\n<h2>Nuestros profesores te ofrecen clases de idiomas y m\u00e1s<\/h2>\n<p>Nuestros profesores de alem\u00e1n son hablantes nativos y est\u00e1n cualificados en la ense\u00f1anza de alem\u00e1n como lengua extranjera. Adem\u00e1s recurrimos a pedagogos para incluir m\u00e9todos pedag\u00f3gicos y did\u00e1cticos. M\u00e1s all\u00e1 de garantizar una ense\u00f1anza ling\u00fc\u00edstica perfecta, tambi\u00e9n es importante divertirse y disfrutar durante el aprendizaje. Por este motivo, nos aseguramos de que su profesor de idiomas en Hamburgo sea comprensivo y amable. La mayor\u00eda del alumnado quiere seguir aprendiendo despu\u00e9s de los cursos. Los alumnos tambi\u00e9n suelen quedar con el grupo despu\u00e9s de clase, visitan un caf\u00e9 o hacen un viaje o excursi\u00f3n juntos.[\/vc_column_text][\/vc_column][\/vc_row][vc_row full_width=&#8221;stretch_row&#8221; css=&#8221;.vc_custom_1538648658554{padding-top: 10px !important;padding-bottom: 25px !important;background-color: #f9f9f9 !important;}&#8221;][vc_column][vc_column_text]<\/p>\n<h2>Visita un curso de alem\u00e1n en hamburgo sin riesgo<\/h2>\n<p>[\/vc_column_text][vc_row_inner][vc_column_inner width=&#8221;1\/2&#8243;][vc_column_text]<img decoding=\"async\" class=\"aligncenter size-full wp-image-766\" src=\"https:\/\/www.sprachschule-aktiv-hamburg.de\/wp-content\/uploads\/2018\/12\/cursos-de-aleman-hamburgo.jpg\" alt=\"Cursos de alem\u00e1n en Hamburgo - Escuela de alem\u00e1n Hamburgo\" width=\"600\" height=\"352\" srcset=\"https:\/\/www.sprachschule-aktiv-hamburg.de\/wp-content\/uploads\/2018\/12\/cursos-de-aleman-hamburgo.jpg 600w, https:\/\/www.sprachschule-aktiv-hamburg.de\/wp-content\/uploads\/2018\/12\/cursos-de-aleman-hamburgo-300x176.jpg 300w, https:\/\/www.sprachschule-aktiv-hamburg.de\/wp-content\/uploads\/2018\/12\/cursos-de-aleman-hamburgo-124x74.jpg 124w\" sizes=\"(max-width: 600px) 100vw, 600px\" \/>[\/vc_column_text][\/vc_column_inner][vc_column_inner width=&#8221;1\/2&#8243;][vc_column_text]No importa el curso que elija, recibir\u00e1 una clase gratuita de prueba. Esta clase de prueba se puede reservar por separado o alternativamente, se aplicar\u00e1 en la primera hora del curso. Si usted no est\u00e1 satisfecho con la clase recibida no tiene ning\u00fan tipo de compromiso posterior.<\/p>\n<p>Por supuesto, le reembolsaremos los gastos del curso ya pagados. Le ofrecemos esta garant\u00eda porque estamos convencidos de la calidad de nuestros cursos de alem\u00e1n en Hamburgo.[\/vc_column_text][\/vc_column_inner][\/vc_row_inner][vc_column_text]<\/p>\n<h2>Precios y fechas de inicio del curso intensivo de alem\u00e1n de Hamburgo:<\/h2>\n<ul>\n<li>Duraci\u00f3n del curso: 1-4 semanas<\/li>\n<li>Inicio del curso: Siempre el primer lunes del mes.<\/li>\n<li>Fechas: de lunes a viernes de 9:00 a 12:00 horas*.<\/li>\n<li>Precio por 1 semana: 299\u20ac,-<\/li>\n<li>Precio por 2 semanas: 349\u20ac,-<\/li>\n<li>Precio por 3 semanas: 399\u20ac,-<\/li>\n<li>Precio por 4 semanas: 549\u20ac,-<\/li>\n<\/ul>\n<p>*En caso de contar con menos de 5 participantes, el curso tendr\u00e1 lugar de 9:00 a 11:00 horas.[\/vc_column_text][\/vc_column][\/vc_row]<\/p>\n","protected":false},"excerpt":{"rendered":"<p>[vc_row full_width=&#8221;stretch_row_content_no_spaces&#8221; content_placement=&#8221;middle&#8221; css=&#8221;.vc_custom_1662562473724{background: #d6d5d3 url(https:\/\/www.sprachschule-aktiv-hamburg.de\/wp-content\/uploads\/2021\/02\/fondo-2.jpg?id=4905) !important;background-position: 0 0 !important;background-repeat: repeat !important;}&#8221;][vc_column width=&#8221;1\/2&#8243;][vc_single_image image=&#8221;4895&#8243; img_size=&#8221;full&#8221; alignment=&#8221;center&#8221;][\/vc_column][vc_column width=&#8221;1\/2&#8243;][vc_column_text] Bienvenido a la Sprachschule Aktiv Hamburg [\/vc_column_text][\/vc_column][\/vc_row][vc_row css=&#8221;.vc_custom_1538648120619{margin-top: 20px !important;}&#8221;][vc_column][vc_column_text] Cursos de alem\u00e1n en Hamburgo &#8211; aprender alem\u00e1n &#8211; escuela de idiomas Aprender alem\u00e1n en Hamburgo es f\u00e1cil. La escuela de idiomas Aktiv en Hamburgo le ofrece cursos&hellip; <a class=\"read-more\" href=\"https:\/\/www.sprachschule-aktiv-hamburg.de\/es\/\" title=\"Read Home\">Read more &raquo;<\/a><\/p>\n","protected":false},"author":1,"featured_media":0,"parent":0,"menu_order":0,"comment_status":"closed","ping_status":"closed","template":"","meta":{"footnotes":""},"class_list":["post-730","page","type-page","status-publish","hentry"],"yoast_head":"<!-- This site is optimized with the Yoast SEO plugin v27.1.1 - https:\/\/yoast.com\/product\/yoast-seo-wordpress\/ -->\n<title>Cursos de alem\u00e1n en Hamburgo - aprender alem\u00e1n - escuela de idiomas<\/title>\n<meta name=\"description\" content=\"Aprender alem\u00e1n en Hamburgo en la escuela de alem\u00e1n Sprachschule Aktiv. Cursos de alem\u00e1n para todos los niveles de A1 a C2. Clase de prueba gratuita!\" \/>\n<meta name=\"robots\" content=\"index, follow, max-snippet:-1, max-image-preview:large, max-video-preview:-1\" \/>\n<link rel=\"canonical\" href=\"https:\/\/www.sprachschule-aktiv-hamburg.de\/es\/\" \/>\n<meta property=\"og:locale\" content=\"es_ES\" \/>\n<meta property=\"og:type\" content=\"article\" \/>\n<meta property=\"og:title\" content=\"Cursos de alem\u00e1n en Hamburgo - aprender alem\u00e1n - escuela de idiomas\" \/>\n<meta property=\"og:description\" content=\"Aprender alem\u00e1n en Hamburgo en la escuela de alem\u00e1n Sprachschule Aktiv. Cursos de alem\u00e1n para todos los niveles de A1 a C2. Clase de prueba gratuita!\" \/>\n<meta property=\"og:url\" content=\"https:\/\/www.sprachschule-aktiv-hamburg.de\/es\/\" \/>\n<meta property=\"og:site_name\" content=\"Sprachschule Hamburg\" \/>\n<meta property=\"article:modified_time\" content=\"2022-12-30T16:56:56+00:00\" \/>\n<meta property=\"og:image\" content=\"https:\/\/www.sprachschule-aktiv-hamburg.de\/wp-content\/uploads\/2018\/12\/cursos-de-aleman-hamburgo.jpg\" \/>\n<meta name=\"twitter:card\" content=\"summary_large_image\" \/>\n<meta name=\"twitter:label1\" content=\"Tiempo de lectura\" \/>\n\t<meta name=\"twitter:data1\" content=\"5 minutos\" \/>\n<script type=\"application\/ld+json\" class=\"yoast-schema-graph\">{\"@context\":\"https:\/\/schema.org\",\"@graph\":[{\"@type\":\"WebPage\",\"@id\":\"https:\/\/www.sprachschule-aktiv-hamburg.de\/es\/\",\"url\":\"https:\/\/www.sprachschule-aktiv-hamburg.de\/es\/\",\"name\":\"Cursos de alem\u00e1n en Hamburgo - aprender alem\u00e1n - escuela de idiomas\",\"isPartOf\":{\"@id\":\"https:\/\/www.sprachschule-aktiv-hamburg.de\/#website\"},\"primaryImageOfPage\":{\"@id\":\"https:\/\/www.sprachschule-aktiv-hamburg.de\/es\/#primaryimage\"},\"image\":{\"@id\":\"https:\/\/www.sprachschule-aktiv-hamburg.de\/es\/#primaryimage\"},\"thumbnailUrl\":\"https:\/\/www.sprachschule-aktiv-hamburg.de\/wp-content\/uploads\/2018\/12\/cursos-de-aleman-hamburgo.jpg\",\"datePublished\":\"2018-01-11T17:49:20+00:00\",\"dateModified\":\"2022-12-30T16:56:56+00:00\",\"description\":\"Aprender alem\u00e1n en Hamburgo en la escuela de alem\u00e1n Sprachschule Aktiv. Cursos de alem\u00e1n para todos los niveles de A1 a C2. Clase de prueba gratuita!\",\"breadcrumb\":{\"@id\":\"https:\/\/www.sprachschule-aktiv-hamburg.de\/es\/#breadcrumb\"},\"inLanguage\":\"es\",\"potentialAction\":[{\"@type\":\"ReadAction\",\"target\":[\"https:\/\/www.sprachschule-aktiv-hamburg.de\/es\/\"]}]},{\"@type\":\"ImageObject\",\"inLanguage\":\"es\",\"@id\":\"https:\/\/www.sprachschule-aktiv-hamburg.de\/es\/#primaryimage\",\"url\":\"https:\/\/www.sprachschule-aktiv-hamburg.de\/wp-content\/uploads\/2018\/12\/cursos-de-aleman-hamburgo.jpg\",\"contentUrl\":\"https:\/\/www.sprachschule-aktiv-hamburg.de\/wp-content\/uploads\/2018\/12\/cursos-de-aleman-hamburgo.jpg\"},{\"@type\":\"BreadcrumbList\",\"@id\":\"https:\/\/www.sprachschule-aktiv-hamburg.de\/es\/#breadcrumb\",\"itemListElement\":[{\"@type\":\"ListItem\",\"position\":1,\"name\":\"Startseite\",\"item\":\"https:\/\/www.sprachschule-aktiv-hamburg.de\/es\/\"},{\"@type\":\"ListItem\",\"position\":2,\"name\":\"Home\"}]},{\"@type\":\"WebSite\",\"@id\":\"https:\/\/www.sprachschule-aktiv-hamburg.de\/#website\",\"url\":\"https:\/\/www.sprachschule-aktiv-hamburg.de\/\",\"name\":\"Sprachschule Hamburg\",\"description\":\"\",\"potentialAction\":[{\"@type\":\"SearchAction\",\"target\":{\"@type\":\"EntryPoint\",\"urlTemplate\":\"https:\/\/www.sprachschule-aktiv-hamburg.de\/?s={search_term_string}\"},\"query-input\":{\"@type\":\"PropertyValueSpecification\",\"valueRequired\":true,\"valueName\":\"search_term_string\"}}],\"inLanguage\":\"es\"}]}<\/script>\n<!-- \/ Yoast SEO plugin. -->","yoast_head_json":{"title":"Cursos de alem\u00e1n en Hamburgo - aprender alem\u00e1n - escuela de idiomas","description":"Aprender alem\u00e1n en Hamburgo en la escuela de alem\u00e1n Sprachschule Aktiv. Cursos de alem\u00e1n para todos los niveles de A1 a C2. Clase de prueba gratuita!","robots":{"index":"index","follow":"follow","max-snippet":"max-snippet:-1","max-image-preview":"max-image-preview:large","max-video-preview":"max-video-preview:-1"},"canonical":"https:\/\/www.sprachschule-aktiv-hamburg.de\/es\/","og_locale":"es_ES","og_type":"article","og_title":"Cursos de alem\u00e1n en Hamburgo - aprender alem\u00e1n - escuela de idiomas","og_description":"Aprender alem\u00e1n en Hamburgo en la escuela de alem\u00e1n Sprachschule Aktiv. Cursos de alem\u00e1n para todos los niveles de A1 a C2. Clase de prueba gratuita!","og_url":"https:\/\/www.sprachschule-aktiv-hamburg.de\/es\/","og_site_name":"Sprachschule Hamburg","article_modified_time":"2022-12-30T16:56:56+00:00","og_image":[{"url":"https:\/\/www.sprachschule-aktiv-hamburg.de\/wp-content\/uploads\/2018\/12\/cursos-de-aleman-hamburgo.jpg","type":"","width":"","height":""}],"twitter_card":"summary_large_image","twitter_misc":{"Tiempo de lectura":"5 minutos"},"schema":{"@context":"https:\/\/schema.org","@graph":[{"@type":"WebPage","@id":"https:\/\/www.sprachschule-aktiv-hamburg.de\/es\/","url":"https:\/\/www.sprachschule-aktiv-hamburg.de\/es\/","name":"Cursos de alem\u00e1n en Hamburgo - aprender alem\u00e1n - escuela de idiomas","isPartOf":{"@id":"https:\/\/www.sprachschule-aktiv-hamburg.de\/#website"},"primaryImageOfPage":{"@id":"https:\/\/www.sprachschule-aktiv-hamburg.de\/es\/#primaryimage"},"image":{"@id":"https:\/\/www.sprachschule-aktiv-hamburg.de\/es\/#primaryimage"},"thumbnailUrl":"https:\/\/www.sprachschule-aktiv-hamburg.de\/wp-content\/uploads\/2018\/12\/cursos-de-aleman-hamburgo.jpg","datePublished":"2018-01-11T17:49:20+00:00","dateModified":"2022-12-30T16:56:56+00:00","description":"Aprender alem\u00e1n en Hamburgo en la escuela de alem\u00e1n Sprachschule Aktiv. Cursos de alem\u00e1n para todos los niveles de A1 a C2. Clase de prueba gratuita!","breadcrumb":{"@id":"https:\/\/www.sprachschule-aktiv-hamburg.de\/es\/#breadcrumb"},"inLanguage":"es","potentialAction":[{"@type":"ReadAction","target":["https:\/\/www.sprachschule-aktiv-hamburg.de\/es\/"]}]},{"@type":"ImageObject","inLanguage":"es","@id":"https:\/\/www.sprachschule-aktiv-hamburg.de\/es\/#primaryimage","url":"https:\/\/www.sprachschule-aktiv-hamburg.de\/wp-content\/uploads\/2018\/12\/cursos-de-aleman-hamburgo.jpg","contentUrl":"https:\/\/www.sprachschule-aktiv-hamburg.de\/wp-content\/uploads\/2018\/12\/cursos-de-aleman-hamburgo.jpg"},{"@type":"BreadcrumbList","@id":"https:\/\/www.sprachschule-aktiv-hamburg.de\/es\/#breadcrumb","itemListElement":[{"@type":"ListItem","position":1,"name":"Startseite","item":"https:\/\/www.sprachschule-aktiv-hamburg.de\/es\/"},{"@type":"ListItem","position":2,"name":"Home"}]},{"@type":"WebSite","@id":"https:\/\/www.sprachschule-aktiv-hamburg.de\/#website","url":"https:\/\/www.sprachschule-aktiv-hamburg.de\/","name":"Sprachschule Hamburg","description":"","potentialAction":[{"@type":"SearchAction","target":{"@type":"EntryPoint","urlTemplate":"https:\/\/www.sprachschule-aktiv-hamburg.de\/?s={search_term_string}"},"query-input":{"@type":"PropertyValueSpecification","valueRequired":true,"valueName":"search_term_string"}}],"inLanguage":"es"}]}},"_links":{"self":[{"href":"https:\/\/www.sprachschule-aktiv-hamburg.de\/es\/wp-json\/wp\/v2\/pages\/730","targetHints":{"allow":["GET"]}}],"collection":[{"href":"https:\/\/www.sprachschule-aktiv-hamburg.de\/es\/wp-json\/wp\/v2\/pages"}],"about":[{"href":"https:\/\/www.sprachschule-aktiv-hamburg.de\/es\/wp-json\/wp\/v2\/types\/page"}],"author":[{"embeddable":true,"href":"https:\/\/www.sprachschule-aktiv-hamburg.de\/es\/wp-json\/wp\/v2\/users\/1"}],"replies":[{"embeddable":true,"href":"https:\/\/www.sprachschule-aktiv-hamburg.de\/es\/wp-json\/wp\/v2\/comments?post=730"}],"version-history":[{"count":22,"href":"https:\/\/www.sprachschule-aktiv-hamburg.de\/es\/wp-json\/wp\/v2\/pages\/730\/revisions"}],"predecessor-version":[{"id":7146,"href":"https:\/\/www.sprachschule-aktiv-hamburg.de\/es\/wp-json\/wp\/v2\/pages\/730\/revisions\/7146"}],"wp:attachment":[{"href":"https:\/\/www.sprachschule-aktiv-hamburg.de\/es\/wp-json\/wp\/v2\/media?parent=730"}],"curies":[{"name":"wp","href":"https:\/\/api.w.org\/{rel}","templated":true}]}}