{"id":1902,"date":"2018-11-21T05:50:16","date_gmt":"2018-11-21T04:50:16","guid":{"rendered":"https:\/\/www.sprachschule-aktiv-hamburg.de\/deutsch-lernen\/"},"modified":"2022-12-30T17:48:00","modified_gmt":"2022-12-30T16:48:00","slug":"cursos-de-aleman-que-ofrecemos","status":"publish","type":"page","link":"https:\/\/www.sprachschule-aktiv-hamburg.de\/es\/cursos-de-aleman-que-ofrecemos\/","title":{"rendered":"Cursos de alem\u00e1n que ofrecemos"},"content":{"rendered":"<p>[vc_row css=&#8221;.vc_custom_1555221848076{margin-top: 20px !important;}&#8221;][vc_column][vc_column_text]<\/p>\n<h1>Nuestros cursos de alem\u00e1n que ofrecemos en Hamburgo<\/h1>\n<p>En nuestra escuela de alem\u00e1n en Hamburgo ofrecemos cursos para todos los niveles, para principiantes y avanzados (A1-C2). Tenemos cursos intensivos de 9:00 a 12:00 horas o cursos por las tardes de 18:00 a 20:15 horas. Tambi\u00e9n le ofrecemos clases particulares o cursos para empresas.<\/p>\n<h2><strong>Contamos con profesores nativos cualificados<\/strong><\/h2>\n<p>[\/vc_column_text][vc_row_inner][vc_column_inner width=&#8221;1\/2&#8243;][vc_column_text]<iframe title=\"YouTube video player\" src=\"https:\/\/www.youtube.com\/embed\/mqoyiKrwrUs\" width=\"560\" height=\"315\" frameborder=\"0\" allowfullscreen=\"allowfullscreen\"><\/iframe>[\/vc_column_text][\/vc_column_inner][vc_column_inner width=&#8221;1\/2&#8243;][vc_column_text]Tanto si reserva clases en grupo como clases privadas a trav\u00e9s de nuestra escuela, siempre podr\u00e1 estar seguro de que obtendr\u00e1 calidad. Cada profesor que trabaja con nosotros, tiene que pasar por un proceso de solicitud exigente. El primer requisito es, por supuesto, que sea hablante nativo para as\u00ed poder aprender bien la pronunciaci\u00f3n del idioma sin ning\u00fan tipo de acento. Adem\u00e1s, los profesores deben tener una formaci\u00f3n pedag\u00f3gica o, al menos, conocer los procesos y m\u00e9todos de aprendizaje. El tercer punto concierne la personalidad del profesor. Usted sacrifica un valioso tiempo libre para el aprendizaje de un idioma, por lo tanto, la tarea de un profesor no s\u00f3lo es ense\u00f1arle el idioma, sino tambi\u00e9n hacer que el proceso de aprendizaje sea una experiencia agradable. Un curso de idiomas debe ser como unas peque\u00f1as vacaciones en el pa\u00eds.[\/vc_column_text]\t<div class=\"vc_btn3-container vc_btn3-inline\">\n\t\t<a href=\"\/es\/contactar\/\" class=\"pgs_btn pgs_btn_style_1 pgs_btn_lg\">\n\t\t\t<span>\n\t\t\t\tContacta con nosotros\t\t\t<\/span>\n\t\t\t\t\t<\/a>\n\t<\/div>\n\t[\/vc_column_inner][\/vc_row_inner][\/vc_column][\/vc_row][vc_row css=&#8221;.vc_custom_1555222540091{margin-top: 15px !important;}&#8221;][vc_column width=&#8221;1\/3&#8243;][vc_single_image image=&#8221;1913&#8243; img_size=&#8221;full&#8221; alignment=&#8221;center&#8221; style=&#8221;vc_box_outline&#8221; onclick=&#8221;custom_link&#8221; link=&#8221;\/es\/aprende-aleman-en-hamburgo\/curso-intensivo-de-aleman\/&#8221;][vc_column_text]<\/p>\n<h2>Curso intensivo<\/h2>\n<p>[\/vc_column_text]\t<div class=\"vc_btn3-container vc_btn3-inline\">\n\t\t<a href=\"\/es\/aprende-aleman-en-hamburgo\/curso-intensivo-de-aleman\/\" class=\"pgs_btn pgs_btn_style_1 pgs_btn_md\">\n\t\t\t<span>\n\t\t\t\tM\u00e1s sobre los cursos intensivos\t\t\t<\/span>\n\t\t\t\t\t<\/a>\n\t<\/div>\n\t[\/vc_column][vc_column width=&#8221;1\/3&#8243;][vc_single_image image=&#8221;1919&#8243; img_size=&#8221;full&#8221; alignment=&#8221;center&#8221; style=&#8221;vc_box_outline&#8221; onclick=&#8221;custom_link&#8221; link=&#8221;\/es\/aprende-aleman-en-hamburgo\/clase-privada-de-aleman\/&#8221;][vc_column_text]<\/p>\n<h2>Clases privadas<\/h2>\n<p>[\/vc_column_text]\t<div class=\"vc_btn3-container vc_btn3-inline\">\n\t\t<a href=\"\/es\/aprende-aleman-en-hamburgo\/clase-privada-de-aleman\/\" class=\"pgs_btn pgs_btn_style_1 pgs_btn_md\">\n\t\t\t<span>\n\t\t\t\tM\u00e1s sobre clases privadas\t\t\t<\/span>\n\t\t\t\t\t<\/a>\n\t<\/div>\n\t[\/vc_column][vc_column width=&#8221;1\/3&#8243;][vc_single_image image=&#8221;1925&#8243; img_size=&#8221;full&#8221; alignment=&#8221;center&#8221; style=&#8221;vc_box_outline&#8221; onclick=&#8221;custom_link&#8221; link=&#8221;\/es\/aprende-aleman-en-hamburgo\/cursos-por-la-tarde-aleman\/&#8221;][vc_column_text]<\/p>\n<h2>Cursos de tarde<\/h2>\n<p>[\/vc_column_text]\t<div class=\"vc_btn3-container vc_btn3-inline\">\n\t\t<a href=\"\/es\/aprende-aleman-en-hamburgo\/cursos-por-la-tarde-aleman\/\" class=\"pgs_btn pgs_btn_style_1 pgs_btn_md\">\n\t\t\t<span>\n\t\t\t\tM\u00e1s sobre los cursos de tarde\t\t\t<\/span>\n\t\t\t\t\t<\/a>\n\t<\/div>\n\t[\/vc_column][\/vc_row][vc_row css=&#8221;.vc_custom_1548171954384{margin-top: 20px !important;}&#8221;][vc_column width=&#8221;1\/3&#8243;][vc_single_image image=&#8221;1931&#8243; img_size=&#8221;full&#8221; alignment=&#8221;center&#8221; style=&#8221;vc_box_outline&#8221; onclick=&#8221;custom_link&#8221; link=&#8221;\/es\/aprende-aleman-en-hamburgo\/visado-para-el-curso-de-aleman-en-hamburgo\/&#8221;][vc_column_text]<\/p>\n<h2>Visado para curso de alem\u00e1n<\/h2>\n<p>[\/vc_column_text]\t<div class=\"vc_btn3-container vc_btn3-inline\">\n\t\t<a href=\"\/es\/aprende-aleman-en-hamburgo\/visado-para-el-curso-de-aleman-en-hamburgo\/\" class=\"pgs_btn pgs_btn_style_1 pgs_btn_md\">\n\t\t\t<span>\n\t\t\t\tM\u00e1s sobre Visaso para curso de alem\u00e1n\t\t\t<\/span>\n\t\t\t\t\t<\/a>\n\t<\/div>\n\t[\/vc_column][vc_column width=&#8221;1\/3&#8243;][vc_single_image image=&#8221;1937&#8243; img_size=&#8221;full&#8221; alignment=&#8221;center&#8221; style=&#8221;vc_box_outline&#8221; onclick=&#8221;custom_link&#8221; link=&#8221;\/es\/aprende-aleman-en-hamburgo\/cursos-de-preparacion-testdaf\/&#8221;][vc_column_text]<\/p>\n<h2>Curso preparaci\u00f3n TestDaf<\/h2>\n<p>[\/vc_column_text]\t<div class=\"vc_btn3-container vc_btn3-inline\">\n\t\t<a href=\"\/es\/aprende-aleman-en-hamburgo\/cursos-de-preparacion-testdaf\/\" class=\"pgs_btn pgs_btn_style_1 pgs_btn_md\">\n\t\t\t<span>\n\t\t\t\tM\u00e1s sobre curso preparaci\u00f3n TestDaf\t\t\t<\/span>\n\t\t\t\t\t<\/a>\n\t<\/div>\n\t[\/vc_column][vc_column width=&#8221;1\/3&#8243;][vc_single_image image=&#8221;1943&#8243; img_size=&#8221;full&#8221; alignment=&#8221;center&#8221; style=&#8221;vc_box_outline&#8221; onclick=&#8221;custom_link&#8221; link=&#8221;\/es\/aprende-aleman-en-hamburgo\/cursos-de-aleman-con-alojamiento-en-hamburgo\/&#8221;][vc_column_text]<\/p>\n<h2>Curso con alojamiento<\/h2>\n<p>[\/vc_column_text]\t<div class=\"vc_btn3-container vc_btn3-inline\">\n\t\t<a href=\"\/es\/aprende-aleman-en-hamburgo\/cursos-de-aleman-con-alojamiento-en-hamburgo\/\" class=\"pgs_btn pgs_btn_style_1 pgs_btn_md\">\n\t\t\t<span>\n\t\t\t\tM\u00e1s sobre curso con alojamiento\t\t\t<\/span>\n\t\t\t\t\t<\/a>\n\t<\/div>\n\t[\/vc_column][\/vc_row][vc_row full_width=&#8221;stretch_row&#8221; css=&#8221;.vc_custom_1555221963001{padding-top: 15px !important;padding-bottom: 15px !important;background-color: #f8f8f8 !important;}&#8221;][vc_column][vc_column_text]<\/p>\n<h2>Utilice nuestro servicio para su \u00e9xito<\/h2>\n<p>Usted no est\u00e1 solo en el aprendizaje. En cuanto surja alg\u00fan tipo de problema, no dude en comunic\u00e1rnoslo. Si ya tiene alg\u00fan tipo de conocimiento previo del idioma elegido, normalmente surge la pregunta, qu\u00e9 curso seleccionar. Nuestras pruebas de nivel son de gran ayuda. \u00c9stas est\u00e1n disponibles online y se pueden realizar desde casa sin ning\u00fan problema. Despu\u00e9s de esto, su profesor podr\u00e1 evaluarle y preparar una clase \u00f3ptima.<\/p>\n<h2>Cursos privados y grupales en Hamburgo con clases de prueba gratuita<\/h2>\n<p>Si todav\u00eda no est\u00e1 seguro, inscr\u00edbase en un curso de idiomas, ya que podr\u00e1 retirarse en cualquier momento despu\u00e9s de la primera clase. En primer lugar, conozca al profesor asignado, para ver si hay qu\u00edmica entre usted y el profesor.[\/vc_column_text][\/vc_column][\/vc_row][vc_row][vc_column][vc_column_text]<\/p>\n<h2>Un curso de idiomas en Hamburgo es m\u00e1s barato de lo que cree<\/h2>\n<p>Nuestros precios son muy baratos. Si reserva m\u00e1s horas desde el principio, el precio por hora ser\u00e1 inferior. Tambi\u00e9n ofrecemos un pago a plazos barato, de manera que su carga sigue siendo peque\u00f1a. Si quiere ahorrar m\u00e1s dinero, reserve clases privadas para tres personas, ya que puede traer hasta dos acompa\u00f1antes sin aumentar el importe de la clase.[\/vc_column_text][\/vc_column][\/vc_row]<\/p>\n","protected":false},"excerpt":{"rendered":"<p>[vc_row css=&#8221;.vc_custom_1555221848076{margin-top: 20px !important;}&#8221;][vc_column][vc_column_text] Nuestros cursos de alem\u00e1n que ofrecemos en Hamburgo En nuestra escuela de alem\u00e1n en Hamburgo ofrecemos cursos para todos los niveles, para principiantes y avanzados (A1-C2). Tenemos cursos intensivos de 9:00 a 12:00 horas o cursos por las tardes de 18:00 a 20:15 horas. Tambi\u00e9n le ofrecemos clases particulares o cursos&hellip; <a class=\"read-more\" href=\"https:\/\/www.sprachschule-aktiv-hamburg.de\/es\/cursos-de-aleman-que-ofrecemos\/\" title=\"Read Cursos de alem\u00e1n que ofrecemos\">Read more &raquo;<\/a><\/p>\n","protected":false},"author":2,"featured_media":0,"parent":0,"menu_order":0,"comment_status":"closed","ping_status":"closed","template":"","meta":{"footnotes":""},"class_list":["post-1902","page","type-page","status-publish","hentry"],"yoast_head":"<!-- This site is optimized with the Yoast SEO plugin v27.1.1 - https:\/\/yoast.com\/product\/yoast-seo-wordpress\/ -->\n<title>Nuestros cursos de alem\u00e1n que ofrecemos en Hamburgo<\/title>\n<meta name=\"description\" content=\"En Hamburgo te ofrecemos los siguientes cursos de alem\u00e1n: Cursos intensivos, cursos de preparaci\u00f3n Telc o TestDaF, clases privadas, cursos por las tardes.\" \/>\n<meta name=\"robots\" content=\"index, follow, max-snippet:-1, max-image-preview:large, max-video-preview:-1\" \/>\n<link rel=\"canonical\" href=\"https:\/\/www.sprachschule-aktiv-hamburg.de\/es\/cursos-de-aleman-que-ofrecemos\/\" \/>\n<meta property=\"og:locale\" content=\"es_ES\" \/>\n<meta property=\"og:type\" content=\"article\" \/>\n<meta property=\"og:title\" content=\"Nuestros cursos de alem\u00e1n que ofrecemos en Hamburgo\" \/>\n<meta property=\"og:description\" content=\"En Hamburgo te ofrecemos los siguientes cursos de alem\u00e1n: Cursos intensivos, cursos de preparaci\u00f3n Telc o TestDaF, clases privadas, cursos por las tardes.\" \/>\n<meta property=\"og:url\" content=\"https:\/\/www.sprachschule-aktiv-hamburg.de\/es\/cursos-de-aleman-que-ofrecemos\/\" \/>\n<meta property=\"og:site_name\" content=\"Sprachschule Hamburg\" \/>\n<meta property=\"article:modified_time\" content=\"2022-12-30T16:48:00+00:00\" \/>\n<meta name=\"twitter:card\" content=\"summary_large_image\" \/>\n<meta name=\"twitter:label1\" content=\"Tiempo de lectura\" \/>\n\t<meta name=\"twitter:data1\" content=\"3 minutos\" \/>\n<script type=\"application\/ld+json\" class=\"yoast-schema-graph\">{\"@context\":\"https:\/\/schema.org\",\"@graph\":[{\"@type\":\"WebPage\",\"@id\":\"https:\/\/www.sprachschule-aktiv-hamburg.de\/es\/cursos-de-aleman-que-ofrecemos\/\",\"url\":\"https:\/\/www.sprachschule-aktiv-hamburg.de\/es\/cursos-de-aleman-que-ofrecemos\/\",\"name\":\"Nuestros cursos de alem\u00e1n que ofrecemos en Hamburgo\",\"isPartOf\":{\"@id\":\"https:\/\/www.sprachschule-aktiv-hamburg.de\/#website\"},\"datePublished\":\"2018-11-21T04:50:16+00:00\",\"dateModified\":\"2022-12-30T16:48:00+00:00\",\"description\":\"En Hamburgo te ofrecemos los siguientes cursos de alem\u00e1n: Cursos intensivos, cursos de preparaci\u00f3n Telc o TestDaF, clases privadas, cursos por las tardes.\",\"breadcrumb\":{\"@id\":\"https:\/\/www.sprachschule-aktiv-hamburg.de\/es\/cursos-de-aleman-que-ofrecemos\/#breadcrumb\"},\"inLanguage\":\"es\",\"potentialAction\":[{\"@type\":\"ReadAction\",\"target\":[\"https:\/\/www.sprachschule-aktiv-hamburg.de\/es\/cursos-de-aleman-que-ofrecemos\/\"]}]},{\"@type\":\"BreadcrumbList\",\"@id\":\"https:\/\/www.sprachschule-aktiv-hamburg.de\/es\/cursos-de-aleman-que-ofrecemos\/#breadcrumb\",\"itemListElement\":[{\"@type\":\"ListItem\",\"position\":1,\"name\":\"Startseite\",\"item\":\"https:\/\/www.sprachschule-aktiv-hamburg.de\/es\/\"},{\"@type\":\"ListItem\",\"position\":2,\"name\":\"Cursos de alem\u00e1n que ofrecemos\"}]},{\"@type\":\"WebSite\",\"@id\":\"https:\/\/www.sprachschule-aktiv-hamburg.de\/#website\",\"url\":\"https:\/\/www.sprachschule-aktiv-hamburg.de\/\",\"name\":\"Sprachschule Hamburg\",\"description\":\"\",\"potentialAction\":[{\"@type\":\"SearchAction\",\"target\":{\"@type\":\"EntryPoint\",\"urlTemplate\":\"https:\/\/www.sprachschule-aktiv-hamburg.de\/?s={search_term_string}\"},\"query-input\":{\"@type\":\"PropertyValueSpecification\",\"valueRequired\":true,\"valueName\":\"search_term_string\"}}],\"inLanguage\":\"es\"}]}<\/script>\n<!-- \/ Yoast SEO plugin. -->","yoast_head_json":{"title":"Nuestros cursos de alem\u00e1n que ofrecemos en Hamburgo","description":"En Hamburgo te ofrecemos los siguientes cursos de alem\u00e1n: Cursos intensivos, cursos de preparaci\u00f3n Telc o TestDaF, clases privadas, cursos por las tardes.","robots":{"index":"index","follow":"follow","max-snippet":"max-snippet:-1","max-image-preview":"max-image-preview:large","max-video-preview":"max-video-preview:-1"},"canonical":"https:\/\/www.sprachschule-aktiv-hamburg.de\/es\/cursos-de-aleman-que-ofrecemos\/","og_locale":"es_ES","og_type":"article","og_title":"Nuestros cursos de alem\u00e1n que ofrecemos en Hamburgo","og_description":"En Hamburgo te ofrecemos los siguientes cursos de alem\u00e1n: Cursos intensivos, cursos de preparaci\u00f3n Telc o TestDaF, clases privadas, cursos por las tardes.","og_url":"https:\/\/www.sprachschule-aktiv-hamburg.de\/es\/cursos-de-aleman-que-ofrecemos\/","og_site_name":"Sprachschule Hamburg","article_modified_time":"2022-12-30T16:48:00+00:00","twitter_card":"summary_large_image","twitter_misc":{"Tiempo de lectura":"3 minutos"},"schema":{"@context":"https:\/\/schema.org","@graph":[{"@type":"WebPage","@id":"https:\/\/www.sprachschule-aktiv-hamburg.de\/es\/cursos-de-aleman-que-ofrecemos\/","url":"https:\/\/www.sprachschule-aktiv-hamburg.de\/es\/cursos-de-aleman-que-ofrecemos\/","name":"Nuestros cursos de alem\u00e1n que ofrecemos en Hamburgo","isPartOf":{"@id":"https:\/\/www.sprachschule-aktiv-hamburg.de\/#website"},"datePublished":"2018-11-21T04:50:16+00:00","dateModified":"2022-12-30T16:48:00+00:00","description":"En Hamburgo te ofrecemos los siguientes cursos de alem\u00e1n: Cursos intensivos, cursos de preparaci\u00f3n Telc o TestDaF, clases privadas, cursos por las tardes.","breadcrumb":{"@id":"https:\/\/www.sprachschule-aktiv-hamburg.de\/es\/cursos-de-aleman-que-ofrecemos\/#breadcrumb"},"inLanguage":"es","potentialAction":[{"@type":"ReadAction","target":["https:\/\/www.sprachschule-aktiv-hamburg.de\/es\/cursos-de-aleman-que-ofrecemos\/"]}]},{"@type":"BreadcrumbList","@id":"https:\/\/www.sprachschule-aktiv-hamburg.de\/es\/cursos-de-aleman-que-ofrecemos\/#breadcrumb","itemListElement":[{"@type":"ListItem","position":1,"name":"Startseite","item":"https:\/\/www.sprachschule-aktiv-hamburg.de\/es\/"},{"@type":"ListItem","position":2,"name":"Cursos de alem\u00e1n que ofrecemos"}]},{"@type":"WebSite","@id":"https:\/\/www.sprachschule-aktiv-hamburg.de\/#website","url":"https:\/\/www.sprachschule-aktiv-hamburg.de\/","name":"Sprachschule Hamburg","description":"","potentialAction":[{"@type":"SearchAction","target":{"@type":"EntryPoint","urlTemplate":"https:\/\/www.sprachschule-aktiv-hamburg.de\/?s={search_term_string}"},"query-input":{"@type":"PropertyValueSpecification","valueRequired":true,"valueName":"search_term_string"}}],"inLanguage":"es"}]}},"_links":{"self":[{"href":"https:\/\/www.sprachschule-aktiv-hamburg.de\/es\/wp-json\/wp\/v2\/pages\/1902","targetHints":{"allow":["GET"]}}],"collection":[{"href":"https:\/\/www.sprachschule-aktiv-hamburg.de\/es\/wp-json\/wp\/v2\/pages"}],"about":[{"href":"https:\/\/www.sprachschule-aktiv-hamburg.de\/es\/wp-json\/wp\/v2\/types\/page"}],"author":[{"embeddable":true,"href":"https:\/\/www.sprachschule-aktiv-hamburg.de\/es\/wp-json\/wp\/v2\/users\/2"}],"replies":[{"embeddable":true,"href":"https:\/\/www.sprachschule-aktiv-hamburg.de\/es\/wp-json\/wp\/v2\/comments?post=1902"}],"version-history":[{"count":11,"href":"https:\/\/www.sprachschule-aktiv-hamburg.de\/es\/wp-json\/wp\/v2\/pages\/1902\/revisions"}],"predecessor-version":[{"id":7142,"href":"https:\/\/www.sprachschule-aktiv-hamburg.de\/es\/wp-json\/wp\/v2\/pages\/1902\/revisions\/7142"}],"wp:attachment":[{"href":"https:\/\/www.sprachschule-aktiv-hamburg.de\/es\/wp-json\/wp\/v2\/media?parent=1902"}],"curies":[{"name":"wp","href":"https:\/\/api.w.org\/{rel}","templated":true}]}}