{"id":1898,"date":"2018-12-18T07:08:45","date_gmt":"2018-12-18T06:08:45","guid":{"rendered":"https:\/\/www.sprachschule-aktiv-hamburg.de\/visum-fuer-deutschkurs-in-hamburg\/"},"modified":"2023-01-19T17:27:56","modified_gmt":"2023-01-19T16:27:56","slug":"visado-para-el-curso-de-aleman-en-hamburgo","status":"publish","type":"page","link":"https:\/\/www.sprachschule-aktiv-hamburg.de\/es\/cursos-de-aleman-que-ofrecemos\/visado-para-el-curso-de-aleman-en-hamburgo\/","title":{"rendered":"Visado para el curso de alem\u00e1n en Hamburgo"},"content":{"rendered":"<p>[vc_row css=&#8221;.vc_custom_1555221652585{margin-top: 20px !important;}&#8221;][vc_column][vc_column_text]<\/p>\n<h1>Visado para el curso de alem\u00e1n en Hamburgo<\/h1>\n<p>[\/vc_column_text][vc_row_inner][vc_column_inner width=&#8221;1\/2&#8243;][vc_column_text]<img decoding=\"async\" class=\"aligncenter size-full wp-image-1004\" src=\"https:\/\/www.sprachschule-aktiv-hamburg.de\/wp-content\/uploads\/2018\/12\/visum-fuer-deutschkurs-hamburg.jpg\" alt=\"Visado para el curso de alem\u00e1n en Hamburgo\" width=\"640\" height=\"480\" srcset=\"https:\/\/www.sprachschule-aktiv-hamburg.de\/wp-content\/uploads\/2018\/12\/visum-fuer-deutschkurs-hamburg.jpg 640w, https:\/\/www.sprachschule-aktiv-hamburg.de\/wp-content\/uploads\/2018\/12\/visum-fuer-deutschkurs-hamburg-300x225.jpg 300w, https:\/\/www.sprachschule-aktiv-hamburg.de\/wp-content\/uploads\/2018\/12\/visum-fuer-deutschkurs-hamburg-600x450.jpg 600w, https:\/\/www.sprachschule-aktiv-hamburg.de\/wp-content\/uploads\/2018\/12\/visum-fuer-deutschkurs-hamburg-283x212.jpg 283w\" sizes=\"(max-width: 640px) 100vw, 640px\" \/>[\/vc_column_text][\/vc_column_inner][vc_column_inner width=&#8221;1\/2&#8243;][vc_column_text]Visado de entrada para cursos de alem\u00e1n en Hamburgo &#8211; Informaci\u00f3n y recomendaciones<\/p>\n<p>Para entrar por primera vez en Alemania para un curso de alem\u00e1n en Hamburgo, necesita un visado de entrada si es ciudadano de determinados pa\u00edses no pertenecientes a la UE. Si vive en el espacio Schengen, por supuesto puede asistir a un curso de alem\u00e1n en Hamburgo sin visado.<\/p>\n<p>Si vive fuera del espacio Schengen y necesita un visado para Deutschalnd, normalmente s\u00f3lo podr\u00e1 permanecer en la zona 90 d\u00edas, dependiendo de su pa\u00eds de origen. Para un curso de idiomas m\u00e1s largo, necesita un visado especial. La solicitud es complicada y extensa.<\/p>\n<p>En la Sprachschule Aktiv de Hamburgo estaremos encantados de ayudarle con la solicitud si desea realizar un curso de idiomas en nuestra escuela. Tambi\u00e9n puede prorrogar su permiso de residencia alem\u00e1n con nuestros cursos de idiomas, pero para la pr\u00f3rroga de la estancia en Alemania se aplican unas normas de pago ligeramente diferentes a las de la solicitud inicial del visado.[\/vc_column_text]\t<div class=\"vc_btn3-container vc_btn3-inline\">\n\t\t<a href=\"\/es\/inscribete-cursos-aleman\/\" class=\"pgs_btn pgs_btn_style_1 pgs_btn_lg\">\n\t\t\t<span>\n\t\t\t\tInscr\u00edbete ahora\t\t\t<\/span>\n\t\t\t\t\t<\/a>\n\t<\/div>\n\t[\/vc_column_inner][\/vc_row_inner][\/vc_column][\/vc_row][vc_row full_width=&#8221;stretch_row&#8221; css=&#8221;.vc_custom_1555221552467{padding-top: 15px !important;padding-bottom: 15px !important;background-color: #f8f8f8 !important;}&#8221;][vc_column][vc_column_text]<\/p>\n<h2>Le conseguiremos el visado adecuado para un curso de alem\u00e1n en Hamburgo.<\/h2>\n<p>Los cursos de visado que ofrecemos son cursos intensivos. Las clases se imparten de lunes a viernes. El tiempo total de ense\u00f1anza es de 20 lecciones por semana. Si procede del espacio Schengen, asistir a un curso de alem\u00e1n en Hamburgo le resultar\u00e1 muy f\u00e1cil, ya que usted no necesita un visado, s\u00f3lo un pasaporte o documento de identidad v\u00e1lidos. Con ella podr\u00e1 circular libremente por el espacio Schengen. En este caso, basta con inscribirse en l\u00ednea.<\/p>\n<p>Elija una fecha de inicio del curso dentro de los tres a seis meses siguientes a la obtenci\u00f3n del visado. \u00a1Tengan en cuenta una fecha de inicio del curso por encima o por debajo de este realista para la solicitud de visado!<\/p>\n<p>Si vive fuera del espacio Schengen, puede obtener sin problemas un visado de visitante de 90 d\u00edas. Sin embargo, esto s\u00f3lo permite cursos de idiomas de corta duraci\u00f3n. Tres meses no son suficientes para una adquisici\u00f3n sostenible del idioma hasta el nivel B2 o C1. Deber\u00eda dejar pasar al menos medio a\u00f1o, preferiblemente incluso de nueve a doce meses. En este caso, un visado normal ya no es suficiente. Necesita un visado para un curso de idiomas. Tambi\u00e9n necesita un visado para un curso de idiomas que le prepare para la universidad o la formaci\u00f3n profesional.<\/p>\n<p>Cuanto m\u00e1s tiempo se tarde en hacer un curso, mayor ser\u00e1 la probabilidad de que se apruebe el visado. El periodo \u00f3ptimo es de nueve a doce meses, como ya se ha mencionado. Para una decisi\u00f3n positiva de las autoridades, la duraci\u00f3n del curso tambi\u00e9n es decisiva, junto con otros aspectos. Nuestros cursos intensivos de 20 horas son suficientes.<\/p>\n<p>Por supuesto, le ayudaremos a obtener un visado o a prolongar su permiso de residencia para un curso de idiomas.[\/vc_column_text][\/vc_column][\/vc_row][vc_row][vc_column][vc_column_text]<\/p>\n<h2>Estos documentos son necesarios para solicitar un visado o prorrogar su estancia.<\/h2>\n<ul>\n<li>Lo mejor que puede hacer antes de solicitar un visado o una pr\u00f3rroga de estancia es leer nuestro art\u00edculo del blog sobre el tema del apoyo a los candidatos a visado.<\/li>\n<li>Necesitar\u00e1 un pasaporte v\u00e1lido. El documento de identidad no es suficiente fuera del espacio Schengen.<\/li>\n<li>Necesitar\u00e1 un seguro m\u00e9dico durante toda su estancia. Debe demostrarlo con un certificado adecuado. Recomendamos el seguro de enfermedad de nuestro socio Care Concept de Alemania.<\/li>\n<li>En el caso de una estancia m\u00e1s larga para estudiar en Alemania, normalmente tambi\u00e9n necesitar\u00e1 una denominada &#8220;cuenta bloqueada&#8221;. En nuestro caso, puede encargar su instalaci\u00f3n a nuestro socio de Hamburgo, la empresa Coracle.<\/li>\n<li>Rellene la solicitud de visado por duplicado o pida cita para prorrogar su permiso de residencia en la Oficina de Extranjeros y rellene all\u00ed el impreso.<\/li>\n<li>Dos fotos de pasaporte. Deben estar actualizados. Lo mejor es acudir a un fot\u00f3grafo profesional. \u00c9l o ella sabr\u00e1 c\u00f3mo aplicar los requisitos legales.<\/li>\n<li>Deber\u00e1 demostrar que participa en un curso de alem\u00e1n en nuestra escuela. Recibir\u00e1 esta prueba de nuestra parte a cambio de las condiciones que se indican a continuaci\u00f3n.<\/li>\n<li>En la mayor\u00eda de los casos, tambi\u00e9n tendr\u00e1 que demostrar que posee un certificado de fin de estudios secundarios o que ha completado una formaci\u00f3n escolar, profesional o universitaria.<\/li>\n<li>Justificante de haber abonado el visado.<\/li>\n<li>Por \u00faltimo, una prueba de que ha pagado el curso o, al menos, un anticipo; en el caso de una pr\u00f3rroga del permiso de residencia, deber\u00e1 demostrar que ha pagado el curso en su totalidad.<\/li>\n<\/ul>\n<h2>Solicitud de cursos de idiomas Hamburgo. As\u00ed funciona el procedimiento:<\/h2>\n<p>Primero inscr\u00edbase en un curso de idiomas con nosotros en la Sprachschule Aktiv de Hamburgo. La inscripci\u00f3n puede hacerse c\u00f3modamente en l\u00ednea, por supuesto tambi\u00e9n puede venir a nuestra oficina si ya est\u00e1 aqu\u00ed y s\u00f3lo quiere prorrogar su visado. <strong>Se ruega abonar el 50% del importe del curso de idiomas, incluidos unos gastos de tramitaci\u00f3n de 200,- euros (ATENCI\u00d3N: \u00a1S\u00f3lo se aceptan PAGOS COMPLETOS para las pr\u00f3rrogas del permiso de residencia!), que posteriormente se compensar\u00e1n con el importe restante, pero no se reembolsar\u00e1n en caso de denegaci\u00f3n del visado o del permiso de residencia<\/strong>. Tambi\u00e9n necesitamos una copia de su pasaporte y un poder notarial facilitado por nosotros con sus datos y firma. A continuaci\u00f3n, emitiremos los documentos requeridos y se los enviaremos por DHL Express a su pa\u00eds de origen o a una direcci\u00f3n de contacto alemana, o bien puede recoger el documento en nuestra oficina o recibirlo por correo electr\u00f3nico (si basta con escanearlo). En la mayor\u00eda de los casos obtendr\u00e1 el visado sin problemas. Si, en contra de lo esperado, no recibe el visado o el permiso de residencia, por supuesto no podr\u00e1 participar en el curso de alem\u00e1n y se le reembolsar\u00e1n todos los gastos menos 200 euros y las horas de curso que haya podido realizar en la fecha fijada por la Oficina de Extranjeros. No obstante, nos quedamos con la tasa de tramitaci\u00f3n, ya que incluso en caso de denegaci\u00f3n hay costes por el trabajo en la solicitud de visado, as\u00ed como por el env\u00edo de los documentos.<\/p>\n<p>Una vez recibida la carta de visado de nuestra parte, se le aplicar\u00e1n las siguientes normas:<\/p>\n<ul>\n<li>Tendr\u00eda que concertar una cita para solicitar un visado o una entrevista en la Embajada de Alemania o en la Oficina de Extranjer\u00eda en <strong>el plazo de dos meses<\/strong> y enviarnos el justificante oficial.<\/li>\n<li>En caso necesario, puede aplazar la fecha de inicio una vez de forma gratuita, pero el segundo aplazamiento le costar\u00e1 80 euros por la nueva preparaci\u00f3n de una carta de visado.<\/li>\n<li>La fecha de inicio del curso aplazado debe estar dentro de los tres meses siguientes al inicio del curso original de la primera carta de visado. No es posible un aplazamiento m\u00e1s all\u00e1 de esta fecha.<\/li>\n<li>Si le deniegan el visado o el permiso de residencia, env\u00edenos la carta de denegaci\u00f3n. Sin ella, no ser\u00e1 posible reembolsarle el importe del curso (excluidos los 200 euros en concepto de gastos de tramitaci\u00f3n y el posible tiempo de curso ya utilizado para los estudiantes que se encuentren en Alemania).<\/li>\n<li>Le rogamos que se <strong>comunique con regularidad y transparencia sobre el progreso de su solicitud de visado o t\u00edtulo de residencia.<\/strong><\/li>\n<li>Una vez que haya recibido su visado (independientemente del inicio del curso de idiomas), \u00a1el segundo plazo del curso de idiomas tambi\u00e9n vencer\u00e1 inmediatamente! En caso de pr\u00f3rroga de la estancia en Alemania, el importe total se abonar\u00e1 desde el principio.<\/li>\n<\/ul>\n<p>En caso de violaci\u00f3n de estos procedimientos, siempre debemos escribir inmediatamente a la Embajada o Consulado alem\u00e1n, as\u00ed como a la respectiva Autoridad de Extranjer\u00eda de Hamburgo y \u00a1anular unilateralmente nuestra carta de visado![\/vc_column_text][\/vc_column][\/vc_row]<\/p>\n","protected":false},"excerpt":{"rendered":"<p>[vc_row css=&#8221;.vc_custom_1555221652585{margin-top: 20px !important;}&#8221;][vc_column][vc_column_text] Visado para el curso de alem\u00e1n en Hamburgo [\/vc_column_text][vc_row_inner][vc_column_inner width=&#8221;1\/2&#8243;][vc_column_text][\/vc_column_text][\/vc_column_inner][vc_column_inner width=&#8221;1\/2&#8243;][vc_column_text]Visado de entrada para cursos de alem\u00e1n en Hamburgo &#8211; Informaci\u00f3n y recomendaciones Para entrar por primera vez en Alemania para un curso de alem\u00e1n en Hamburgo, necesita un visado de entrada si es ciudadano de determinados pa\u00edses no pertenecientes a&hellip; <a class=\"read-more\" href=\"https:\/\/www.sprachschule-aktiv-hamburg.de\/es\/cursos-de-aleman-que-ofrecemos\/visado-para-el-curso-de-aleman-en-hamburgo\/\" title=\"Read Visado para el curso de alem\u00e1n en Hamburgo\">Read more &raquo;<\/a><\/p>\n","protected":false},"author":1,"featured_media":0,"parent":1902,"menu_order":0,"comment_status":"closed","ping_status":"closed","template":"","meta":{"footnotes":""},"class_list":["post-1898","page","type-page","status-publish","hentry"],"yoast_head":"<!-- This site is optimized with the Yoast SEO plugin v27.1.1 - https:\/\/yoast.com\/product\/yoast-seo-wordpress\/ -->\n<title>Visado para el curso de alem\u00e1n en Hamburgo - Visa para Alemania<\/title>\n<meta name=\"description\" content=\"Visado para el curso de alem\u00e1n en Hamburgo. Te ayudamos a conseguir el visado para un curso de alem\u00e1n en Hamburgo. Informaciones para Visa en Alemania.\" \/>\n<meta name=\"robots\" content=\"index, follow, max-snippet:-1, max-image-preview:large, max-video-preview:-1\" \/>\n<link rel=\"canonical\" href=\"https:\/\/www.sprachschule-aktiv-hamburg.de\/es\/cursos-de-aleman-que-ofrecemos\/visado-para-el-curso-de-aleman-en-hamburgo\/\" \/>\n<meta property=\"og:locale\" content=\"es_ES\" \/>\n<meta property=\"og:type\" content=\"article\" \/>\n<meta property=\"og:title\" content=\"Visado para el curso de alem\u00e1n en Hamburgo - Visa para Alemania\" \/>\n<meta property=\"og:description\" content=\"Visado para el curso de alem\u00e1n en Hamburgo. Te ayudamos a conseguir el visado para un curso de alem\u00e1n en Hamburgo. Informaciones para Visa en Alemania.\" \/>\n<meta property=\"og:url\" content=\"https:\/\/www.sprachschule-aktiv-hamburg.de\/es\/cursos-de-aleman-que-ofrecemos\/visado-para-el-curso-de-aleman-en-hamburgo\/\" \/>\n<meta property=\"og:site_name\" content=\"Sprachschule Hamburg\" \/>\n<meta property=\"article:modified_time\" content=\"2023-01-19T16:27:56+00:00\" \/>\n<meta property=\"og:image\" content=\"https:\/\/www.sprachschule-aktiv-hamburg.de\/wp-content\/uploads\/2018\/12\/visum-fuer-deutschkurs-hamburg.jpg\" \/>\n<meta name=\"twitter:card\" content=\"summary_large_image\" \/>\n<meta name=\"twitter:label1\" content=\"Tiempo de lectura\" \/>\n\t<meta name=\"twitter:data1\" content=\"8 minutos\" \/>\n<script type=\"application\/ld+json\" class=\"yoast-schema-graph\">{\"@context\":\"https:\/\/schema.org\",\"@graph\":[{\"@type\":\"WebPage\",\"@id\":\"https:\/\/www.sprachschule-aktiv-hamburg.de\/es\/cursos-de-aleman-que-ofrecemos\/visado-para-el-curso-de-aleman-en-hamburgo\/\",\"url\":\"https:\/\/www.sprachschule-aktiv-hamburg.de\/es\/cursos-de-aleman-que-ofrecemos\/visado-para-el-curso-de-aleman-en-hamburgo\/\",\"name\":\"Visado para el curso de alem\u00e1n en Hamburgo - Visa para Alemania\",\"isPartOf\":{\"@id\":\"https:\/\/www.sprachschule-aktiv-hamburg.de\/#website\"},\"primaryImageOfPage\":{\"@id\":\"https:\/\/www.sprachschule-aktiv-hamburg.de\/es\/cursos-de-aleman-que-ofrecemos\/visado-para-el-curso-de-aleman-en-hamburgo\/#primaryimage\"},\"image\":{\"@id\":\"https:\/\/www.sprachschule-aktiv-hamburg.de\/es\/cursos-de-aleman-que-ofrecemos\/visado-para-el-curso-de-aleman-en-hamburgo\/#primaryimage\"},\"thumbnailUrl\":\"https:\/\/www.sprachschule-aktiv-hamburg.de\/wp-content\/uploads\/2018\/12\/visum-fuer-deutschkurs-hamburg.jpg\",\"datePublished\":\"2018-12-18T06:08:45+00:00\",\"dateModified\":\"2023-01-19T16:27:56+00:00\",\"description\":\"Visado para el curso de alem\u00e1n en Hamburgo. Te ayudamos a conseguir el visado para un curso de alem\u00e1n en Hamburgo. Informaciones para Visa en Alemania.\",\"breadcrumb\":{\"@id\":\"https:\/\/www.sprachschule-aktiv-hamburg.de\/es\/cursos-de-aleman-que-ofrecemos\/visado-para-el-curso-de-aleman-en-hamburgo\/#breadcrumb\"},\"inLanguage\":\"es\",\"potentialAction\":[{\"@type\":\"ReadAction\",\"target\":[\"https:\/\/www.sprachschule-aktiv-hamburg.de\/es\/cursos-de-aleman-que-ofrecemos\/visado-para-el-curso-de-aleman-en-hamburgo\/\"]}]},{\"@type\":\"ImageObject\",\"inLanguage\":\"es\",\"@id\":\"https:\/\/www.sprachschule-aktiv-hamburg.de\/es\/cursos-de-aleman-que-ofrecemos\/visado-para-el-curso-de-aleman-en-hamburgo\/#primaryimage\",\"url\":\"https:\/\/www.sprachschule-aktiv-hamburg.de\/wp-content\/uploads\/2018\/12\/visum-fuer-deutschkurs-hamburg.jpg\",\"contentUrl\":\"https:\/\/www.sprachschule-aktiv-hamburg.de\/wp-content\/uploads\/2018\/12\/visum-fuer-deutschkurs-hamburg.jpg\"},{\"@type\":\"BreadcrumbList\",\"@id\":\"https:\/\/www.sprachschule-aktiv-hamburg.de\/es\/cursos-de-aleman-que-ofrecemos\/visado-para-el-curso-de-aleman-en-hamburgo\/#breadcrumb\",\"itemListElement\":[{\"@type\":\"ListItem\",\"position\":1,\"name\":\"Startseite\",\"item\":\"https:\/\/www.sprachschule-aktiv-hamburg.de\/es\/\"},{\"@type\":\"ListItem\",\"position\":2,\"name\":\"Cursos de alem\u00e1n que ofrecemos\",\"item\":\"https:\/\/www.sprachschule-aktiv-hamburg.de\/es\/cursos-de-aleman-que-ofrecemos\/\"},{\"@type\":\"ListItem\",\"position\":3,\"name\":\"Visado para el curso de alem\u00e1n en Hamburgo\"}]},{\"@type\":\"WebSite\",\"@id\":\"https:\/\/www.sprachschule-aktiv-hamburg.de\/#website\",\"url\":\"https:\/\/www.sprachschule-aktiv-hamburg.de\/\",\"name\":\"Sprachschule Hamburg\",\"description\":\"\",\"potentialAction\":[{\"@type\":\"SearchAction\",\"target\":{\"@type\":\"EntryPoint\",\"urlTemplate\":\"https:\/\/www.sprachschule-aktiv-hamburg.de\/?s={search_term_string}\"},\"query-input\":{\"@type\":\"PropertyValueSpecification\",\"valueRequired\":true,\"valueName\":\"search_term_string\"}}],\"inLanguage\":\"es\"}]}<\/script>\n<!-- \/ Yoast SEO plugin. -->","yoast_head_json":{"title":"Visado para el curso de alem\u00e1n en Hamburgo - Visa para Alemania","description":"Visado para el curso de alem\u00e1n en Hamburgo. Te ayudamos a conseguir el visado para un curso de alem\u00e1n en Hamburgo. Informaciones para Visa en Alemania.","robots":{"index":"index","follow":"follow","max-snippet":"max-snippet:-1","max-image-preview":"max-image-preview:large","max-video-preview":"max-video-preview:-1"},"canonical":"https:\/\/www.sprachschule-aktiv-hamburg.de\/es\/cursos-de-aleman-que-ofrecemos\/visado-para-el-curso-de-aleman-en-hamburgo\/","og_locale":"es_ES","og_type":"article","og_title":"Visado para el curso de alem\u00e1n en Hamburgo - Visa para Alemania","og_description":"Visado para el curso de alem\u00e1n en Hamburgo. Te ayudamos a conseguir el visado para un curso de alem\u00e1n en Hamburgo. Informaciones para Visa en Alemania.","og_url":"https:\/\/www.sprachschule-aktiv-hamburg.de\/es\/cursos-de-aleman-que-ofrecemos\/visado-para-el-curso-de-aleman-en-hamburgo\/","og_site_name":"Sprachschule Hamburg","article_modified_time":"2023-01-19T16:27:56+00:00","og_image":[{"url":"https:\/\/www.sprachschule-aktiv-hamburg.de\/wp-content\/uploads\/2018\/12\/visum-fuer-deutschkurs-hamburg.jpg","type":"","width":"","height":""}],"twitter_card":"summary_large_image","twitter_misc":{"Tiempo de lectura":"8 minutos"},"schema":{"@context":"https:\/\/schema.org","@graph":[{"@type":"WebPage","@id":"https:\/\/www.sprachschule-aktiv-hamburg.de\/es\/cursos-de-aleman-que-ofrecemos\/visado-para-el-curso-de-aleman-en-hamburgo\/","url":"https:\/\/www.sprachschule-aktiv-hamburg.de\/es\/cursos-de-aleman-que-ofrecemos\/visado-para-el-curso-de-aleman-en-hamburgo\/","name":"Visado para el curso de alem\u00e1n en Hamburgo - Visa para Alemania","isPartOf":{"@id":"https:\/\/www.sprachschule-aktiv-hamburg.de\/#website"},"primaryImageOfPage":{"@id":"https:\/\/www.sprachschule-aktiv-hamburg.de\/es\/cursos-de-aleman-que-ofrecemos\/visado-para-el-curso-de-aleman-en-hamburgo\/#primaryimage"},"image":{"@id":"https:\/\/www.sprachschule-aktiv-hamburg.de\/es\/cursos-de-aleman-que-ofrecemos\/visado-para-el-curso-de-aleman-en-hamburgo\/#primaryimage"},"thumbnailUrl":"https:\/\/www.sprachschule-aktiv-hamburg.de\/wp-content\/uploads\/2018\/12\/visum-fuer-deutschkurs-hamburg.jpg","datePublished":"2018-12-18T06:08:45+00:00","dateModified":"2023-01-19T16:27:56+00:00","description":"Visado para el curso de alem\u00e1n en Hamburgo. Te ayudamos a conseguir el visado para un curso de alem\u00e1n en Hamburgo. Informaciones para Visa en Alemania.","breadcrumb":{"@id":"https:\/\/www.sprachschule-aktiv-hamburg.de\/es\/cursos-de-aleman-que-ofrecemos\/visado-para-el-curso-de-aleman-en-hamburgo\/#breadcrumb"},"inLanguage":"es","potentialAction":[{"@type":"ReadAction","target":["https:\/\/www.sprachschule-aktiv-hamburg.de\/es\/cursos-de-aleman-que-ofrecemos\/visado-para-el-curso-de-aleman-en-hamburgo\/"]}]},{"@type":"ImageObject","inLanguage":"es","@id":"https:\/\/www.sprachschule-aktiv-hamburg.de\/es\/cursos-de-aleman-que-ofrecemos\/visado-para-el-curso-de-aleman-en-hamburgo\/#primaryimage","url":"https:\/\/www.sprachschule-aktiv-hamburg.de\/wp-content\/uploads\/2018\/12\/visum-fuer-deutschkurs-hamburg.jpg","contentUrl":"https:\/\/www.sprachschule-aktiv-hamburg.de\/wp-content\/uploads\/2018\/12\/visum-fuer-deutschkurs-hamburg.jpg"},{"@type":"BreadcrumbList","@id":"https:\/\/www.sprachschule-aktiv-hamburg.de\/es\/cursos-de-aleman-que-ofrecemos\/visado-para-el-curso-de-aleman-en-hamburgo\/#breadcrumb","itemListElement":[{"@type":"ListItem","position":1,"name":"Startseite","item":"https:\/\/www.sprachschule-aktiv-hamburg.de\/es\/"},{"@type":"ListItem","position":2,"name":"Cursos de alem\u00e1n que ofrecemos","item":"https:\/\/www.sprachschule-aktiv-hamburg.de\/es\/cursos-de-aleman-que-ofrecemos\/"},{"@type":"ListItem","position":3,"name":"Visado para el curso de alem\u00e1n en Hamburgo"}]},{"@type":"WebSite","@id":"https:\/\/www.sprachschule-aktiv-hamburg.de\/#website","url":"https:\/\/www.sprachschule-aktiv-hamburg.de\/","name":"Sprachschule Hamburg","description":"","potentialAction":[{"@type":"SearchAction","target":{"@type":"EntryPoint","urlTemplate":"https:\/\/www.sprachschule-aktiv-hamburg.de\/?s={search_term_string}"},"query-input":{"@type":"PropertyValueSpecification","valueRequired":true,"valueName":"search_term_string"}}],"inLanguage":"es"}]}},"_links":{"self":[{"href":"https:\/\/www.sprachschule-aktiv-hamburg.de\/es\/wp-json\/wp\/v2\/pages\/1898","targetHints":{"allow":["GET"]}}],"collection":[{"href":"https:\/\/www.sprachschule-aktiv-hamburg.de\/es\/wp-json\/wp\/v2\/pages"}],"about":[{"href":"https:\/\/www.sprachschule-aktiv-hamburg.de\/es\/wp-json\/wp\/v2\/types\/page"}],"author":[{"embeddable":true,"href":"https:\/\/www.sprachschule-aktiv-hamburg.de\/es\/wp-json\/wp\/v2\/users\/1"}],"replies":[{"embeddable":true,"href":"https:\/\/www.sprachschule-aktiv-hamburg.de\/es\/wp-json\/wp\/v2\/comments?post=1898"}],"version-history":[{"count":10,"href":"https:\/\/www.sprachschule-aktiv-hamburg.de\/es\/wp-json\/wp\/v2\/pages\/1898\/revisions"}],"predecessor-version":[{"id":7212,"href":"https:\/\/www.sprachschule-aktiv-hamburg.de\/es\/wp-json\/wp\/v2\/pages\/1898\/revisions\/7212"}],"up":[{"embeddable":true,"href":"https:\/\/www.sprachschule-aktiv-hamburg.de\/es\/wp-json\/wp\/v2\/pages\/1902"}],"wp:attachment":[{"href":"https:\/\/www.sprachschule-aktiv-hamburg.de\/es\/wp-json\/wp\/v2\/media?parent=1898"}],"curies":[{"name":"wp","href":"https:\/\/api.w.org\/{rel}","templated":true}]}}