{"id":1894,"date":"2018-01-23T07:05:44","date_gmt":"2018-01-23T06:05:44","guid":{"rendered":"https:\/\/www.sprachschule-aktiv-hamburg.de\/deutsch-privatunterricht\/"},"modified":"2022-12-30T17:51:56","modified_gmt":"2022-12-30T16:51:56","slug":"clase-privada-de-aleman","status":"publish","type":"page","link":"https:\/\/www.sprachschule-aktiv-hamburg.de\/es\/cursos-de-aleman-que-ofrecemos\/clase-privada-de-aleman\/","title":{"rendered":"Clase privada de alem\u00e1n"},"content":{"rendered":"<p>[vc_row css=&#8221;.vc_custom_1538655211490{margin-top: 25px !important;}&#8221;][vc_column][vc_column_text]<\/p>\n<h1>Clases particulares en Hamburgo \u2013 profesor privado para cursos de alem\u00e1n<\/h1>\n<p>[\/vc_column_text][vc_row_inner][vc_column_inner width=&#8221;1\/2&#8243;][vc_column_text]<iframe title=\"YouTube video player\" src=\"https:\/\/www.youtube.com\/embed\/mqoyiKrwrUs\" width=\"560\" height=\"315\" frameborder=\"0\" allowfullscreen=\"allowfullscreen\"><\/iframe>[\/vc_column_text][\/vc_column_inner][vc_column_inner width=&#8221;1\/2&#8243;][vc_column_text]Si quiere aprender alem\u00e1n en Hamburgo, puede asistir a un curso vespertino; aqu\u00ed se aprende en un ambiente m\u00e1s relajado. La \u00fanica desventaja es que se progresa de forma m\u00e1s lenta.<\/p>\n<p>&nbsp;<\/p>\n<p>Si necesita aprender alem\u00e1n r\u00e1pidamente por motivos profesionales, le recomendamos que reserve clases privadas en Hamburgo. El profesor tendr\u00e1 en cuenta sus necesidades individuales. A trav\u00e9s del contacto directo con un profesor nativo, aprender\u00e1 alem\u00e1n de forma r\u00e1pida y eficaz. Clases privadas de alem\u00e1n en Hamburgo con profesores nativos cualificados. \u00a1Econ\u00f3mico y efectivo! Clases particulares en Hamburgo \u2013 Clases privadas (A1-C2)[\/vc_column_text]\t<div class=\"vc_btn3-container vc_btn3-inline\">\n\t\t<a href=\"\/es\/inscribete-cursos-aleman\/\" class=\"pgs_btn pgs_btn_style_1 pgs_btn_lg\">\n\t\t\t<span>\n\t\t\t\tInscr\u00edbete ahora\t\t\t<\/span>\n\t\t\t\t\t<\/a>\n\t<\/div>\n\t[\/vc_column_inner][\/vc_row_inner][\/vc_column][\/vc_row][vc_row full_width=&#8221;stretch_row&#8221; css=&#8221;.vc_custom_1538655128004{padding-top: 15px !important;padding-bottom: 20px !important;background-color: #f9f9f9 !important;}&#8221;][vc_column][vc_column_text]<\/p>\n<h2>Clases privadas de alem\u00e1n en Hamburgo en todos los niveles desde A1 a C2<\/h2>\n<p>Al reservar un curso de alem\u00e1n con nosotros, no importa el nivel que tenga en ese momento, ya que puede reservar un curso tanto para principiantes como para avanzados (A1 a C2).<\/p>\n<p>Utilizamos como gu\u00eda el Marco Com\u00fan Europeo de Referencia para las Lenguas (MCERL). Debido al contacto cercano con los profesores, los estudiantes principiantes aprenden r\u00e1pidamente las bases del idioma y pueden comunicarse en alem\u00e1n despu\u00e9s de las primeras horas de clase.<\/p>\n<p>Tambi\u00e9n disponemos de un amplio material de pr\u00e1ctica para estudiantes avanzados. Si no sabe exactamente qu\u00e9 nivel es el adecuado para usted, deber\u00eda hacer nuestra prueba de nivel gratuita. Esta se hace r\u00e1pidamente y proporciona informaci\u00f3n valiosa para el profesor.<\/p>\n<img decoding=\"async\" class=\"aligncenter size-full wp-image-2367\" src=\"https:\/\/www.sprachschule-aktiv-hamburg.de\/wp-content\/uploads\/2019\/07\/clases-particulares-aleman-hamburgo.jpg\" alt=\"Clases particulares de alem\u00e1n en Hamburgo\" width=\"344\" height=\"229\" srcset=\"https:\/\/www.sprachschule-aktiv-hamburg.de\/wp-content\/uploads\/2019\/07\/clases-particulares-aleman-hamburgo.jpg 344w, https:\/\/www.sprachschule-aktiv-hamburg.de\/wp-content\/uploads\/2019\/07\/clases-particulares-aleman-hamburgo-300x200.jpg 300w\" sizes=\"(max-width: 344px) 100vw, 344px\" \/>\n<h2>Profesor de alem\u00e1n en Hamburgo para cursos privados (cursos de alem\u00e1n)<\/h2>\n<p>Contamos con profesores nativos. Con ellos progresar\u00e1 r\u00e1pidamente y pronto tendr\u00e1 una pronunciaci\u00f3n perfecta.\u00a0Nuestros profesores ense\u00f1an v\u00edvidamente, por lo que el tiempo parece ser m\u00e1s corto de lo que es. A la hora de elegir un profesor, tambi\u00e9n es importante para nosotros que tenga una personalidad agradable, ya que esto es muy importante para el progreso del aprendizaje.<\/p>\n<h2>Clases privadas de alem\u00e1n<\/h2>\n<p>No hay horarios espec\u00edficos para las clases privadas, sino que, junto al profesor, podr\u00e1 decidir cu\u00e1ndo impartir las clases.<\/p>\n<p>Muchos de nuestros profesores tambi\u00e9n tienen tiempo para usted durante los fines de semana. Por supuesto, puede comunicar deseos, propuestas sobre el plan de estudios. Si quiere saber m\u00e1s acerca de Alemania, d\u00edgaselo a su profesor y as\u00ed tambi\u00e9n le instruir\u00e1 sobre la historia del pa\u00eds. El profesor tambi\u00e9n puede darle algunos consejos sobre c\u00f3mo pasar el tiempo libre en Hamburgo, ya que es una ciudad fascinante donde se pueden hacer cosas nuevas todos los d\u00edas.[\/vc_column_text][\/vc_column][\/vc_row][vc_row][vc_column][vc_column_text]<\/p>\n<h2>Condiciones para un curso privado de alem\u00e1n en Hamburgo<\/h2>\n<p>Merece la pena si planifica bien la participaci\u00f3n en el curso. Cuantas m\u00e1s horas reserve, m\u00e1s econ\u00f3micas ser\u00e1n:<\/p>\n<p>O paquetes:<\/p>\n<ul>\n<li>5 clases de 90 minutos por 420 \u20ac,-<\/li>\n<li>10 clases de 90 minutos por 800 \u20ac,-<\/li>\n<li>15 clases de 90 minutos por 1.140 \u20ac,-<\/li>\n<\/ul>\n<p>[\/vc_column_text][\/vc_column][\/vc_row]<\/p>\n","protected":false},"excerpt":{"rendered":"<p>[vc_row css=&#8221;.vc_custom_1538655211490{margin-top: 25px !important;}&#8221;][vc_column][vc_column_text] Clases particulares en Hamburgo \u2013 profesor privado para cursos de alem\u00e1n [\/vc_column_text][vc_row_inner][vc_column_inner width=&#8221;1\/2&#8243;][vc_column_text][\/vc_column_text][\/vc_column_inner][vc_column_inner width=&#8221;1\/2&#8243;][vc_column_text]Si quiere aprender alem\u00e1n en Hamburgo, puede asistir a un curso vespertino; aqu\u00ed se aprende en un ambiente m\u00e1s relajado. La \u00fanica desventaja es que se progresa de forma m\u00e1s lenta. &nbsp; Si necesita aprender alem\u00e1n r\u00e1pidamente por&hellip; <a class=\"read-more\" href=\"https:\/\/www.sprachschule-aktiv-hamburg.de\/es\/cursos-de-aleman-que-ofrecemos\/clase-privada-de-aleman\/\" title=\"Read Clase privada de alem\u00e1n\">Read more &raquo;<\/a><\/p>\n","protected":false},"author":1,"featured_media":0,"parent":1902,"menu_order":0,"comment_status":"closed","ping_status":"closed","template":"","meta":{"footnotes":""},"class_list":["post-1894","page","type-page","status-publish","hentry"],"yoast_head":"<!-- This site is optimized with the Yoast SEO plugin v27.1.1 - https:\/\/yoast.com\/product\/yoast-seo-wordpress\/ -->\n<title>Clases particulares en Hamburgo \u2013 Clases privadas (A1-C2)<\/title>\n<meta name=\"description\" content=\"Encontrar profesor privado para cursos de alem\u00e1n. Clases particulares de alem\u00e1n en Hamburgo en todos los niveles desde A1 a C2.\" \/>\n<meta name=\"robots\" content=\"index, follow, max-snippet:-1, max-image-preview:large, max-video-preview:-1\" \/>\n<link rel=\"canonical\" href=\"https:\/\/www.sprachschule-aktiv-hamburg.de\/es\/cursos-de-aleman-que-ofrecemos\/clase-privada-de-aleman\/\" \/>\n<meta property=\"og:locale\" content=\"es_ES\" \/>\n<meta property=\"og:type\" content=\"article\" \/>\n<meta property=\"og:title\" content=\"Clases particulares en Hamburgo \u2013 Clases privadas (A1-C2)\" \/>\n<meta property=\"og:description\" content=\"Encontrar profesor privado para cursos de alem\u00e1n. Clases particulares de alem\u00e1n en Hamburgo en todos los niveles desde A1 a C2.\" \/>\n<meta property=\"og:url\" content=\"https:\/\/www.sprachschule-aktiv-hamburg.de\/es\/cursos-de-aleman-que-ofrecemos\/clase-privada-de-aleman\/\" \/>\n<meta property=\"og:site_name\" content=\"Sprachschule Hamburg\" \/>\n<meta property=\"article:modified_time\" content=\"2022-12-30T16:51:56+00:00\" \/>\n<meta property=\"og:image\" content=\"https:\/\/www.sprachschule-aktiv-hamburg.de\/wp-content\/uploads\/2019\/07\/clases-particulares-aleman-hamburgo.jpg\" \/>\n<meta name=\"twitter:card\" content=\"summary_large_image\" \/>\n<meta name=\"twitter:label1\" content=\"Tiempo de lectura\" \/>\n\t<meta name=\"twitter:data1\" content=\"3 minutos\" \/>\n<script type=\"application\/ld+json\" class=\"yoast-schema-graph\">{\"@context\":\"https:\/\/schema.org\",\"@graph\":[{\"@type\":\"WebPage\",\"@id\":\"https:\/\/www.sprachschule-aktiv-hamburg.de\/es\/cursos-de-aleman-que-ofrecemos\/clase-privada-de-aleman\/\",\"url\":\"https:\/\/www.sprachschule-aktiv-hamburg.de\/es\/cursos-de-aleman-que-ofrecemos\/clase-privada-de-aleman\/\",\"name\":\"Clases particulares en Hamburgo \u2013 Clases privadas (A1-C2)\",\"isPartOf\":{\"@id\":\"https:\/\/www.sprachschule-aktiv-hamburg.de\/#website\"},\"primaryImageOfPage\":{\"@id\":\"https:\/\/www.sprachschule-aktiv-hamburg.de\/es\/cursos-de-aleman-que-ofrecemos\/clase-privada-de-aleman\/#primaryimage\"},\"image\":{\"@id\":\"https:\/\/www.sprachschule-aktiv-hamburg.de\/es\/cursos-de-aleman-que-ofrecemos\/clase-privada-de-aleman\/#primaryimage\"},\"thumbnailUrl\":\"https:\/\/www.sprachschule-aktiv-hamburg.de\/wp-content\/uploads\/2019\/07\/clases-particulares-aleman-hamburgo.jpg\",\"datePublished\":\"2018-01-23T06:05:44+00:00\",\"dateModified\":\"2022-12-30T16:51:56+00:00\",\"description\":\"Encontrar profesor privado para cursos de alem\u00e1n. Clases particulares de alem\u00e1n en Hamburgo en todos los niveles desde A1 a C2.\",\"breadcrumb\":{\"@id\":\"https:\/\/www.sprachschule-aktiv-hamburg.de\/es\/cursos-de-aleman-que-ofrecemos\/clase-privada-de-aleman\/#breadcrumb\"},\"inLanguage\":\"es\",\"potentialAction\":[{\"@type\":\"ReadAction\",\"target\":[\"https:\/\/www.sprachschule-aktiv-hamburg.de\/es\/cursos-de-aleman-que-ofrecemos\/clase-privada-de-aleman\/\"]}]},{\"@type\":\"ImageObject\",\"inLanguage\":\"es\",\"@id\":\"https:\/\/www.sprachschule-aktiv-hamburg.de\/es\/cursos-de-aleman-que-ofrecemos\/clase-privada-de-aleman\/#primaryimage\",\"url\":\"https:\/\/www.sprachschule-aktiv-hamburg.de\/wp-content\/uploads\/2019\/07\/clases-particulares-aleman-hamburgo.jpg\",\"contentUrl\":\"https:\/\/www.sprachschule-aktiv-hamburg.de\/wp-content\/uploads\/2019\/07\/clases-particulares-aleman-hamburgo.jpg\"},{\"@type\":\"BreadcrumbList\",\"@id\":\"https:\/\/www.sprachschule-aktiv-hamburg.de\/es\/cursos-de-aleman-que-ofrecemos\/clase-privada-de-aleman\/#breadcrumb\",\"itemListElement\":[{\"@type\":\"ListItem\",\"position\":1,\"name\":\"Startseite\",\"item\":\"https:\/\/www.sprachschule-aktiv-hamburg.de\/es\/\"},{\"@type\":\"ListItem\",\"position\":2,\"name\":\"Cursos de alem\u00e1n que ofrecemos\",\"item\":\"https:\/\/www.sprachschule-aktiv-hamburg.de\/es\/cursos-de-aleman-que-ofrecemos\/\"},{\"@type\":\"ListItem\",\"position\":3,\"name\":\"Clase privada de alem\u00e1n\"}]},{\"@type\":\"WebSite\",\"@id\":\"https:\/\/www.sprachschule-aktiv-hamburg.de\/#website\",\"url\":\"https:\/\/www.sprachschule-aktiv-hamburg.de\/\",\"name\":\"Sprachschule Hamburg\",\"description\":\"\",\"potentialAction\":[{\"@type\":\"SearchAction\",\"target\":{\"@type\":\"EntryPoint\",\"urlTemplate\":\"https:\/\/www.sprachschule-aktiv-hamburg.de\/?s={search_term_string}\"},\"query-input\":{\"@type\":\"PropertyValueSpecification\",\"valueRequired\":true,\"valueName\":\"search_term_string\"}}],\"inLanguage\":\"es\"}]}<\/script>\n<!-- \/ Yoast SEO plugin. -->","yoast_head_json":{"title":"Clases particulares en Hamburgo \u2013 Clases privadas (A1-C2)","description":"Encontrar profesor privado para cursos de alem\u00e1n. Clases particulares de alem\u00e1n en Hamburgo en todos los niveles desde A1 a C2.","robots":{"index":"index","follow":"follow","max-snippet":"max-snippet:-1","max-image-preview":"max-image-preview:large","max-video-preview":"max-video-preview:-1"},"canonical":"https:\/\/www.sprachschule-aktiv-hamburg.de\/es\/cursos-de-aleman-que-ofrecemos\/clase-privada-de-aleman\/","og_locale":"es_ES","og_type":"article","og_title":"Clases particulares en Hamburgo \u2013 Clases privadas (A1-C2)","og_description":"Encontrar profesor privado para cursos de alem\u00e1n. Clases particulares de alem\u00e1n en Hamburgo en todos los niveles desde A1 a C2.","og_url":"https:\/\/www.sprachschule-aktiv-hamburg.de\/es\/cursos-de-aleman-que-ofrecemos\/clase-privada-de-aleman\/","og_site_name":"Sprachschule Hamburg","article_modified_time":"2022-12-30T16:51:56+00:00","og_image":[{"url":"https:\/\/www.sprachschule-aktiv-hamburg.de\/wp-content\/uploads\/2019\/07\/clases-particulares-aleman-hamburgo.jpg","type":"","width":"","height":""}],"twitter_card":"summary_large_image","twitter_misc":{"Tiempo de lectura":"3 minutos"},"schema":{"@context":"https:\/\/schema.org","@graph":[{"@type":"WebPage","@id":"https:\/\/www.sprachschule-aktiv-hamburg.de\/es\/cursos-de-aleman-que-ofrecemos\/clase-privada-de-aleman\/","url":"https:\/\/www.sprachschule-aktiv-hamburg.de\/es\/cursos-de-aleman-que-ofrecemos\/clase-privada-de-aleman\/","name":"Clases particulares en Hamburgo \u2013 Clases privadas (A1-C2)","isPartOf":{"@id":"https:\/\/www.sprachschule-aktiv-hamburg.de\/#website"},"primaryImageOfPage":{"@id":"https:\/\/www.sprachschule-aktiv-hamburg.de\/es\/cursos-de-aleman-que-ofrecemos\/clase-privada-de-aleman\/#primaryimage"},"image":{"@id":"https:\/\/www.sprachschule-aktiv-hamburg.de\/es\/cursos-de-aleman-que-ofrecemos\/clase-privada-de-aleman\/#primaryimage"},"thumbnailUrl":"https:\/\/www.sprachschule-aktiv-hamburg.de\/wp-content\/uploads\/2019\/07\/clases-particulares-aleman-hamburgo.jpg","datePublished":"2018-01-23T06:05:44+00:00","dateModified":"2022-12-30T16:51:56+00:00","description":"Encontrar profesor privado para cursos de alem\u00e1n. Clases particulares de alem\u00e1n en Hamburgo en todos los niveles desde A1 a C2.","breadcrumb":{"@id":"https:\/\/www.sprachschule-aktiv-hamburg.de\/es\/cursos-de-aleman-que-ofrecemos\/clase-privada-de-aleman\/#breadcrumb"},"inLanguage":"es","potentialAction":[{"@type":"ReadAction","target":["https:\/\/www.sprachschule-aktiv-hamburg.de\/es\/cursos-de-aleman-que-ofrecemos\/clase-privada-de-aleman\/"]}]},{"@type":"ImageObject","inLanguage":"es","@id":"https:\/\/www.sprachschule-aktiv-hamburg.de\/es\/cursos-de-aleman-que-ofrecemos\/clase-privada-de-aleman\/#primaryimage","url":"https:\/\/www.sprachschule-aktiv-hamburg.de\/wp-content\/uploads\/2019\/07\/clases-particulares-aleman-hamburgo.jpg","contentUrl":"https:\/\/www.sprachschule-aktiv-hamburg.de\/wp-content\/uploads\/2019\/07\/clases-particulares-aleman-hamburgo.jpg"},{"@type":"BreadcrumbList","@id":"https:\/\/www.sprachschule-aktiv-hamburg.de\/es\/cursos-de-aleman-que-ofrecemos\/clase-privada-de-aleman\/#breadcrumb","itemListElement":[{"@type":"ListItem","position":1,"name":"Startseite","item":"https:\/\/www.sprachschule-aktiv-hamburg.de\/es\/"},{"@type":"ListItem","position":2,"name":"Cursos de alem\u00e1n que ofrecemos","item":"https:\/\/www.sprachschule-aktiv-hamburg.de\/es\/cursos-de-aleman-que-ofrecemos\/"},{"@type":"ListItem","position":3,"name":"Clase privada de alem\u00e1n"}]},{"@type":"WebSite","@id":"https:\/\/www.sprachschule-aktiv-hamburg.de\/#website","url":"https:\/\/www.sprachschule-aktiv-hamburg.de\/","name":"Sprachschule Hamburg","description":"","potentialAction":[{"@type":"SearchAction","target":{"@type":"EntryPoint","urlTemplate":"https:\/\/www.sprachschule-aktiv-hamburg.de\/?s={search_term_string}"},"query-input":{"@type":"PropertyValueSpecification","valueRequired":true,"valueName":"search_term_string"}}],"inLanguage":"es"}]}},"_links":{"self":[{"href":"https:\/\/www.sprachschule-aktiv-hamburg.de\/es\/wp-json\/wp\/v2\/pages\/1894","targetHints":{"allow":["GET"]}}],"collection":[{"href":"https:\/\/www.sprachschule-aktiv-hamburg.de\/es\/wp-json\/wp\/v2\/pages"}],"about":[{"href":"https:\/\/www.sprachschule-aktiv-hamburg.de\/es\/wp-json\/wp\/v2\/types\/page"}],"author":[{"embeddable":true,"href":"https:\/\/www.sprachschule-aktiv-hamburg.de\/es\/wp-json\/wp\/v2\/users\/1"}],"replies":[{"embeddable":true,"href":"https:\/\/www.sprachschule-aktiv-hamburg.de\/es\/wp-json\/wp\/v2\/comments?post=1894"}],"version-history":[{"count":12,"href":"https:\/\/www.sprachschule-aktiv-hamburg.de\/es\/wp-json\/wp\/v2\/pages\/1894\/revisions"}],"predecessor-version":[{"id":7143,"href":"https:\/\/www.sprachschule-aktiv-hamburg.de\/es\/wp-json\/wp\/v2\/pages\/1894\/revisions\/7143"}],"up":[{"embeddable":true,"href":"https:\/\/www.sprachschule-aktiv-hamburg.de\/es\/wp-json\/wp\/v2\/pages\/1902"}],"wp:attachment":[{"href":"https:\/\/www.sprachschule-aktiv-hamburg.de\/es\/wp-json\/wp\/v2\/media?parent=1894"}],"curies":[{"name":"wp","href":"https:\/\/api.w.org\/{rel}","templated":true}]}}