{"id":1891,"date":"2018-12-10T06:03:29","date_gmt":"2018-12-10T05:03:29","guid":{"rendered":"https:\/\/www.sprachschule-aktiv-hamburg.de\/testdaf-vorbereitungskurse\/"},"modified":"2019-11-07T16:09:54","modified_gmt":"2019-11-07T15:09:54","slug":"cursos-de-preparacion-testdaf","status":"publish","type":"page","link":"https:\/\/www.sprachschule-aktiv-hamburg.de\/es\/cursos-de-aleman-que-ofrecemos\/cursos-de-preparacion-testdaf\/","title":{"rendered":"Cursos de preparaci\u00f3n para el TestDaF"},"content":{"rendered":"<p>[vc_row css=&#8221;.vc_custom_1555129928988{margin-top: 20px !important;}&#8221;][vc_column][vc_column_text]<\/p>\n<h1>Cursos de preparaci\u00f3n para el TestDaF en Hamburgo \u2013 fechas y precios<\/h1>\n<p>[\/vc_column_text][vc_row_inner][vc_column_inner width=&#8221;1\/2&#8243;][vc_column_text]<img decoding=\"async\" class=\"alignnone wp-image-624 size-full\" src=\"https:\/\/www.sprachschule-aktiv-hamburg.de\/wp-content\/uploads\/2018\/12\/test-daf-vorbereitungskurse-hamburg.jpg\" alt=\"Cursos de preparaci\u00f3n para el TestDaF en Hamburgo \" width=\"600\" height=\"352\" srcset=\"https:\/\/www.sprachschule-aktiv-hamburg.de\/wp-content\/uploads\/2018\/12\/test-daf-vorbereitungskurse-hamburg.jpg 600w, https:\/\/www.sprachschule-aktiv-hamburg.de\/wp-content\/uploads\/2018\/12\/test-daf-vorbereitungskurse-hamburg-300x176.jpg 300w, https:\/\/www.sprachschule-aktiv-hamburg.de\/wp-content\/uploads\/2018\/12\/test-daf-vorbereitungskurse-hamburg-124x74.jpg 124w\" sizes=\"(max-width: 600px) 100vw, 600px\" \/>[\/vc_column_text][\/vc_column_inner][vc_column_inner width=&#8221;1\/2&#8243;][vc_column_text]Si quiere estudiar en la Universidad de Hamburgo, es necesario tener un amplio conocimiento de alem\u00e1n. Al presentar la solicitud, las autoridades competentes exigen un certificado correspondiente. Este certificado se puede obtener en nuestra escuela de idiomas Sprachschule Aktiv en Hamburgo.<\/p>\n<p>La mayor\u00eda de los estudiantes participan en el TestDaF, \u201cTest Deutsch als Fremdsprache\u201d (prueba de alem\u00e1n como lengua extranjera). Este certificado reconocido certifica el dominio del alem\u00e1n en un nivel que le permite participar en conferencias y seminarios en alem\u00e1n.[\/vc_column_text]\t<div class=\"vc_btn3-container vc_btn3-inline\">\n\t\t<a href=\"\/es\/inscribete-cursos-aleman\/\" class=\"pgs_btn pgs_btn_style_1 pgs_btn_lg\">\n\t\t\t<span>\n\t\t\t\tInscr\u00edbete ahora\t\t\t<\/span>\n\t\t\t\t\t<\/a>\n\t<\/div>\n\t[\/vc_column_inner][\/vc_row_inner][\/vc_column][\/vc_row][vc_row full_width=&#8221;stretch_row&#8221; css=&#8221;.vc_custom_1555130130919{padding-top: 15px !important;padding-bottom: 15px !important;background-color: #f8f8f8 !important;}&#8221;][vc_column][vc_column_text]<\/p>\n<h2>Requisitos para participar en el curso preparatorio \u2013 prueba de alem\u00e1n como lengua extranjera<\/h2>\n<p>Nuestro trabajo no es principalmente ense\u00f1arle alem\u00e1n, ya que este conocimiento es un requisito previo. Su nivel de idioma debe ser por lo menos B2. Nos guiamos por el MCERL (Marco Com\u00fan Europeo de Referencia para las Lenguas). Este clasifica la capacidad ling\u00fc\u00edstica en los niveles A1, A2, B1, B2, C1, C2. Si no est\u00e1 seguro de tener los conocimientos suficientes, le recomendamos la prueba de nivel, ya que la participaci\u00f3n s\u00f3lo tiene sentido si la prueba certifica el nivel requerido. Puede realizar la prueba de nivel c\u00f3modamente online.<\/p>\n<h2>TestDaF \u2013 c\u00f3mo le preparamos<\/h2>\n<p>Como ya se ha mencionado anteriormente, no es nuestro trabajo ense\u00f1arle las estructuras b\u00e1sicas del idioma alem\u00e1n. Practicaremos la situaci\u00f3n del examen con usted, para que pueda obtener una idea exacta de lo que puede esperar. Se le asignar\u00e1n tareas de examen que le permitir\u00e1n completar el examen en una situaci\u00f3n real. Adem\u00e1s, practicaremos las habilidades requeridas, es decir, leer, escribir y hablar.<\/p>\n<p>Para aprobar el examen debe ser capaz de leer y comprender los textos cient\u00edficos, ya que es importante poder participar en discusiones sobre su campo de especializaci\u00f3n en alem\u00e1n. S\u00f3lo entonces tiene sentido estudiar en la Universidad de Hamburgo.[\/vc_column_text][\/vc_column][\/vc_row][vc_row][vc_column][vc_column_text]<\/p>\n<h2>La estructura del examen<\/h2>\n<p>El TestDaF consta de cuatro partes:<\/p>\n<ul>\n<li>La comprensi\u00f3n lectora dura 60 minutos.<\/li>\n<li>La comprensi\u00f3n auditiva se eval\u00faa durante 40 minutos.<\/li>\n<li>La prueba escrita dura 60 minutos.<\/li>\n<li>Y por \u00faltimo la parte oral del examen. Es un examen individual mediante un ordenador.<\/li>\n<\/ul>\n<p>Para aprobar no es suficiente conocer las palabras y la gram\u00e1tica alemana. Tiene que demostrar que tiene la capacidad de comunicaci\u00f3n que le permite hablar con sus compa\u00f1eros alemanes en igualdad de condiciones.<\/p>\n<h2>El certificado le da acceso a la universidad, colegios t\u00e9cnicos y profesiones interesantes<\/h2>\n<p>Despu\u00e9s de aprobar el examen, recibir\u00e1 un certificado. Esto le permitir\u00e1 solicitar una plaza en la Universidad de Hamburgo. Adem\u00e1s, empresas tambi\u00e9n exigen el certificado como prueba de sus habilidades ling\u00fc\u00edsticas.<\/p>\n<p>\n<table id=\"tablepress-4\" class=\"tablepress tablepress-id-4\">\n<thead>\n<tr class=\"row-1\">\n\t<th class=\"column-1\">Intensivkurse<\/th><th class=\"column-2\">Kursbeginn<\/th><th class=\"column-3\">Termine<\/th><th class=\"column-4\">Uhrzeit<\/th>\n<\/tr>\n<\/thead>\n<tbody class=\"row-striping row-hover\">\n<tr class=\"row-2\">\n\t<td class=\"column-1\">Kalenderjahr 2026<\/td><td class=\"column-2\"><\/td><td class=\"column-3\"><\/td><td class=\"column-4\"><\/td>\n<\/tr>\n<tr class=\"row-3\">\n\t<td class=\"column-1\">Kursfreie Woche<\/td><td class=\"column-2\">30.03.2026 - 03.04.2026<\/td><td class=\"column-3\"><\/td><td class=\"column-4\"><\/td>\n<\/tr>\n<tr class=\"row-4\">\n\t<td class=\"column-1\">April<\/td><td class=\"column-2\">07.04.2026 - 30.04.2026<\/td><td class=\"column-3\">Montag bis Freitag<\/td><td class=\"column-4\">9:00 bis 12:00 Uhr<\/td>\n<\/tr>\n<tr class=\"row-5\">\n\t<td class=\"column-1\">Mai<\/td><td class=\"column-2\">04.05.2026 - 29.05.2026<\/td><td class=\"column-3\">Montag bis Freitag<\/td><td class=\"column-4\">9:00 bis 12:00 Uhr<\/td>\n<\/tr>\n<tr class=\"row-6\">\n\t<td class=\"column-1\">Kursfreie Woche<\/td><td class=\"column-2\">01.06.2026 - 05.06.2026<\/td><td class=\"column-3\"><\/td><td class=\"column-4\"><\/td>\n<\/tr>\n<tr class=\"row-7\">\n\t<td class=\"column-1\">Juni<\/td><td class=\"column-2\">08.06.2026 - 03.07.2026<\/td><td class=\"column-3\">Montag bis Freitag<\/td><td class=\"column-4\">9:00 bis 12:00 Uhr<\/td>\n<\/tr>\n<tr class=\"row-8\">\n\t<td class=\"column-1\">Juli<\/td><td class=\"column-2\">06.07.2026 - 31.07.2026<\/td><td class=\"column-3\">Montag bis Freitag<\/td><td class=\"column-4\">9:00 bis 12:00 Uhr<\/td>\n<\/tr>\n<tr class=\"row-9\">\n\t<td class=\"column-1\">August<\/td><td class=\"column-2\">03.08.2026 - 28.08.2026<\/td><td class=\"column-3\">Montag bis Freitag<\/td><td class=\"column-4\">9:00 bis 12:00 Uhr<\/td>\n<\/tr>\n<tr class=\"row-10\">\n\t<td class=\"column-1\">September<\/td><td class=\"column-2\">31.08.2026 - 25.09.2026<\/td><td class=\"column-3\">Montag bis Freitag<\/td><td class=\"column-4\">9:00 bis 12:00 Uhr<\/td>\n<\/tr>\n<tr class=\"row-11\">\n\t<td class=\"column-1\">Oktober<\/td><td class=\"column-2\">28.09.2026 - 23.10.2026<\/td><td class=\"column-3\">Montag bis Freitag<\/td><td class=\"column-4\">9:00 bis 12:00 Uhr<\/td>\n<\/tr>\n<tr class=\"row-12\">\n\t<td class=\"column-1\">November<\/td><td class=\"column-2\">26.10.2026 - 20.11.2026<\/td><td class=\"column-3\">Montag bis Freitag<\/td><td class=\"column-4\">9:00 bis 12:00 Uhr<\/td>\n<\/tr>\n<tr class=\"row-13\">\n\t<td class=\"column-1\">Dezember<\/td><td class=\"column-2\">23.11.2026-18.12.2026<\/td><td class=\"column-3\">Montag bis Freitag<\/td><td class=\"column-4\">9:00 bis 12:00 Uhr<\/td>\n<\/tr>\n<\/tbody>\n<\/table>\n<!-- #tablepress-4 from cache -->[\/vc_column_text][\/vc_column][\/vc_row]<\/p>\n","protected":false},"excerpt":{"rendered":"<p>[vc_row css=&#8221;.vc_custom_1555129928988{margin-top: 20px !important;}&#8221;][vc_column][vc_column_text] Cursos de preparaci\u00f3n para el TestDaF en Hamburgo \u2013 fechas y precios [\/vc_column_text][vc_row_inner][vc_column_inner width=&#8221;1\/2&#8243;][vc_column_text][\/vc_column_text][\/vc_column_inner][vc_column_inner width=&#8221;1\/2&#8243;][vc_column_text]Si quiere estudiar en la Universidad de Hamburgo, es necesario tener un amplio conocimiento de alem\u00e1n. Al presentar la solicitud, las autoridades competentes exigen un certificado correspondiente. Este certificado se puede obtener en nuestra escuela de idiomas&hellip; <a class=\"read-more\" href=\"https:\/\/www.sprachschule-aktiv-hamburg.de\/es\/cursos-de-aleman-que-ofrecemos\/cursos-de-preparacion-testdaf\/\" title=\"Read Cursos de preparaci\u00f3n para el TestDaF\">Read more &raquo;<\/a><\/p>\n","protected":false},"author":2,"featured_media":0,"parent":1902,"menu_order":0,"comment_status":"closed","ping_status":"closed","template":"","meta":{"footnotes":""},"class_list":["post-1891","page","type-page","status-publish","hentry"],"yoast_head":"<!-- This site is optimized with the Yoast SEO plugin v27.1.1 - https:\/\/yoast.com\/product\/yoast-seo-wordpress\/ -->\n<title>Cursos de preparaci\u00f3n para el TestDaF en Hamburgo<\/title>\n<meta name=\"description\" content=\"Si quieres estudiar en la Universidad de Hamburgo, es necesario tener un amplio conocimiento de alem\u00e1n. Cursos de preparaci\u00f3n para el TestDaF en Hamburgo.\" \/>\n<meta name=\"robots\" content=\"index, follow, max-snippet:-1, max-image-preview:large, max-video-preview:-1\" \/>\n<link rel=\"canonical\" href=\"https:\/\/www.sprachschule-aktiv-hamburg.de\/es\/cursos-de-aleman-que-ofrecemos\/cursos-de-preparacion-testdaf\/\" \/>\n<meta property=\"og:locale\" content=\"es_ES\" \/>\n<meta property=\"og:type\" content=\"article\" \/>\n<meta property=\"og:title\" content=\"Cursos de preparaci\u00f3n para el TestDaF en Hamburgo\" \/>\n<meta property=\"og:description\" content=\"Si quieres estudiar en la Universidad de Hamburgo, es necesario tener un amplio conocimiento de alem\u00e1n. Cursos de preparaci\u00f3n para el TestDaF en Hamburgo.\" \/>\n<meta property=\"og:url\" content=\"https:\/\/www.sprachschule-aktiv-hamburg.de\/es\/cursos-de-aleman-que-ofrecemos\/cursos-de-preparacion-testdaf\/\" \/>\n<meta property=\"og:site_name\" content=\"Sprachschule Hamburg\" \/>\n<meta property=\"article:modified_time\" content=\"2019-11-07T15:09:54+00:00\" \/>\n<meta property=\"og:image\" content=\"https:\/\/www.sprachschule-aktiv-hamburg.de\/wp-content\/uploads\/2018\/12\/test-daf-vorbereitungskurse-hamburg.jpg\" \/>\n<meta name=\"twitter:card\" content=\"summary_large_image\" \/>\n<meta name=\"twitter:label1\" content=\"Tiempo de lectura\" \/>\n\t<meta name=\"twitter:data1\" content=\"3 minutos\" \/>\n<script type=\"application\/ld+json\" class=\"yoast-schema-graph\">{\"@context\":\"https:\/\/schema.org\",\"@graph\":[{\"@type\":\"WebPage\",\"@id\":\"https:\/\/www.sprachschule-aktiv-hamburg.de\/es\/cursos-de-aleman-que-ofrecemos\/cursos-de-preparacion-testdaf\/\",\"url\":\"https:\/\/www.sprachschule-aktiv-hamburg.de\/es\/cursos-de-aleman-que-ofrecemos\/cursos-de-preparacion-testdaf\/\",\"name\":\"Cursos de preparaci\u00f3n para el TestDaF en Hamburgo\",\"isPartOf\":{\"@id\":\"https:\/\/www.sprachschule-aktiv-hamburg.de\/#website\"},\"primaryImageOfPage\":{\"@id\":\"https:\/\/www.sprachschule-aktiv-hamburg.de\/es\/cursos-de-aleman-que-ofrecemos\/cursos-de-preparacion-testdaf\/#primaryimage\"},\"image\":{\"@id\":\"https:\/\/www.sprachschule-aktiv-hamburg.de\/es\/cursos-de-aleman-que-ofrecemos\/cursos-de-preparacion-testdaf\/#primaryimage\"},\"thumbnailUrl\":\"https:\/\/www.sprachschule-aktiv-hamburg.de\/wp-content\/uploads\/2018\/12\/test-daf-vorbereitungskurse-hamburg.jpg\",\"datePublished\":\"2018-12-10T05:03:29+00:00\",\"dateModified\":\"2019-11-07T15:09:54+00:00\",\"description\":\"Si quieres estudiar en la Universidad de Hamburgo, es necesario tener un amplio conocimiento de alem\u00e1n. Cursos de preparaci\u00f3n para el TestDaF en Hamburgo.\",\"breadcrumb\":{\"@id\":\"https:\/\/www.sprachschule-aktiv-hamburg.de\/es\/cursos-de-aleman-que-ofrecemos\/cursos-de-preparacion-testdaf\/#breadcrumb\"},\"inLanguage\":\"es\",\"potentialAction\":[{\"@type\":\"ReadAction\",\"target\":[\"https:\/\/www.sprachschule-aktiv-hamburg.de\/es\/cursos-de-aleman-que-ofrecemos\/cursos-de-preparacion-testdaf\/\"]}]},{\"@type\":\"ImageObject\",\"inLanguage\":\"es\",\"@id\":\"https:\/\/www.sprachschule-aktiv-hamburg.de\/es\/cursos-de-aleman-que-ofrecemos\/cursos-de-preparacion-testdaf\/#primaryimage\",\"url\":\"https:\/\/www.sprachschule-aktiv-hamburg.de\/wp-content\/uploads\/2018\/12\/test-daf-vorbereitungskurse-hamburg.jpg\",\"contentUrl\":\"https:\/\/www.sprachschule-aktiv-hamburg.de\/wp-content\/uploads\/2018\/12\/test-daf-vorbereitungskurse-hamburg.jpg\"},{\"@type\":\"BreadcrumbList\",\"@id\":\"https:\/\/www.sprachschule-aktiv-hamburg.de\/es\/cursos-de-aleman-que-ofrecemos\/cursos-de-preparacion-testdaf\/#breadcrumb\",\"itemListElement\":[{\"@type\":\"ListItem\",\"position\":1,\"name\":\"Startseite\",\"item\":\"https:\/\/www.sprachschule-aktiv-hamburg.de\/es\/\"},{\"@type\":\"ListItem\",\"position\":2,\"name\":\"Cursos de alem\u00e1n que ofrecemos\",\"item\":\"https:\/\/www.sprachschule-aktiv-hamburg.de\/es\/cursos-de-aleman-que-ofrecemos\/\"},{\"@type\":\"ListItem\",\"position\":3,\"name\":\"Cursos de preparaci\u00f3n para el TestDaF\"}]},{\"@type\":\"WebSite\",\"@id\":\"https:\/\/www.sprachschule-aktiv-hamburg.de\/#website\",\"url\":\"https:\/\/www.sprachschule-aktiv-hamburg.de\/\",\"name\":\"Sprachschule Hamburg\",\"description\":\"\",\"potentialAction\":[{\"@type\":\"SearchAction\",\"target\":{\"@type\":\"EntryPoint\",\"urlTemplate\":\"https:\/\/www.sprachschule-aktiv-hamburg.de\/?s={search_term_string}\"},\"query-input\":{\"@type\":\"PropertyValueSpecification\",\"valueRequired\":true,\"valueName\":\"search_term_string\"}}],\"inLanguage\":\"es\"}]}<\/script>\n<!-- \/ Yoast SEO plugin. -->","yoast_head_json":{"title":"Cursos de preparaci\u00f3n para el TestDaF en Hamburgo","description":"Si quieres estudiar en la Universidad de Hamburgo, es necesario tener un amplio conocimiento de alem\u00e1n. Cursos de preparaci\u00f3n para el TestDaF en Hamburgo.","robots":{"index":"index","follow":"follow","max-snippet":"max-snippet:-1","max-image-preview":"max-image-preview:large","max-video-preview":"max-video-preview:-1"},"canonical":"https:\/\/www.sprachschule-aktiv-hamburg.de\/es\/cursos-de-aleman-que-ofrecemos\/cursos-de-preparacion-testdaf\/","og_locale":"es_ES","og_type":"article","og_title":"Cursos de preparaci\u00f3n para el TestDaF en Hamburgo","og_description":"Si quieres estudiar en la Universidad de Hamburgo, es necesario tener un amplio conocimiento de alem\u00e1n. Cursos de preparaci\u00f3n para el TestDaF en Hamburgo.","og_url":"https:\/\/www.sprachschule-aktiv-hamburg.de\/es\/cursos-de-aleman-que-ofrecemos\/cursos-de-preparacion-testdaf\/","og_site_name":"Sprachschule Hamburg","article_modified_time":"2019-11-07T15:09:54+00:00","og_image":[{"url":"https:\/\/www.sprachschule-aktiv-hamburg.de\/wp-content\/uploads\/2018\/12\/test-daf-vorbereitungskurse-hamburg.jpg","type":"","width":"","height":""}],"twitter_card":"summary_large_image","twitter_misc":{"Tiempo de lectura":"3 minutos"},"schema":{"@context":"https:\/\/schema.org","@graph":[{"@type":"WebPage","@id":"https:\/\/www.sprachschule-aktiv-hamburg.de\/es\/cursos-de-aleman-que-ofrecemos\/cursos-de-preparacion-testdaf\/","url":"https:\/\/www.sprachschule-aktiv-hamburg.de\/es\/cursos-de-aleman-que-ofrecemos\/cursos-de-preparacion-testdaf\/","name":"Cursos de preparaci\u00f3n para el TestDaF en Hamburgo","isPartOf":{"@id":"https:\/\/www.sprachschule-aktiv-hamburg.de\/#website"},"primaryImageOfPage":{"@id":"https:\/\/www.sprachschule-aktiv-hamburg.de\/es\/cursos-de-aleman-que-ofrecemos\/cursos-de-preparacion-testdaf\/#primaryimage"},"image":{"@id":"https:\/\/www.sprachschule-aktiv-hamburg.de\/es\/cursos-de-aleman-que-ofrecemos\/cursos-de-preparacion-testdaf\/#primaryimage"},"thumbnailUrl":"https:\/\/www.sprachschule-aktiv-hamburg.de\/wp-content\/uploads\/2018\/12\/test-daf-vorbereitungskurse-hamburg.jpg","datePublished":"2018-12-10T05:03:29+00:00","dateModified":"2019-11-07T15:09:54+00:00","description":"Si quieres estudiar en la Universidad de Hamburgo, es necesario tener un amplio conocimiento de alem\u00e1n. Cursos de preparaci\u00f3n para el TestDaF en Hamburgo.","breadcrumb":{"@id":"https:\/\/www.sprachschule-aktiv-hamburg.de\/es\/cursos-de-aleman-que-ofrecemos\/cursos-de-preparacion-testdaf\/#breadcrumb"},"inLanguage":"es","potentialAction":[{"@type":"ReadAction","target":["https:\/\/www.sprachschule-aktiv-hamburg.de\/es\/cursos-de-aleman-que-ofrecemos\/cursos-de-preparacion-testdaf\/"]}]},{"@type":"ImageObject","inLanguage":"es","@id":"https:\/\/www.sprachschule-aktiv-hamburg.de\/es\/cursos-de-aleman-que-ofrecemos\/cursos-de-preparacion-testdaf\/#primaryimage","url":"https:\/\/www.sprachschule-aktiv-hamburg.de\/wp-content\/uploads\/2018\/12\/test-daf-vorbereitungskurse-hamburg.jpg","contentUrl":"https:\/\/www.sprachschule-aktiv-hamburg.de\/wp-content\/uploads\/2018\/12\/test-daf-vorbereitungskurse-hamburg.jpg"},{"@type":"BreadcrumbList","@id":"https:\/\/www.sprachschule-aktiv-hamburg.de\/es\/cursos-de-aleman-que-ofrecemos\/cursos-de-preparacion-testdaf\/#breadcrumb","itemListElement":[{"@type":"ListItem","position":1,"name":"Startseite","item":"https:\/\/www.sprachschule-aktiv-hamburg.de\/es\/"},{"@type":"ListItem","position":2,"name":"Cursos de alem\u00e1n que ofrecemos","item":"https:\/\/www.sprachschule-aktiv-hamburg.de\/es\/cursos-de-aleman-que-ofrecemos\/"},{"@type":"ListItem","position":3,"name":"Cursos de preparaci\u00f3n para el TestDaF"}]},{"@type":"WebSite","@id":"https:\/\/www.sprachschule-aktiv-hamburg.de\/#website","url":"https:\/\/www.sprachschule-aktiv-hamburg.de\/","name":"Sprachschule Hamburg","description":"","potentialAction":[{"@type":"SearchAction","target":{"@type":"EntryPoint","urlTemplate":"https:\/\/www.sprachschule-aktiv-hamburg.de\/?s={search_term_string}"},"query-input":{"@type":"PropertyValueSpecification","valueRequired":true,"valueName":"search_term_string"}}],"inLanguage":"es"}]}},"_links":{"self":[{"href":"https:\/\/www.sprachschule-aktiv-hamburg.de\/es\/wp-json\/wp\/v2\/pages\/1891","targetHints":{"allow":["GET"]}}],"collection":[{"href":"https:\/\/www.sprachschule-aktiv-hamburg.de\/es\/wp-json\/wp\/v2\/pages"}],"about":[{"href":"https:\/\/www.sprachschule-aktiv-hamburg.de\/es\/wp-json\/wp\/v2\/types\/page"}],"author":[{"embeddable":true,"href":"https:\/\/www.sprachschule-aktiv-hamburg.de\/es\/wp-json\/wp\/v2\/users\/2"}],"replies":[{"embeddable":true,"href":"https:\/\/www.sprachschule-aktiv-hamburg.de\/es\/wp-json\/wp\/v2\/comments?post=1891"}],"version-history":[{"count":5,"href":"https:\/\/www.sprachschule-aktiv-hamburg.de\/es\/wp-json\/wp\/v2\/pages\/1891\/revisions"}],"predecessor-version":[{"id":3549,"href":"https:\/\/www.sprachschule-aktiv-hamburg.de\/es\/wp-json\/wp\/v2\/pages\/1891\/revisions\/3549"}],"up":[{"embeddable":true,"href":"https:\/\/www.sprachschule-aktiv-hamburg.de\/es\/wp-json\/wp\/v2\/pages\/1902"}],"wp:attachment":[{"href":"https:\/\/www.sprachschule-aktiv-hamburg.de\/es\/wp-json\/wp\/v2\/media?parent=1891"}],"curies":[{"name":"wp","href":"https:\/\/api.w.org\/{rel}","templated":true}]}}