{"id":1887,"date":"2018-12-16T06:29:45","date_gmt":"2018-12-16T05:29:45","guid":{"rendered":"https:\/\/www.sprachschule-aktiv-hamburg.de\/deutschkurse-mit-unterkunft-in-hamburg\/"},"modified":"2019-10-02T10:44:15","modified_gmt":"2019-10-02T08:44:15","slug":"cursos-de-aleman-con-alojamiento-en-hamburgo","status":"publish","type":"page","link":"https:\/\/www.sprachschule-aktiv-hamburg.de\/es\/cursos-de-aleman-que-ofrecemos\/cursos-de-aleman-con-alojamiento-en-hamburgo\/","title":{"rendered":"Cursos de alem\u00e1n con alojamiento en Hamburgo"},"content":{"rendered":"<p>[vc_row css=&#8221;.vc_custom_1555129659106{margin-top: 20px !important;}&#8221;][vc_column][vc_column_text]<\/p>\n<h1>Cursos de alem\u00e1n con alojamiento en Hamburgo- piso compartido y familias anfitrionas<\/h1>\n<p>[\/vc_column_text][vc_row_inner][vc_column_inner width=&#8221;1\/2&#8243;][vc_column_text]<img decoding=\"async\" class=\"aligncenter size-full wp-image-955\" src=\"https:\/\/www.sprachschule-aktiv-hamburg.de\/wp-content\/uploads\/2018\/12\/deutschkurse-mit-unterkunft-in-hamburg.jpg\" alt=\"Cursos de alem\u00e1n con alojamiento en Hamburgo\" width=\"500\" height=\"375\" srcset=\"https:\/\/www.sprachschule-aktiv-hamburg.de\/wp-content\/uploads\/2018\/12\/deutschkurse-mit-unterkunft-in-hamburg.jpg 500w, https:\/\/www.sprachschule-aktiv-hamburg.de\/wp-content\/uploads\/2018\/12\/deutschkurse-mit-unterkunft-in-hamburg-300x225.jpg 300w, https:\/\/www.sprachschule-aktiv-hamburg.de\/wp-content\/uploads\/2018\/12\/deutschkurse-mit-unterkunft-in-hamburg-283x212.jpg 283w\" sizes=\"(max-width: 500px) 100vw, 500px\" \/>[\/vc_column_text][\/vc_column_inner][vc_column_inner width=&#8221;1\/2&#8243;][vc_column_text]La mejor manera de aprender alem\u00e1n es directamente en el lugar. Una de las ciudades alemanas m\u00e1s bellas es Hamburgo. Aqu\u00ed puede reservar un curso intensivo en la escuela de idiomas Sprachschule Aktiv y disfrutar de las ventajas de la ciudad. Pasear por el Alster despu\u00e9s de las clases o ir de compras en las hermosas galer\u00edas comerciales.<\/p>\n<p>Para un curso de alem\u00e1n existoso necesita un alojamiento adecuado. En este caso, un hotel o una pensi\u00f3n no ser\u00e1n la mejor opci\u00f3n, porque ah\u00ed no podr\u00e1 practicar el idioma de forma intensiva. Estaremos encantados de ayudarle a encontrar un alojamiento adecuado.[\/vc_column_text]\t<div class=\"vc_btn3-container vc_btn3-inline\">\n\t\t<a href=\"\/es\/inscribete-cursos-aleman\/\" class=\"pgs_btn pgs_btn_style_1 pgs_btn_lg\">\n\t\t\t<span>\n\t\t\t\tInscr\u00edbete ahora\t\t\t<\/span>\n\t\t\t\t\t<\/a>\n\t<\/div>\n\t[\/vc_column_inner][\/vc_row_inner][\/vc_column][\/vc_row][vc_row full_width=&#8221;stretch_row&#8221; css=&#8221;.vc_custom_1555129775372{padding-top: 15px !important;padding-bottom: 15px !important;background-color: #f8f8f8 !important;}&#8221;][vc_column][vc_column_text]<\/p>\n<h2>Aprender alem\u00e1n en Hamburgo con el apoyo de una familia anfitriona<\/h2>\n<p>El alojamiento en una familia anfitriona es ideal para un curso de alem\u00e1n en Hamburgo. Usted podr\u00e1 desarrollar una conexi\u00f3n familiar durante el tiempo de su curso. Comer\u00e1 con la familia, realizar\u00e1n excursiones juntos y podr\u00e1 mejorar su alem\u00e1n cada d\u00eda. No s\u00f3lo aprender\u00e1 alem\u00e1n en pocas tiempo, sino que tambi\u00e9n practicar\u00e1 el idioma durante todo el d\u00eda. Por supuesto tendr\u00e1 su propia habitaci\u00f3n, donde poder retirarse y preparar sus lecciones para el d\u00eda siguiente.<\/p>\n<h2>Aprender alem\u00e1n en Hamburgo en un piso compartido<\/h2>\n<p>En un piso compartido, la relaci\u00f3n entre los compa\u00f1eros no es tan estrecha como en una familia anfitriona. Aqu\u00ed tambi\u00e9n tendr\u00e1 su propia habitaci\u00f3n, aunque los ba\u00f1os y la cocina suelen ser compartidos. A menudo, los compa\u00f1eros comparten habitaci\u00f3n, lo que permite hablar alem\u00e1n. Aunque es posible hacer excursiones juntos, es menos probable, ya que cada compa\u00f1ero de piso tiene su rutina y un horario diferente.<\/p>\n<h2>Aprender alem\u00e1n en Hamburgo con un hotel como alojamiento<\/h2>\n<p>Un hotel es el alojamiento m\u00e1s caro y no es lo m\u00e1s adecuado para sus prop\u00f3sitos, ya que no hay tantas situaciones para hablar alem\u00e1n. En este caso, la comodidad es mayor, ya que puede comenzar el d\u00eda con un delicioso desayuno, por la noche las camas est\u00e1n hechas y si lo desea, puede terminar el d\u00eda en el bar. Por supuesto, tambi\u00e9n estamos encantados de organizar un hotel para usted, pero tenga en cuenta que dif\u00edcilmente mejorar\u00e1 su alem\u00e1n en su tiempo libre.[\/vc_column_text][\/vc_column][\/vc_row][vc_row][vc_column][vc_column_text]<\/p>\n<h2>Este es el precio del curso de alem\u00e1n en Hamburgo<\/h2>\n<p>El precio de un curso de alem\u00e1n en Hamburgo, con alojamiento incluido, no se puede especificar con exactitud. En Hamburgo los alquileres son generalmente muy caros, sin embargo, haremos todo lo posible para encontrarle un apartamento con una buena relaci\u00f3n calidad-precio.<\/p>\n<p>El precio de alojamiento en una familia anfitriona oscila entre los 400 y los 600 euros. Si decide alojarse en un hotel, el precio ser\u00e1 m\u00e1s elevado. El precio del curso intensivo de alem\u00e1n en Hamburgo es de 499 euros (duraci\u00f3n del curso: cuatro semanas).<\/p>\n<h2>Perm\u00edtanos asesorarle<\/h2>\n<p>Un curso de alem\u00e1n requiere mucha preparaci\u00f3n. Si vive fuera del espacio de Schengen, normalmente necesitar\u00e1 un visado para su estancia. Nuestro personal estar\u00e1 encantado de ayudarle. En la escuela Sprachschule Aktiv de Hamburgo encontrar\u00e1 los cursos que est\u00e1n a su disposici\u00f3n. Si no sabe cu\u00e1l es su nivel de idioma actual, le recomendamos hacer una prueba de nivel que podr\u00e1 encontrar en nuestra p\u00e1gina web. Nuestro personal le apoyar\u00e1 incluso despu\u00e9s de que el curso haya comenzado.[\/vc_column_text][\/vc_column][\/vc_row]<\/p>\n","protected":false},"excerpt":{"rendered":"<p>[vc_row css=&#8221;.vc_custom_1555129659106{margin-top: 20px !important;}&#8221;][vc_column][vc_column_text] Cursos de alem\u00e1n con alojamiento en Hamburgo- piso compartido y familias anfitrionas [\/vc_column_text][vc_row_inner][vc_column_inner width=&#8221;1\/2&#8243;][vc_column_text][\/vc_column_text][\/vc_column_inner][vc_column_inner width=&#8221;1\/2&#8243;][vc_column_text]La mejor manera de aprender alem\u00e1n es directamente en el lugar. Una de las ciudades alemanas m\u00e1s bellas es Hamburgo. Aqu\u00ed puede reservar un curso intensivo en la escuela de idiomas Sprachschule Aktiv y disfrutar de las&hellip; <a class=\"read-more\" href=\"https:\/\/www.sprachschule-aktiv-hamburg.de\/es\/cursos-de-aleman-que-ofrecemos\/cursos-de-aleman-con-alojamiento-en-hamburgo\/\" title=\"Read Cursos de alem\u00e1n con alojamiento en Hamburgo\">Read more &raquo;<\/a><\/p>\n","protected":false},"author":1,"featured_media":0,"parent":1902,"menu_order":0,"comment_status":"closed","ping_status":"closed","template":"","meta":{"footnotes":""},"class_list":["post-1887","page","type-page","status-publish","hentry"],"yoast_head":"<!-- This site is optimized with the Yoast SEO plugin v27.1.1 - https:\/\/yoast.com\/product\/yoast-seo-wordpress\/ -->\n<title>Cursos de alem\u00e1n con alojamiento en Hamburgo - piso compartido<\/title>\n<meta name=\"description\" content=\"Cursos de alem\u00e1n con alojamiento en Hamburgo. La mejor manera de aprender alem\u00e1n en directamente en el lugar. Alojamiento en pisos compartidos o familias.\" \/>\n<meta name=\"robots\" content=\"index, follow, max-snippet:-1, max-image-preview:large, max-video-preview:-1\" \/>\n<link rel=\"canonical\" href=\"https:\/\/www.sprachschule-aktiv-hamburg.de\/es\/cursos-de-aleman-que-ofrecemos\/cursos-de-aleman-con-alojamiento-en-hamburgo\/\" \/>\n<meta property=\"og:locale\" content=\"es_ES\" \/>\n<meta property=\"og:type\" content=\"article\" \/>\n<meta property=\"og:title\" content=\"Cursos de alem\u00e1n con alojamiento en Hamburgo - piso compartido\" \/>\n<meta property=\"og:description\" content=\"Cursos de alem\u00e1n con alojamiento en Hamburgo. La mejor manera de aprender alem\u00e1n en directamente en el lugar. Alojamiento en pisos compartidos o familias.\" \/>\n<meta property=\"og:url\" content=\"https:\/\/www.sprachschule-aktiv-hamburg.de\/es\/cursos-de-aleman-que-ofrecemos\/cursos-de-aleman-con-alojamiento-en-hamburgo\/\" \/>\n<meta property=\"og:site_name\" content=\"Sprachschule Hamburg\" \/>\n<meta property=\"article:modified_time\" content=\"2019-10-02T08:44:15+00:00\" \/>\n<meta property=\"og:image\" content=\"https:\/\/www.sprachschule-aktiv-hamburg.de\/wp-content\/uploads\/2018\/12\/deutschkurse-mit-unterkunft-in-hamburg.jpg\" \/>\n<meta name=\"twitter:card\" content=\"summary_large_image\" \/>\n<meta name=\"twitter:label1\" content=\"Tiempo de lectura\" \/>\n\t<meta name=\"twitter:data1\" content=\"4 minutos\" \/>\n<script type=\"application\/ld+json\" class=\"yoast-schema-graph\">{\"@context\":\"https:\/\/schema.org\",\"@graph\":[{\"@type\":\"WebPage\",\"@id\":\"https:\/\/www.sprachschule-aktiv-hamburg.de\/es\/cursos-de-aleman-que-ofrecemos\/cursos-de-aleman-con-alojamiento-en-hamburgo\/\",\"url\":\"https:\/\/www.sprachschule-aktiv-hamburg.de\/es\/cursos-de-aleman-que-ofrecemos\/cursos-de-aleman-con-alojamiento-en-hamburgo\/\",\"name\":\"Cursos de alem\u00e1n con alojamiento en Hamburgo - piso compartido\",\"isPartOf\":{\"@id\":\"https:\/\/www.sprachschule-aktiv-hamburg.de\/#website\"},\"primaryImageOfPage\":{\"@id\":\"https:\/\/www.sprachschule-aktiv-hamburg.de\/es\/cursos-de-aleman-que-ofrecemos\/cursos-de-aleman-con-alojamiento-en-hamburgo\/#primaryimage\"},\"image\":{\"@id\":\"https:\/\/www.sprachschule-aktiv-hamburg.de\/es\/cursos-de-aleman-que-ofrecemos\/cursos-de-aleman-con-alojamiento-en-hamburgo\/#primaryimage\"},\"thumbnailUrl\":\"https:\/\/www.sprachschule-aktiv-hamburg.de\/wp-content\/uploads\/2018\/12\/deutschkurse-mit-unterkunft-in-hamburg.jpg\",\"datePublished\":\"2018-12-16T05:29:45+00:00\",\"dateModified\":\"2019-10-02T08:44:15+00:00\",\"description\":\"Cursos de alem\u00e1n con alojamiento en Hamburgo. La mejor manera de aprender alem\u00e1n en directamente en el lugar. Alojamiento en pisos compartidos o familias.\",\"breadcrumb\":{\"@id\":\"https:\/\/www.sprachschule-aktiv-hamburg.de\/es\/cursos-de-aleman-que-ofrecemos\/cursos-de-aleman-con-alojamiento-en-hamburgo\/#breadcrumb\"},\"inLanguage\":\"es\",\"potentialAction\":[{\"@type\":\"ReadAction\",\"target\":[\"https:\/\/www.sprachschule-aktiv-hamburg.de\/es\/cursos-de-aleman-que-ofrecemos\/cursos-de-aleman-con-alojamiento-en-hamburgo\/\"]}]},{\"@type\":\"ImageObject\",\"inLanguage\":\"es\",\"@id\":\"https:\/\/www.sprachschule-aktiv-hamburg.de\/es\/cursos-de-aleman-que-ofrecemos\/cursos-de-aleman-con-alojamiento-en-hamburgo\/#primaryimage\",\"url\":\"https:\/\/www.sprachschule-aktiv-hamburg.de\/wp-content\/uploads\/2018\/12\/deutschkurse-mit-unterkunft-in-hamburg.jpg\",\"contentUrl\":\"https:\/\/www.sprachschule-aktiv-hamburg.de\/wp-content\/uploads\/2018\/12\/deutschkurse-mit-unterkunft-in-hamburg.jpg\"},{\"@type\":\"BreadcrumbList\",\"@id\":\"https:\/\/www.sprachschule-aktiv-hamburg.de\/es\/cursos-de-aleman-que-ofrecemos\/cursos-de-aleman-con-alojamiento-en-hamburgo\/#breadcrumb\",\"itemListElement\":[{\"@type\":\"ListItem\",\"position\":1,\"name\":\"Startseite\",\"item\":\"https:\/\/www.sprachschule-aktiv-hamburg.de\/es\/\"},{\"@type\":\"ListItem\",\"position\":2,\"name\":\"Cursos de alem\u00e1n que ofrecemos\",\"item\":\"https:\/\/www.sprachschule-aktiv-hamburg.de\/es\/cursos-de-aleman-que-ofrecemos\/\"},{\"@type\":\"ListItem\",\"position\":3,\"name\":\"Cursos de alem\u00e1n con alojamiento en Hamburgo\"}]},{\"@type\":\"WebSite\",\"@id\":\"https:\/\/www.sprachschule-aktiv-hamburg.de\/#website\",\"url\":\"https:\/\/www.sprachschule-aktiv-hamburg.de\/\",\"name\":\"Sprachschule Hamburg\",\"description\":\"\",\"potentialAction\":[{\"@type\":\"SearchAction\",\"target\":{\"@type\":\"EntryPoint\",\"urlTemplate\":\"https:\/\/www.sprachschule-aktiv-hamburg.de\/?s={search_term_string}\"},\"query-input\":{\"@type\":\"PropertyValueSpecification\",\"valueRequired\":true,\"valueName\":\"search_term_string\"}}],\"inLanguage\":\"es\"}]}<\/script>\n<!-- \/ Yoast SEO plugin. -->","yoast_head_json":{"title":"Cursos de alem\u00e1n con alojamiento en Hamburgo - piso compartido","description":"Cursos de alem\u00e1n con alojamiento en Hamburgo. La mejor manera de aprender alem\u00e1n en directamente en el lugar. Alojamiento en pisos compartidos o familias.","robots":{"index":"index","follow":"follow","max-snippet":"max-snippet:-1","max-image-preview":"max-image-preview:large","max-video-preview":"max-video-preview:-1"},"canonical":"https:\/\/www.sprachschule-aktiv-hamburg.de\/es\/cursos-de-aleman-que-ofrecemos\/cursos-de-aleman-con-alojamiento-en-hamburgo\/","og_locale":"es_ES","og_type":"article","og_title":"Cursos de alem\u00e1n con alojamiento en Hamburgo - piso compartido","og_description":"Cursos de alem\u00e1n con alojamiento en Hamburgo. La mejor manera de aprender alem\u00e1n en directamente en el lugar. Alojamiento en pisos compartidos o familias.","og_url":"https:\/\/www.sprachschule-aktiv-hamburg.de\/es\/cursos-de-aleman-que-ofrecemos\/cursos-de-aleman-con-alojamiento-en-hamburgo\/","og_site_name":"Sprachschule Hamburg","article_modified_time":"2019-10-02T08:44:15+00:00","og_image":[{"url":"https:\/\/www.sprachschule-aktiv-hamburg.de\/wp-content\/uploads\/2018\/12\/deutschkurse-mit-unterkunft-in-hamburg.jpg","type":"","width":"","height":""}],"twitter_card":"summary_large_image","twitter_misc":{"Tiempo de lectura":"4 minutos"},"schema":{"@context":"https:\/\/schema.org","@graph":[{"@type":"WebPage","@id":"https:\/\/www.sprachschule-aktiv-hamburg.de\/es\/cursos-de-aleman-que-ofrecemos\/cursos-de-aleman-con-alojamiento-en-hamburgo\/","url":"https:\/\/www.sprachschule-aktiv-hamburg.de\/es\/cursos-de-aleman-que-ofrecemos\/cursos-de-aleman-con-alojamiento-en-hamburgo\/","name":"Cursos de alem\u00e1n con alojamiento en Hamburgo - piso compartido","isPartOf":{"@id":"https:\/\/www.sprachschule-aktiv-hamburg.de\/#website"},"primaryImageOfPage":{"@id":"https:\/\/www.sprachschule-aktiv-hamburg.de\/es\/cursos-de-aleman-que-ofrecemos\/cursos-de-aleman-con-alojamiento-en-hamburgo\/#primaryimage"},"image":{"@id":"https:\/\/www.sprachschule-aktiv-hamburg.de\/es\/cursos-de-aleman-que-ofrecemos\/cursos-de-aleman-con-alojamiento-en-hamburgo\/#primaryimage"},"thumbnailUrl":"https:\/\/www.sprachschule-aktiv-hamburg.de\/wp-content\/uploads\/2018\/12\/deutschkurse-mit-unterkunft-in-hamburg.jpg","datePublished":"2018-12-16T05:29:45+00:00","dateModified":"2019-10-02T08:44:15+00:00","description":"Cursos de alem\u00e1n con alojamiento en Hamburgo. La mejor manera de aprender alem\u00e1n en directamente en el lugar. Alojamiento en pisos compartidos o familias.","breadcrumb":{"@id":"https:\/\/www.sprachschule-aktiv-hamburg.de\/es\/cursos-de-aleman-que-ofrecemos\/cursos-de-aleman-con-alojamiento-en-hamburgo\/#breadcrumb"},"inLanguage":"es","potentialAction":[{"@type":"ReadAction","target":["https:\/\/www.sprachschule-aktiv-hamburg.de\/es\/cursos-de-aleman-que-ofrecemos\/cursos-de-aleman-con-alojamiento-en-hamburgo\/"]}]},{"@type":"ImageObject","inLanguage":"es","@id":"https:\/\/www.sprachschule-aktiv-hamburg.de\/es\/cursos-de-aleman-que-ofrecemos\/cursos-de-aleman-con-alojamiento-en-hamburgo\/#primaryimage","url":"https:\/\/www.sprachschule-aktiv-hamburg.de\/wp-content\/uploads\/2018\/12\/deutschkurse-mit-unterkunft-in-hamburg.jpg","contentUrl":"https:\/\/www.sprachschule-aktiv-hamburg.de\/wp-content\/uploads\/2018\/12\/deutschkurse-mit-unterkunft-in-hamburg.jpg"},{"@type":"BreadcrumbList","@id":"https:\/\/www.sprachschule-aktiv-hamburg.de\/es\/cursos-de-aleman-que-ofrecemos\/cursos-de-aleman-con-alojamiento-en-hamburgo\/#breadcrumb","itemListElement":[{"@type":"ListItem","position":1,"name":"Startseite","item":"https:\/\/www.sprachschule-aktiv-hamburg.de\/es\/"},{"@type":"ListItem","position":2,"name":"Cursos de alem\u00e1n que ofrecemos","item":"https:\/\/www.sprachschule-aktiv-hamburg.de\/es\/cursos-de-aleman-que-ofrecemos\/"},{"@type":"ListItem","position":3,"name":"Cursos de alem\u00e1n con alojamiento en Hamburgo"}]},{"@type":"WebSite","@id":"https:\/\/www.sprachschule-aktiv-hamburg.de\/#website","url":"https:\/\/www.sprachschule-aktiv-hamburg.de\/","name":"Sprachschule Hamburg","description":"","potentialAction":[{"@type":"SearchAction","target":{"@type":"EntryPoint","urlTemplate":"https:\/\/www.sprachschule-aktiv-hamburg.de\/?s={search_term_string}"},"query-input":{"@type":"PropertyValueSpecification","valueRequired":true,"valueName":"search_term_string"}}],"inLanguage":"es"}]}},"_links":{"self":[{"href":"https:\/\/www.sprachschule-aktiv-hamburg.de\/es\/wp-json\/wp\/v2\/pages\/1887","targetHints":{"allow":["GET"]}}],"collection":[{"href":"https:\/\/www.sprachschule-aktiv-hamburg.de\/es\/wp-json\/wp\/v2\/pages"}],"about":[{"href":"https:\/\/www.sprachschule-aktiv-hamburg.de\/es\/wp-json\/wp\/v2\/types\/page"}],"author":[{"embeddable":true,"href":"https:\/\/www.sprachschule-aktiv-hamburg.de\/es\/wp-json\/wp\/v2\/users\/1"}],"replies":[{"embeddable":true,"href":"https:\/\/www.sprachschule-aktiv-hamburg.de\/es\/wp-json\/wp\/v2\/comments?post=1887"}],"version-history":[{"count":4,"href":"https:\/\/www.sprachschule-aktiv-hamburg.de\/es\/wp-json\/wp\/v2\/pages\/1887\/revisions"}],"predecessor-version":[{"id":3096,"href":"https:\/\/www.sprachschule-aktiv-hamburg.de\/es\/wp-json\/wp\/v2\/pages\/1887\/revisions\/3096"}],"up":[{"embeddable":true,"href":"https:\/\/www.sprachschule-aktiv-hamburg.de\/es\/wp-json\/wp\/v2\/pages\/1902"}],"wp:attachment":[{"href":"https:\/\/www.sprachschule-aktiv-hamburg.de\/es\/wp-json\/wp\/v2\/media?parent=1887"}],"curies":[{"name":"wp","href":"https:\/\/api.w.org\/{rel}","templated":true}]}}