{"id":1883,"date":"2018-12-11T05:07:47","date_gmt":"2018-12-11T04:07:47","guid":{"rendered":"https:\/\/www.sprachschule-aktiv-hamburg.de\/deutsch-abendkurse\/"},"modified":"2021-03-11T12:48:01","modified_gmt":"2021-03-11T11:48:01","slug":"cursos-por-la-tarde-aleman","status":"publish","type":"page","link":"https:\/\/www.sprachschule-aktiv-hamburg.de\/es\/cursos-de-aleman-que-ofrecemos\/cursos-por-la-tarde-aleman\/","title":{"rendered":"Cursos por la tarde de alem\u00e1n"},"content":{"rendered":"<p>[vc_row][vc_column][vc_column_text]<\/p>\n<h1>Cursos por la tarde de alem\u00e1n en Hamburgo<\/h1>\n<p>[\/vc_column_text][vc_row_inner][vc_column_inner width=&#8221;1\/2&#8243;][vc_column_text]<img decoding=\"async\" class=\"alignnone wp-image-677 size-large\" src=\"https:\/\/www.sprachschule-aktiv-hamburg.de\/wp-content\/uploads\/2018\/12\/deutsch-abendkurse-hamburg-1024x512.png\" alt=\"Cursos por la tarde de alem\u00e1n en Hamburgo \u2013 escuela vespertina\" width=\"1024\" height=\"512\" srcset=\"https:\/\/www.sprachschule-aktiv-hamburg.de\/wp-content\/uploads\/2018\/12\/deutsch-abendkurse-hamburg-1024x512.png 1024w, https:\/\/www.sprachschule-aktiv-hamburg.de\/wp-content\/uploads\/2018\/12\/deutsch-abendkurse-hamburg-300x150.png 300w, https:\/\/www.sprachschule-aktiv-hamburg.de\/wp-content\/uploads\/2018\/12\/deutsch-abendkurse-hamburg-768x384.png 768w, https:\/\/www.sprachschule-aktiv-hamburg.de\/wp-content\/uploads\/2018\/12\/deutsch-abendkurse-hamburg.png 1160w\" sizes=\"(max-width: 1024px) 100vw, 1024px\" \/>[\/vc_column_text][\/vc_column_inner][vc_column_inner width=&#8221;1\/2&#8243;][vc_column_text]Con un buen conocimiento del alem\u00e1n, usted tendr\u00e1 mayores oportunidades en el mercado laboral de Hamburgo. Podr\u00e1 comunicarse mejor con sus amigos alemanes, entender las instrucciones de trabajo y no tendr\u00e1 problemas para lidiar con las autoridades. Un curso por la tarde de alem\u00e1n en Hamburgo es una soluci\u00f3n sencilla y pr\u00e1ctica para aprender alem\u00e1n o para mejorar sus conocimientos de alem\u00e1n. Dependiendo de lo r\u00e1pido que quiera progresar, le ofrecemos diferentes opciones. El curso tiene lugar dos veces a la semana.<\/p>\n<p>&nbsp;<\/p>\n<p>Cursos por la tarde de alem\u00e1n en Hamburgo \u2013 Para todos los niveles \u2013 Inf\u00f3rmese aqu\u00ed![\/vc_column_text]\t<div class=\"vc_btn3-container vc_btn3-inline\">\n\t\t<a href=\"\/es\/inscribete-cursos-aleman\/\" class=\"pgs_btn pgs_btn_style_1 pgs_btn_lg\">\n\t\t\t<span>\n\t\t\t\tInscr\u00edbete ahora\t\t\t<\/span>\n\t\t\t\t\t<\/a>\n\t<\/div>\n\t[\/vc_column_inner][\/vc_row_inner][\/vc_column][\/vc_row][vc_row full_width=&#8221;stretch_row&#8221; css=&#8221;.vc_custom_1555129469406{padding-top: 15px !important;padding-bottom: 15px !important;background-color: #f8f8f8 !important;}&#8221;][vc_column][vc_column_text]<\/p>\n<h2>Puede reservar cursos por la tarde para principiantes y avanzados con nosotros<\/h2>\n<p>No importa si ya sabe hablar bien alem\u00e1n, la escuela de idiomas Sprachschule Aktiv en Hamburgo tiene el curso ideal para ti. Nuestros cursos se basan en el Marco Com\u00fan Europeo de Referencia para las Lenguas (MCERL). Como principiante puede seleccionar el curso A1 o A2 dependiendo de sus conocimientos previos. Para estudiantes avanzados ofrecemos los cursos B1 y B2. Incluso si ya dispone de habilidades ling\u00fc\u00edsticas, es bienvenido a unirse a nosotros y, en este caso, los cursos C1 y C2 ser\u00edan los id\u00f3neos para usted.<\/p>\n<p>Despu\u00e9s del curso recibir\u00e1 un certificado. Si no est\u00e1 seguro qu\u00e9 curso escoger, simplemente haga una prueba de nivel gratuita que est\u00e1 disponible online. Por supuesto, tambi\u00e9n es bienvenido en nuestra escuela de idiomas en Hamburgo.<\/p>\n<h2>Las clases de alem\u00e1n se imparten en grupos reducidos en nuestras oficinas de Hamburgo<\/h2>\n<p>Los grupos peque\u00f1os con un m\u00e1ximo de diez alumnos son ideales para un aprendizaje \u00f3ptimo. De esta manera, todos tienen la oportunidad de hablar alem\u00e1n. Los profesores siempre prueban formas avanzadas de ense\u00f1anza como, por ejemplo, algunas escenas en v\u00eddeo para que puedan verse varias veces. Nuestros profesores tambi\u00e9n suelen usar medios digitales o proyectores. El ambiente durante las clases siempre es agradable y relajado, para que se pueda progresar r\u00e1pidamente.<\/p>\n<h2>Nuestros profesores en Hamburgo est\u00e1n motivados y cualificados<\/h2>\n<p>Por supuesto, nuestros profesores son hablantes nativos de alem\u00e1n, cualificados o acad\u00e9micos con muchos a\u00f1os de estudio en la lengua alemana. Hablan alem\u00e1n perfectamente y, en su mayor parte, pr\u00e1cticamente sin acento. Otras escuelas de idiomas ofrecen lo mismo, sin embargo, la escuela de idiomas Sprachschule Aktiv en Hamburgo va un paso m\u00e1s all\u00e1. Nuestros profesores est\u00e1n especialmente motivados, son amables y simp\u00e1ticos. Esto hace que el aprender alem\u00e1n en Hamburgo sea mucho m\u00e1s divertido.[\/vc_column_text][\/vc_column][\/vc_row][vc_row][vc_column][vc_column_text]<\/p>\n<h2>Nuestros cursos son m\u00e1s baratos de lo que cree \u2013 nuestros precios para el curso de tarde<\/h2>\n<p>Nuestros cursos est\u00e1n bien organizados, por lo que se progresa r\u00e1pidamente.<\/p>\n<p>Cada curso cuesta 199 \u20ac e incluye 8 clases de 135 minutos de curso. Tambi\u00e9n ofrecemos la asistencia a cursos de 3 meses por el precio de 399 \u20ac.<\/p>\n<p>Dependiendo de la frecuencia de los cursos, un curso en horario por la tarde en la escuela Sprachschule Aktiv en Hamburgo se completa de cuatro semanas. Despu\u00e9s de doce semanas, su conocimiento habr\u00e1 mejorado significativamente.<\/p>\n<p>Los horarios, d\u00edas y fechas de inicio se encuentran en nuestro calendario de cursos.<\/p>\n<p>\n<table id=\"tablepress-8\" class=\"tablepress tablepress-id-8\">\n<thead>\n<tr class=\"row-1\">\n\t<th class=\"column-1\">Abendkurs (2 x pro Woche) A1 + A2 Niveau<\/th><th class=\"column-2\">Kursbeginn<\/th><th class=\"column-3\">Termine<\/th><th class=\"column-4\">Uhrzeiten<\/th>\n<\/tr>\n<\/thead>\n<tbody class=\"row-striping row-hover\">\n<tr class=\"row-2\">\n\t<td class=\"column-1\">Kalenderjahr 2026<\/td><td class=\"column-2\"><\/td><td class=\"column-3\"><\/td><td class=\"column-4\"><\/td>\n<\/tr>\n<tr class=\"row-3\">\n\t<td class=\"column-1\">Kursfreie Woche<\/td><td class=\"column-2\">31.03.2026 - 03.04.2026<\/td><td class=\"column-3\"><\/td><td class=\"column-4\"><\/td>\n<\/tr>\n<tr class=\"row-4\">\n\t<td class=\"column-1\">April<\/td><td class=\"column-2\">08.04.2026 - 29.04.2026<\/td><td class=\"column-3\">Montag und Mittwoch<\/td><td class=\"column-4\">18:00 bis 20:15 Uhr<\/td>\n<\/tr>\n<tr class=\"row-5\">\n\t<td class=\"column-1\">Mai<\/td><td class=\"column-2\">04.05.2026 - 27.05.2026<\/td><td class=\"column-3\">Montag und Mittwoch<\/td><td class=\"column-4\">18:00 bis 20:15 Uhr<\/td>\n<\/tr>\n<tr class=\"row-6\">\n\t<td class=\"column-1\">Kursfreie Woche<\/td><td class=\"column-2\">01.06.2026 - 05.06.2026<\/td><td class=\"column-3\"><\/td><td class=\"column-4\"><\/td>\n<\/tr>\n<tr class=\"row-7\">\n\t<td class=\"column-1\">Juni<\/td><td class=\"column-2\">08.06.2026 - 01.07.2026<\/td><td class=\"column-3\">Montag und Mittwoch<\/td><td class=\"column-4\">18:00 bis 20:15 Uhr<\/td>\n<\/tr>\n<tr class=\"row-8\">\n\t<td class=\"column-1\">Juli<\/td><td class=\"column-2\">06.07.2026 - 29.07.2026<\/td><td class=\"column-3\">Montag und Mittwoch<\/td><td class=\"column-4\">18:00 bis 20:15 Uhr<\/td>\n<\/tr>\n<tr class=\"row-9\">\n\t<td class=\"column-1\">August<\/td><td class=\"column-2\">03.08.2026 - 26.08.206<\/td><td class=\"column-3\">Montag und Mittwoch<\/td><td class=\"column-4\">18:00 bis 20:15 Uhr<\/td>\n<\/tr>\n<tr class=\"row-10\">\n\t<td class=\"column-1\">September<\/td><td class=\"column-2\">31.08.2026 - 23.09.2026<\/td><td class=\"column-3\">Montag und Mittwoch<\/td><td class=\"column-4\">18:00 bis 20:15 Uhr<\/td>\n<\/tr>\n<tr class=\"row-11\">\n\t<td class=\"column-1\">Oktober<\/td><td class=\"column-2\">28.09.2026 -  21.10.2026<\/td><td class=\"column-3\">Montag und Mittwoch<\/td><td class=\"column-4\">18:00 bis 20:15 Uhr<\/td>\n<\/tr>\n<tr class=\"row-12\">\n\t<td class=\"column-1\">November<\/td><td class=\"column-2\">26.10.2026 - 18.11.2026<\/td><td class=\"column-3\">Montag und Mittwoch<\/td><td class=\"column-4\">18:00 bis 20:15 Uhr<\/td>\n<\/tr>\n<tr class=\"row-13\">\n\t<td class=\"column-1\">Dezember<\/td><td class=\"column-2\">23.11.2026-16.12.2026<\/td><td class=\"column-3\">Montag und Mittwoch<\/td><td class=\"column-4\">18:00 bis 20:15 Uhr<\/td>\n<\/tr>\n<tr class=\"row-14\">\n\t<td class=\"column-1\">Preise: 12 Wochen\u20ac 499,-<br \/>\n 24 Wochen \u20ac 899, \u2013<\/td><td class=\"column-2\"><\/td><td class=\"column-3\"><\/td><td class=\"column-4\">Bei 3 Teilnehmern bis 20:00 Uhr!<\/td>\n<\/tr>\n<\/tbody>\n<\/table>\n<!-- #tablepress-8 from cache -->[\/vc_column_text][\/vc_column][\/vc_row]<\/p>\n","protected":false},"excerpt":{"rendered":"<p>[vc_row][vc_column][vc_column_text] Cursos por la tarde de alem\u00e1n en Hamburgo [\/vc_column_text][vc_row_inner][vc_column_inner width=&#8221;1\/2&#8243;][vc_column_text][\/vc_column_text][\/vc_column_inner][vc_column_inner width=&#8221;1\/2&#8243;][vc_column_text]Con un buen conocimiento del alem\u00e1n, usted tendr\u00e1 mayores oportunidades en el mercado laboral de Hamburgo. Podr\u00e1 comunicarse mejor con sus amigos alemanes, entender las instrucciones de trabajo y no tendr\u00e1 problemas para lidiar con las autoridades. Un curso por la tarde de alem\u00e1n&hellip; <a class=\"read-more\" href=\"https:\/\/www.sprachschule-aktiv-hamburg.de\/es\/cursos-de-aleman-que-ofrecemos\/cursos-por-la-tarde-aleman\/\" title=\"Read Cursos por la tarde de alem\u00e1n\">Read more &raquo;<\/a><\/p>\n","protected":false},"author":2,"featured_media":0,"parent":1902,"menu_order":0,"comment_status":"closed","ping_status":"closed","template":"","meta":{"footnotes":""},"class_list":["post-1883","page","type-page","status-publish","hentry"],"yoast_head":"<!-- This site is optimized with the Yoast SEO plugin v27.1.1 - https:\/\/yoast.com\/product\/yoast-seo-wordpress\/ -->\n<title>Cursos por la tarde de alem\u00e1n en Hamburgo - Para todos los niveles<\/title>\n<meta name=\"description\" content=\"Un curso por la tarde de alem\u00e1n en Hamburgo es una soluci\u00f3n sencilla y pr\u00e1ctica para aprender alem\u00e1n o para mejorar sus conocimientos de alem\u00e1n.\" \/>\n<meta name=\"robots\" content=\"index, follow, max-snippet:-1, max-image-preview:large, max-video-preview:-1\" \/>\n<link rel=\"canonical\" href=\"https:\/\/www.sprachschule-aktiv-hamburg.de\/es\/cursos-de-aleman-que-ofrecemos\/cursos-por-la-tarde-aleman\/\" \/>\n<meta property=\"og:locale\" content=\"es_ES\" \/>\n<meta property=\"og:type\" content=\"article\" \/>\n<meta property=\"og:title\" content=\"Cursos por la tarde de alem\u00e1n en Hamburgo - Para todos los niveles\" \/>\n<meta property=\"og:description\" content=\"Un curso por la tarde de alem\u00e1n en Hamburgo es una soluci\u00f3n sencilla y pr\u00e1ctica para aprender alem\u00e1n o para mejorar sus conocimientos de alem\u00e1n.\" \/>\n<meta property=\"og:url\" content=\"https:\/\/www.sprachschule-aktiv-hamburg.de\/es\/cursos-de-aleman-que-ofrecemos\/cursos-por-la-tarde-aleman\/\" \/>\n<meta property=\"og:site_name\" content=\"Sprachschule Hamburg\" \/>\n<meta property=\"article:modified_time\" content=\"2021-03-11T11:48:01+00:00\" \/>\n<meta property=\"og:image\" content=\"https:\/\/www.sprachschule-aktiv-hamburg.de\/wp-content\/uploads\/2018\/12\/deutsch-abendkurse-hamburg-1024x512.png\" \/>\n<meta name=\"twitter:card\" content=\"summary_large_image\" \/>\n<meta name=\"twitter:label1\" content=\"Tiempo de lectura\" \/>\n\t<meta name=\"twitter:data1\" content=\"3 minutos\" \/>\n<script type=\"application\/ld+json\" class=\"yoast-schema-graph\">{\"@context\":\"https:\/\/schema.org\",\"@graph\":[{\"@type\":\"WebPage\",\"@id\":\"https:\/\/www.sprachschule-aktiv-hamburg.de\/es\/cursos-de-aleman-que-ofrecemos\/cursos-por-la-tarde-aleman\/\",\"url\":\"https:\/\/www.sprachschule-aktiv-hamburg.de\/es\/cursos-de-aleman-que-ofrecemos\/cursos-por-la-tarde-aleman\/\",\"name\":\"Cursos por la tarde de alem\u00e1n en Hamburgo - Para todos los niveles\",\"isPartOf\":{\"@id\":\"https:\/\/www.sprachschule-aktiv-hamburg.de\/#website\"},\"primaryImageOfPage\":{\"@id\":\"https:\/\/www.sprachschule-aktiv-hamburg.de\/es\/cursos-de-aleman-que-ofrecemos\/cursos-por-la-tarde-aleman\/#primaryimage\"},\"image\":{\"@id\":\"https:\/\/www.sprachschule-aktiv-hamburg.de\/es\/cursos-de-aleman-que-ofrecemos\/cursos-por-la-tarde-aleman\/#primaryimage\"},\"thumbnailUrl\":\"https:\/\/www.sprachschule-aktiv-hamburg.de\/wp-content\/uploads\/2018\/12\/deutsch-abendkurse-hamburg-1024x512.png\",\"datePublished\":\"2018-12-11T04:07:47+00:00\",\"dateModified\":\"2021-03-11T11:48:01+00:00\",\"description\":\"Un curso por la tarde de alem\u00e1n en Hamburgo es una soluci\u00f3n sencilla y pr\u00e1ctica para aprender alem\u00e1n o para mejorar sus conocimientos de alem\u00e1n.\",\"breadcrumb\":{\"@id\":\"https:\/\/www.sprachschule-aktiv-hamburg.de\/es\/cursos-de-aleman-que-ofrecemos\/cursos-por-la-tarde-aleman\/#breadcrumb\"},\"inLanguage\":\"es\",\"potentialAction\":[{\"@type\":\"ReadAction\",\"target\":[\"https:\/\/www.sprachschule-aktiv-hamburg.de\/es\/cursos-de-aleman-que-ofrecemos\/cursos-por-la-tarde-aleman\/\"]}]},{\"@type\":\"ImageObject\",\"inLanguage\":\"es\",\"@id\":\"https:\/\/www.sprachschule-aktiv-hamburg.de\/es\/cursos-de-aleman-que-ofrecemos\/cursos-por-la-tarde-aleman\/#primaryimage\",\"url\":\"https:\/\/www.sprachschule-aktiv-hamburg.de\/wp-content\/uploads\/2018\/12\/deutsch-abendkurse-hamburg-1024x512.png\",\"contentUrl\":\"https:\/\/www.sprachschule-aktiv-hamburg.de\/wp-content\/uploads\/2018\/12\/deutsch-abendkurse-hamburg-1024x512.png\"},{\"@type\":\"BreadcrumbList\",\"@id\":\"https:\/\/www.sprachschule-aktiv-hamburg.de\/es\/cursos-de-aleman-que-ofrecemos\/cursos-por-la-tarde-aleman\/#breadcrumb\",\"itemListElement\":[{\"@type\":\"ListItem\",\"position\":1,\"name\":\"Startseite\",\"item\":\"https:\/\/www.sprachschule-aktiv-hamburg.de\/es\/\"},{\"@type\":\"ListItem\",\"position\":2,\"name\":\"Cursos de alem\u00e1n que ofrecemos\",\"item\":\"https:\/\/www.sprachschule-aktiv-hamburg.de\/es\/cursos-de-aleman-que-ofrecemos\/\"},{\"@type\":\"ListItem\",\"position\":3,\"name\":\"Cursos por la tarde de alem\u00e1n\"}]},{\"@type\":\"WebSite\",\"@id\":\"https:\/\/www.sprachschule-aktiv-hamburg.de\/#website\",\"url\":\"https:\/\/www.sprachschule-aktiv-hamburg.de\/\",\"name\":\"Sprachschule Hamburg\",\"description\":\"\",\"potentialAction\":[{\"@type\":\"SearchAction\",\"target\":{\"@type\":\"EntryPoint\",\"urlTemplate\":\"https:\/\/www.sprachschule-aktiv-hamburg.de\/?s={search_term_string}\"},\"query-input\":{\"@type\":\"PropertyValueSpecification\",\"valueRequired\":true,\"valueName\":\"search_term_string\"}}],\"inLanguage\":\"es\"}]}<\/script>\n<!-- \/ Yoast SEO plugin. -->","yoast_head_json":{"title":"Cursos por la tarde de alem\u00e1n en Hamburgo - Para todos los niveles","description":"Un curso por la tarde de alem\u00e1n en Hamburgo es una soluci\u00f3n sencilla y pr\u00e1ctica para aprender alem\u00e1n o para mejorar sus conocimientos de alem\u00e1n.","robots":{"index":"index","follow":"follow","max-snippet":"max-snippet:-1","max-image-preview":"max-image-preview:large","max-video-preview":"max-video-preview:-1"},"canonical":"https:\/\/www.sprachschule-aktiv-hamburg.de\/es\/cursos-de-aleman-que-ofrecemos\/cursos-por-la-tarde-aleman\/","og_locale":"es_ES","og_type":"article","og_title":"Cursos por la tarde de alem\u00e1n en Hamburgo - Para todos los niveles","og_description":"Un curso por la tarde de alem\u00e1n en Hamburgo es una soluci\u00f3n sencilla y pr\u00e1ctica para aprender alem\u00e1n o para mejorar sus conocimientos de alem\u00e1n.","og_url":"https:\/\/www.sprachschule-aktiv-hamburg.de\/es\/cursos-de-aleman-que-ofrecemos\/cursos-por-la-tarde-aleman\/","og_site_name":"Sprachschule Hamburg","article_modified_time":"2021-03-11T11:48:01+00:00","og_image":[{"url":"https:\/\/www.sprachschule-aktiv-hamburg.de\/wp-content\/uploads\/2018\/12\/deutsch-abendkurse-hamburg-1024x512.png","type":"","width":"","height":""}],"twitter_card":"summary_large_image","twitter_misc":{"Tiempo de lectura":"3 minutos"},"schema":{"@context":"https:\/\/schema.org","@graph":[{"@type":"WebPage","@id":"https:\/\/www.sprachschule-aktiv-hamburg.de\/es\/cursos-de-aleman-que-ofrecemos\/cursos-por-la-tarde-aleman\/","url":"https:\/\/www.sprachschule-aktiv-hamburg.de\/es\/cursos-de-aleman-que-ofrecemos\/cursos-por-la-tarde-aleman\/","name":"Cursos por la tarde de alem\u00e1n en Hamburgo - Para todos los niveles","isPartOf":{"@id":"https:\/\/www.sprachschule-aktiv-hamburg.de\/#website"},"primaryImageOfPage":{"@id":"https:\/\/www.sprachschule-aktiv-hamburg.de\/es\/cursos-de-aleman-que-ofrecemos\/cursos-por-la-tarde-aleman\/#primaryimage"},"image":{"@id":"https:\/\/www.sprachschule-aktiv-hamburg.de\/es\/cursos-de-aleman-que-ofrecemos\/cursos-por-la-tarde-aleman\/#primaryimage"},"thumbnailUrl":"https:\/\/www.sprachschule-aktiv-hamburg.de\/wp-content\/uploads\/2018\/12\/deutsch-abendkurse-hamburg-1024x512.png","datePublished":"2018-12-11T04:07:47+00:00","dateModified":"2021-03-11T11:48:01+00:00","description":"Un curso por la tarde de alem\u00e1n en Hamburgo es una soluci\u00f3n sencilla y pr\u00e1ctica para aprender alem\u00e1n o para mejorar sus conocimientos de alem\u00e1n.","breadcrumb":{"@id":"https:\/\/www.sprachschule-aktiv-hamburg.de\/es\/cursos-de-aleman-que-ofrecemos\/cursos-por-la-tarde-aleman\/#breadcrumb"},"inLanguage":"es","potentialAction":[{"@type":"ReadAction","target":["https:\/\/www.sprachschule-aktiv-hamburg.de\/es\/cursos-de-aleman-que-ofrecemos\/cursos-por-la-tarde-aleman\/"]}]},{"@type":"ImageObject","inLanguage":"es","@id":"https:\/\/www.sprachschule-aktiv-hamburg.de\/es\/cursos-de-aleman-que-ofrecemos\/cursos-por-la-tarde-aleman\/#primaryimage","url":"https:\/\/www.sprachschule-aktiv-hamburg.de\/wp-content\/uploads\/2018\/12\/deutsch-abendkurse-hamburg-1024x512.png","contentUrl":"https:\/\/www.sprachschule-aktiv-hamburg.de\/wp-content\/uploads\/2018\/12\/deutsch-abendkurse-hamburg-1024x512.png"},{"@type":"BreadcrumbList","@id":"https:\/\/www.sprachschule-aktiv-hamburg.de\/es\/cursos-de-aleman-que-ofrecemos\/cursos-por-la-tarde-aleman\/#breadcrumb","itemListElement":[{"@type":"ListItem","position":1,"name":"Startseite","item":"https:\/\/www.sprachschule-aktiv-hamburg.de\/es\/"},{"@type":"ListItem","position":2,"name":"Cursos de alem\u00e1n que ofrecemos","item":"https:\/\/www.sprachschule-aktiv-hamburg.de\/es\/cursos-de-aleman-que-ofrecemos\/"},{"@type":"ListItem","position":3,"name":"Cursos por la tarde de alem\u00e1n"}]},{"@type":"WebSite","@id":"https:\/\/www.sprachschule-aktiv-hamburg.de\/#website","url":"https:\/\/www.sprachschule-aktiv-hamburg.de\/","name":"Sprachschule Hamburg","description":"","potentialAction":[{"@type":"SearchAction","target":{"@type":"EntryPoint","urlTemplate":"https:\/\/www.sprachschule-aktiv-hamburg.de\/?s={search_term_string}"},"query-input":{"@type":"PropertyValueSpecification","valueRequired":true,"valueName":"search_term_string"}}],"inLanguage":"es"}]}},"_links":{"self":[{"href":"https:\/\/www.sprachschule-aktiv-hamburg.de\/es\/wp-json\/wp\/v2\/pages\/1883","targetHints":{"allow":["GET"]}}],"collection":[{"href":"https:\/\/www.sprachschule-aktiv-hamburg.de\/es\/wp-json\/wp\/v2\/pages"}],"about":[{"href":"https:\/\/www.sprachschule-aktiv-hamburg.de\/es\/wp-json\/wp\/v2\/types\/page"}],"author":[{"embeddable":true,"href":"https:\/\/www.sprachschule-aktiv-hamburg.de\/es\/wp-json\/wp\/v2\/users\/2"}],"replies":[{"embeddable":true,"href":"https:\/\/www.sprachschule-aktiv-hamburg.de\/es\/wp-json\/wp\/v2\/comments?post=1883"}],"version-history":[{"count":12,"href":"https:\/\/www.sprachschule-aktiv-hamburg.de\/es\/wp-json\/wp\/v2\/pages\/1883\/revisions"}],"predecessor-version":[{"id":3029,"href":"https:\/\/www.sprachschule-aktiv-hamburg.de\/es\/wp-json\/wp\/v2\/pages\/1883\/revisions\/3029"}],"up":[{"embeddable":true,"href":"https:\/\/www.sprachschule-aktiv-hamburg.de\/es\/wp-json\/wp\/v2\/pages\/1902"}],"wp:attachment":[{"href":"https:\/\/www.sprachschule-aktiv-hamburg.de\/es\/wp-json\/wp\/v2\/media?parent=1883"}],"curies":[{"name":"wp","href":"https:\/\/api.w.org\/{rel}","templated":true}]}}