{"id":1877,"date":"2018-11-23T07:15:49","date_gmt":"2018-11-23T06:15:49","guid":{"rendered":"https:\/\/www.sprachschule-aktiv-hamburg.de\/deutsch-intensivkurse\/"},"modified":"2025-11-18T18:26:53","modified_gmt":"2025-11-18T17:26:53","slug":"curso-intensivo-de-aleman","status":"publish","type":"page","link":"https:\/\/www.sprachschule-aktiv-hamburg.de\/es\/cursos-de-aleman-que-ofrecemos\/curso-intensivo-de-aleman\/","title":{"rendered":"Curso intensivo"},"content":{"rendered":"<p>[vc_row][vc_column][vc_column_text]<\/p>\n<h1>Curso intensivo de alem\u00e1n en Hamburgo \u2013 4 semanas de curso intensivo desde 549 \u20ac<\/h1>\n<p>[\/vc_column_text][vc_row_inner][vc_column_inner width=&#8221;1\/2&#8243;][vc_column_text]<img decoding=\"async\" class=\"alignnone wp-image-493 size-full\" src=\"https:\/\/www.sprachschule-aktiv-hamburg.de\/wp-content\/uploads\/2018\/11\/deutsch-intensivkurse-hamburg.jpg\" alt=\"Curso intensivo de alem\u00e1n en Hamburgo \u2013 Curso de 4 semanas desde 279 \u20ac\" width=\"600\" height=\"352\" srcset=\"https:\/\/www.sprachschule-aktiv-hamburg.de\/wp-content\/uploads\/2018\/11\/deutsch-intensivkurse-hamburg.jpg 600w, https:\/\/www.sprachschule-aktiv-hamburg.de\/wp-content\/uploads\/2018\/11\/deutsch-intensivkurse-hamburg-300x176.jpg 300w, https:\/\/www.sprachschule-aktiv-hamburg.de\/wp-content\/uploads\/2018\/11\/deutsch-intensivkurse-hamburg-124x74.jpg 124w\" sizes=\"(max-width: 600px) 100vw, 600px\" \/>[\/vc_column_text][\/vc_column_inner][vc_column_inner width=&#8221;1\/2&#8243;][vc_column_text]Muchos aprenden alem\u00e1n en un curso vespertino dos veces a la semana. Esta es una buena opci\u00f3n si el marco temporal no es tan importante.<\/p>\n<p>Para los participantes en Hamburgo que quieran progresar de forma r\u00e1pida, un curso intensivo de alem\u00e1n es la mejor opci\u00f3n. Los alumnos practican el idioma todos los d\u00edas y esto hace que la curva del olvido sea muy plana y se progrese r\u00e1pidamente.[\/vc_column_text]\t<div class=\"vc_btn3-container vc_btn3-inline\">\n\t\t<a href=\"\/es\/inscribete-cursos-aleman\/\" class=\"pgs_btn pgs_btn_style_1 pgs_btn_lg\">\n\t\t\t<span>\n\t\t\t\tInscribirme ahora\t\t\t<\/span>\n\t\t\t\t\t<\/a>\n\t<\/div>\n\t[\/vc_column_inner][\/vc_row_inner][\/vc_column][\/vc_row][vc_row full_width=&#8221;stretch_row&#8221; css=&#8221;.vc_custom_1555095035681{padding-top: 15px !important;padding-bottom: 15px !important;background-color: #f8f8f8 !important;}&#8221;][vc_column][vc_column_text]<\/p>\n<h2>Nuestros cursos intensivos de alem\u00e1n en todos los niveles A1, A2, B1, B2, C1, C2<\/h2>\n<p>Si ya ha estado en Alemania durante un tiempo, por lo general, usted ya tendr\u00e1 algunos conocimientos b\u00e1sicos, por lo tanto visitar\u00e1 un curso acorde a sus conocimientos.<\/p>\n<p>Ofrecemos diferentes niveles, que se basan en el Marco Com\u00fan Europeo para las Lenguas (MCEL). Ofrecemos un total de seis niveles: A1, A2, B1, B2, C1, C2. El nivel del idioma va aumentando con el tiempo, pero no se podr\u00e1 asistir a un curso del nivel C si no se tiene un dominio del alem\u00e1n casi perfecto.<\/p>\n<p>Como principiante la tarea es f\u00e1cil. Se empezar\u00eda con el nivel A1. Con conocimientos previos, a menudo no es f\u00e1cil elegir el curso adecuado. Nuestra prueba de nivel es muy \u00fatil y puede encontrarla en nuestra p\u00e1gina web. Si necesita ayuda o desea asesoramiento, simplemente vis\u00edtenos en nuestras oficinas en Hamburgo.<\/p>\n<p>Al finalizar un nivel con \u00e9xito, recibir\u00e1 un certificado correspondiente por nuestra parte. El certificado le ser\u00e1 de gran ayuda para solicitar un trabajo o en instituciones educativas.<\/p>\n<h2>El curso intensivo de alem\u00e1n en Hamburgo se imparte en grupos reducidos<\/h2>\n<p>Las clases grupales son peque\u00f1as y ofrecen muchas oportunidades para la comunicaci\u00f3n. Sin embargo, tambi\u00e9n existe el riesgo de que el alumno pase desapercibido en el grupo. Para evitar que esto suceda, nos aseguramos de que el tama\u00f1o del grupo no exceda de diez alumnos. Tendr\u00e1 la oportunidad de hablar alem\u00e1n y progresar r\u00e1pidamente.<\/p>\n<h2>Con nuestros profesores de alem\u00e1n, las lecciones son m\u00e1s divertidas<\/h2>\n<p>Por supuesto, nuestros profesores de alem\u00e1n son nativos y ense\u00f1an de acuerdo a principios pedag\u00f3gicos. Esto se puede dar por sentado, pero nosotros vamos m\u00e1s all\u00e1 en la selecci\u00f3n de nuestros profesores.<\/p>\n<p>Al pasar varias horas al d\u00eda con los profesores, nos aseguramos de que sean personas amables y que las lecciones diarias se pasen volando y se haga un progreso incre\u00edble cada d\u00eda.<\/p>\n<p>[\/vc_column_text][\/vc_column][\/vc_row][vc_row][vc_column][vc_column_text]<\/p>\n<h2>Condiciones generales y precios de nuestros cursos intensivos de alem\u00e1n en Hamburgo<\/h2>\n<p><strong>Curso intensivo \u2013 20 horas de clase por semana*:<\/strong><\/p>\n<p>&nbsp;<\/p>\n<p>Nuestros cursos intensivos tienen lugar por la ma\u00f1ana (todos los d\u00edas de 9:00 a 12:00 horas). La inscripci\u00f3n en un curso se puede realizar semanal o mensualmente.<\/p>\n<ul>\n<li>Una semana cuesta 229 \u20ac,-<\/li>\n<li>Por dos semanas s\u00f3lo paga 349 \u20ac,-<\/li>\n<li>El curso intensivo de tres semanas s\u00f3lo cuesta 399 \u20ac,-<\/li>\n<li>Un mes de curso intensivo de alem\u00e1n en Hamburgo cuesta 549 \u20ac,-<\/li>\n<\/ul>\n<p>\u00a1Oferta de tarifa plana!<\/p>\n<p>Para reservas de 3 meses con tarifa plana de 1.499 \u20ac,- \u00a0(con un m\u00e1ximo de dos cuotas), 6 meses con tarifa plana de 2.699 \u20ac,- y 12 meses con tarifa plana de 5.199 \u20ac,-<\/p>\n<p>\n<table id=\"tablepress-4\" class=\"tablepress tablepress-id-4\">\n<thead>\n<tr class=\"row-1\">\n\t<th class=\"column-1\">Intensivkurse<\/th><th class=\"column-2\">Kursbeginn<\/th><th class=\"column-3\">Termine<\/th><th class=\"column-4\">Uhrzeit<\/th>\n<\/tr>\n<\/thead>\n<tbody class=\"row-striping row-hover\">\n<tr class=\"row-2\">\n\t<td class=\"column-1\">Kalenderjahr 2026<\/td><td class=\"column-2\"><\/td><td class=\"column-3\"><\/td><td class=\"column-4\"><\/td>\n<\/tr>\n<tr class=\"row-3\">\n\t<td class=\"column-1\">Kursfreie Woche<\/td><td class=\"column-2\">30.03.2026 - 03.04.2026<\/td><td class=\"column-3\"><\/td><td class=\"column-4\"><\/td>\n<\/tr>\n<tr class=\"row-4\">\n\t<td class=\"column-1\">April<\/td><td class=\"column-2\">07.04.2026 - 30.04.2026<\/td><td class=\"column-3\">Montag bis Freitag<\/td><td class=\"column-4\">9:00 bis 12:00 Uhr<\/td>\n<\/tr>\n<tr class=\"row-5\">\n\t<td class=\"column-1\">Mai<\/td><td class=\"column-2\">04.05.2026 - 29.05.2026<\/td><td class=\"column-3\">Montag bis Freitag<\/td><td class=\"column-4\">9:00 bis 12:00 Uhr<\/td>\n<\/tr>\n<tr class=\"row-6\">\n\t<td class=\"column-1\">Kursfreie Woche<\/td><td class=\"column-2\">01.06.2026 - 05.06.2026<\/td><td class=\"column-3\"><\/td><td class=\"column-4\"><\/td>\n<\/tr>\n<tr class=\"row-7\">\n\t<td class=\"column-1\">Juni<\/td><td class=\"column-2\">08.06.2026 - 03.07.2026<\/td><td class=\"column-3\">Montag bis Freitag<\/td><td class=\"column-4\">9:00 bis 12:00 Uhr<\/td>\n<\/tr>\n<tr class=\"row-8\">\n\t<td class=\"column-1\">Juli<\/td><td class=\"column-2\">06.07.2026 - 31.07.2026<\/td><td class=\"column-3\">Montag bis Freitag<\/td><td class=\"column-4\">9:00 bis 12:00 Uhr<\/td>\n<\/tr>\n<tr class=\"row-9\">\n\t<td class=\"column-1\">August<\/td><td class=\"column-2\">03.08.2026 - 28.08.2026<\/td><td class=\"column-3\">Montag bis Freitag<\/td><td class=\"column-4\">9:00 bis 12:00 Uhr<\/td>\n<\/tr>\n<tr class=\"row-10\">\n\t<td class=\"column-1\">September<\/td><td class=\"column-2\">31.08.2026 - 25.09.2026<\/td><td class=\"column-3\">Montag bis Freitag<\/td><td class=\"column-4\">9:00 bis 12:00 Uhr<\/td>\n<\/tr>\n<tr class=\"row-11\">\n\t<td class=\"column-1\">Oktober<\/td><td class=\"column-2\">28.09.2026 - 23.10.2026<\/td><td class=\"column-3\">Montag bis Freitag<\/td><td class=\"column-4\">9:00 bis 12:00 Uhr<\/td>\n<\/tr>\n<tr class=\"row-12\">\n\t<td class=\"column-1\">November<\/td><td class=\"column-2\">26.10.2026 - 20.11.2026<\/td><td class=\"column-3\">Montag bis Freitag<\/td><td class=\"column-4\">9:00 bis 12:00 Uhr<\/td>\n<\/tr>\n<tr class=\"row-13\">\n\t<td class=\"column-1\">Dezember<\/td><td class=\"column-2\">23.11.2026-18.12.2026<\/td><td class=\"column-3\">Montag bis Freitag<\/td><td class=\"column-4\">9:00 bis 12:00 Uhr<\/td>\n<\/tr>\n<\/tbody>\n<\/table>\n<!-- #tablepress-4 from cache -->[\/vc_column_text][\/vc_column][\/vc_row][vc_row][vc_column][vc_column_text]<strong>Oferta especial &#8211; 4 semanas de curso intensivo &#8220;light&#8221; por 319\u20ac ,-<\/strong><\/p>\n<p>Curso intensivo cuatro d\u00edas a la semana &#8211; de lunes a jueves, 3 \u00d7 60 min cada d\u00eda.<\/p>\n<p>Los cursos intensivos &#8220;light&#8221; de alem\u00e1n son posibles en tres turnos: de 9:00 a 18:00 horas.<\/p>\n<p>El curso intensivo &#8220;light&#8221; es una variante m\u00e1s econ\u00f3mica y muy efectiva. Su precio se reduce, no obstante, el profesor trabajar\u00e1 de forma intensiva con los estudiantes.<\/p>\n<p>Precio: 319\u20ac,- \u00a0 \u00a0Duraci\u00f3n: cuatro semanas \u00a0Atenci\u00f3n: \u00a1Este curso no es adecuado para solicitar un visado o para extender la estancia!<\/p>\n<p>Aqu\u00ed est\u00e1n las fechas del curso:<\/p>\n<p>[table \u201c12\u201d not found \/]<br \/>\n[\/vc_column_text][\/vc_column][\/vc_row]<\/p>\n","protected":false},"excerpt":{"rendered":"<p>[vc_row][vc_column][vc_column_text] Curso intensivo de alem\u00e1n en Hamburgo \u2013 4 semanas de curso intensivo desde 549 \u20ac [\/vc_column_text][vc_row_inner][vc_column_inner width=&#8221;1\/2&#8243;][vc_column_text][\/vc_column_text][\/vc_column_inner][vc_column_inner width=&#8221;1\/2&#8243;][vc_column_text]Muchos aprenden alem\u00e1n en un curso vespertino dos veces a la semana. Esta es una buena opci\u00f3n si el marco temporal no es tan importante. Para los participantes en Hamburgo que quieran progresar de forma r\u00e1pida, un&hellip; <a class=\"read-more\" href=\"https:\/\/www.sprachschule-aktiv-hamburg.de\/es\/cursos-de-aleman-que-ofrecemos\/curso-intensivo-de-aleman\/\" title=\"Read Curso intensivo\">Read more &raquo;<\/a><\/p>\n","protected":false},"author":2,"featured_media":0,"parent":1902,"menu_order":0,"comment_status":"closed","ping_status":"closed","template":"","meta":{"footnotes":""},"class_list":["post-1877","page","type-page","status-publish","hentry"],"yoast_head":"<!-- This site is optimized with the Yoast SEO plugin v27.1.1 - https:\/\/yoast.com\/product\/yoast-seo-wordpress\/ -->\n<title>Cursos intensivos de alem\u00e1n en Hamburgo - A1, A2, B1, B2, C1, C2<\/title>\n<meta name=\"description\" content=\"Curso intensivo de alem\u00e1n en Hamburgo. Curso de 4 semanas desde 279 \u20ac. Nuestros cursos intensivos de alem\u00e1n en todos los niveles A1, A2, B1, B2, C1, C2.\" \/>\n<meta name=\"robots\" content=\"index, follow, max-snippet:-1, max-image-preview:large, max-video-preview:-1\" \/>\n<link rel=\"canonical\" href=\"https:\/\/www.sprachschule-aktiv-hamburg.de\/es\/cursos-de-aleman-que-ofrecemos\/curso-intensivo-de-aleman\/\" \/>\n<meta property=\"og:locale\" content=\"es_ES\" \/>\n<meta property=\"og:type\" content=\"article\" \/>\n<meta property=\"og:title\" content=\"Cursos intensivos de alem\u00e1n en Hamburgo - A1, A2, B1, B2, C1, C2\" \/>\n<meta property=\"og:description\" content=\"Curso intensivo de alem\u00e1n en Hamburgo. Curso de 4 semanas desde 279 \u20ac. Nuestros cursos intensivos de alem\u00e1n en todos los niveles A1, A2, B1, B2, C1, C2.\" \/>\n<meta property=\"og:url\" content=\"https:\/\/www.sprachschule-aktiv-hamburg.de\/es\/cursos-de-aleman-que-ofrecemos\/curso-intensivo-de-aleman\/\" \/>\n<meta property=\"og:site_name\" content=\"Sprachschule Hamburg\" \/>\n<meta property=\"article:modified_time\" content=\"2025-11-18T17:26:53+00:00\" \/>\n<meta property=\"og:image\" content=\"https:\/\/www.sprachschule-aktiv-hamburg.de\/wp-content\/uploads\/2018\/11\/deutsch-intensivkurse-hamburg.jpg\" \/>\n\t<meta property=\"og:image:width\" content=\"600\" \/>\n\t<meta property=\"og:image:height\" content=\"352\" \/>\n\t<meta property=\"og:image:type\" content=\"image\/jpeg\" \/>\n<meta name=\"twitter:card\" content=\"summary_large_image\" \/>\n<meta name=\"twitter:label1\" content=\"Tiempo de lectura\" \/>\n\t<meta name=\"twitter:data1\" content=\"4 minutos\" \/>\n<script type=\"application\/ld+json\" class=\"yoast-schema-graph\">{\"@context\":\"https:\/\/schema.org\",\"@graph\":[{\"@type\":\"WebPage\",\"@id\":\"https:\/\/www.sprachschule-aktiv-hamburg.de\/es\/cursos-de-aleman-que-ofrecemos\/curso-intensivo-de-aleman\/\",\"url\":\"https:\/\/www.sprachschule-aktiv-hamburg.de\/es\/cursos-de-aleman-que-ofrecemos\/curso-intensivo-de-aleman\/\",\"name\":\"Cursos intensivos de alem\u00e1n en Hamburgo - A1, A2, B1, B2, C1, C2\",\"isPartOf\":{\"@id\":\"https:\/\/www.sprachschule-aktiv-hamburg.de\/#website\"},\"primaryImageOfPage\":{\"@id\":\"https:\/\/www.sprachschule-aktiv-hamburg.de\/es\/cursos-de-aleman-que-ofrecemos\/curso-intensivo-de-aleman\/#primaryimage\"},\"image\":{\"@id\":\"https:\/\/www.sprachschule-aktiv-hamburg.de\/es\/cursos-de-aleman-que-ofrecemos\/curso-intensivo-de-aleman\/#primaryimage\"},\"thumbnailUrl\":\"https:\/\/www.sprachschule-aktiv-hamburg.de\/wp-content\/uploads\/2018\/11\/deutsch-intensivkurse-hamburg.jpg\",\"datePublished\":\"2018-11-23T06:15:49+00:00\",\"dateModified\":\"2025-11-18T17:26:53+00:00\",\"description\":\"Curso intensivo de alem\u00e1n en Hamburgo. Curso de 4 semanas desde 279 \u20ac. Nuestros cursos intensivos de alem\u00e1n en todos los niveles A1, A2, B1, B2, C1, C2.\",\"breadcrumb\":{\"@id\":\"https:\/\/www.sprachschule-aktiv-hamburg.de\/es\/cursos-de-aleman-que-ofrecemos\/curso-intensivo-de-aleman\/#breadcrumb\"},\"inLanguage\":\"es\",\"potentialAction\":[{\"@type\":\"ReadAction\",\"target\":[\"https:\/\/www.sprachschule-aktiv-hamburg.de\/es\/cursos-de-aleman-que-ofrecemos\/curso-intensivo-de-aleman\/\"]}]},{\"@type\":\"ImageObject\",\"inLanguage\":\"es\",\"@id\":\"https:\/\/www.sprachschule-aktiv-hamburg.de\/es\/cursos-de-aleman-que-ofrecemos\/curso-intensivo-de-aleman\/#primaryimage\",\"url\":\"https:\/\/www.sprachschule-aktiv-hamburg.de\/wp-content\/uploads\/2018\/11\/deutsch-intensivkurse-hamburg.jpg\",\"contentUrl\":\"https:\/\/www.sprachschule-aktiv-hamburg.de\/wp-content\/uploads\/2018\/11\/deutsch-intensivkurse-hamburg.jpg\"},{\"@type\":\"BreadcrumbList\",\"@id\":\"https:\/\/www.sprachschule-aktiv-hamburg.de\/es\/cursos-de-aleman-que-ofrecemos\/curso-intensivo-de-aleman\/#breadcrumb\",\"itemListElement\":[{\"@type\":\"ListItem\",\"position\":1,\"name\":\"Startseite\",\"item\":\"https:\/\/www.sprachschule-aktiv-hamburg.de\/es\/\"},{\"@type\":\"ListItem\",\"position\":2,\"name\":\"Cursos de alem\u00e1n que ofrecemos\",\"item\":\"https:\/\/www.sprachschule-aktiv-hamburg.de\/es\/cursos-de-aleman-que-ofrecemos\/\"},{\"@type\":\"ListItem\",\"position\":3,\"name\":\"Curso intensivo\"}]},{\"@type\":\"WebSite\",\"@id\":\"https:\/\/www.sprachschule-aktiv-hamburg.de\/#website\",\"url\":\"https:\/\/www.sprachschule-aktiv-hamburg.de\/\",\"name\":\"Sprachschule Hamburg\",\"description\":\"\",\"potentialAction\":[{\"@type\":\"SearchAction\",\"target\":{\"@type\":\"EntryPoint\",\"urlTemplate\":\"https:\/\/www.sprachschule-aktiv-hamburg.de\/?s={search_term_string}\"},\"query-input\":{\"@type\":\"PropertyValueSpecification\",\"valueRequired\":true,\"valueName\":\"search_term_string\"}}],\"inLanguage\":\"es\"}]}<\/script>\n<!-- \/ Yoast SEO plugin. -->","yoast_head_json":{"title":"Cursos intensivos de alem\u00e1n en Hamburgo - A1, A2, B1, B2, C1, C2","description":"Curso intensivo de alem\u00e1n en Hamburgo. Curso de 4 semanas desde 279 \u20ac. Nuestros cursos intensivos de alem\u00e1n en todos los niveles A1, A2, B1, B2, C1, C2.","robots":{"index":"index","follow":"follow","max-snippet":"max-snippet:-1","max-image-preview":"max-image-preview:large","max-video-preview":"max-video-preview:-1"},"canonical":"https:\/\/www.sprachschule-aktiv-hamburg.de\/es\/cursos-de-aleman-que-ofrecemos\/curso-intensivo-de-aleman\/","og_locale":"es_ES","og_type":"article","og_title":"Cursos intensivos de alem\u00e1n en Hamburgo - A1, A2, B1, B2, C1, C2","og_description":"Curso intensivo de alem\u00e1n en Hamburgo. Curso de 4 semanas desde 279 \u20ac. Nuestros cursos intensivos de alem\u00e1n en todos los niveles A1, A2, B1, B2, C1, C2.","og_url":"https:\/\/www.sprachschule-aktiv-hamburg.de\/es\/cursos-de-aleman-que-ofrecemos\/curso-intensivo-de-aleman\/","og_site_name":"Sprachschule Hamburg","article_modified_time":"2025-11-18T17:26:53+00:00","og_image":[{"width":600,"height":352,"url":"https:\/\/www.sprachschule-aktiv-hamburg.de\/wp-content\/uploads\/2018\/11\/deutsch-intensivkurse-hamburg.jpg","type":"image\/jpeg"}],"twitter_card":"summary_large_image","twitter_misc":{"Tiempo de lectura":"4 minutos"},"schema":{"@context":"https:\/\/schema.org","@graph":[{"@type":"WebPage","@id":"https:\/\/www.sprachschule-aktiv-hamburg.de\/es\/cursos-de-aleman-que-ofrecemos\/curso-intensivo-de-aleman\/","url":"https:\/\/www.sprachschule-aktiv-hamburg.de\/es\/cursos-de-aleman-que-ofrecemos\/curso-intensivo-de-aleman\/","name":"Cursos intensivos de alem\u00e1n en Hamburgo - A1, A2, B1, B2, C1, C2","isPartOf":{"@id":"https:\/\/www.sprachschule-aktiv-hamburg.de\/#website"},"primaryImageOfPage":{"@id":"https:\/\/www.sprachschule-aktiv-hamburg.de\/es\/cursos-de-aleman-que-ofrecemos\/curso-intensivo-de-aleman\/#primaryimage"},"image":{"@id":"https:\/\/www.sprachschule-aktiv-hamburg.de\/es\/cursos-de-aleman-que-ofrecemos\/curso-intensivo-de-aleman\/#primaryimage"},"thumbnailUrl":"https:\/\/www.sprachschule-aktiv-hamburg.de\/wp-content\/uploads\/2018\/11\/deutsch-intensivkurse-hamburg.jpg","datePublished":"2018-11-23T06:15:49+00:00","dateModified":"2025-11-18T17:26:53+00:00","description":"Curso intensivo de alem\u00e1n en Hamburgo. Curso de 4 semanas desde 279 \u20ac. Nuestros cursos intensivos de alem\u00e1n en todos los niveles A1, A2, B1, B2, C1, C2.","breadcrumb":{"@id":"https:\/\/www.sprachschule-aktiv-hamburg.de\/es\/cursos-de-aleman-que-ofrecemos\/curso-intensivo-de-aleman\/#breadcrumb"},"inLanguage":"es","potentialAction":[{"@type":"ReadAction","target":["https:\/\/www.sprachschule-aktiv-hamburg.de\/es\/cursos-de-aleman-que-ofrecemos\/curso-intensivo-de-aleman\/"]}]},{"@type":"ImageObject","inLanguage":"es","@id":"https:\/\/www.sprachschule-aktiv-hamburg.de\/es\/cursos-de-aleman-que-ofrecemos\/curso-intensivo-de-aleman\/#primaryimage","url":"https:\/\/www.sprachschule-aktiv-hamburg.de\/wp-content\/uploads\/2018\/11\/deutsch-intensivkurse-hamburg.jpg","contentUrl":"https:\/\/www.sprachschule-aktiv-hamburg.de\/wp-content\/uploads\/2018\/11\/deutsch-intensivkurse-hamburg.jpg"},{"@type":"BreadcrumbList","@id":"https:\/\/www.sprachschule-aktiv-hamburg.de\/es\/cursos-de-aleman-que-ofrecemos\/curso-intensivo-de-aleman\/#breadcrumb","itemListElement":[{"@type":"ListItem","position":1,"name":"Startseite","item":"https:\/\/www.sprachschule-aktiv-hamburg.de\/es\/"},{"@type":"ListItem","position":2,"name":"Cursos de alem\u00e1n que ofrecemos","item":"https:\/\/www.sprachschule-aktiv-hamburg.de\/es\/cursos-de-aleman-que-ofrecemos\/"},{"@type":"ListItem","position":3,"name":"Curso intensivo"}]},{"@type":"WebSite","@id":"https:\/\/www.sprachschule-aktiv-hamburg.de\/#website","url":"https:\/\/www.sprachschule-aktiv-hamburg.de\/","name":"Sprachschule Hamburg","description":"","potentialAction":[{"@type":"SearchAction","target":{"@type":"EntryPoint","urlTemplate":"https:\/\/www.sprachschule-aktiv-hamburg.de\/?s={search_term_string}"},"query-input":{"@type":"PropertyValueSpecification","valueRequired":true,"valueName":"search_term_string"}}],"inLanguage":"es"}]}},"_links":{"self":[{"href":"https:\/\/www.sprachschule-aktiv-hamburg.de\/es\/wp-json\/wp\/v2\/pages\/1877","targetHints":{"allow":["GET"]}}],"collection":[{"href":"https:\/\/www.sprachschule-aktiv-hamburg.de\/es\/wp-json\/wp\/v2\/pages"}],"about":[{"href":"https:\/\/www.sprachschule-aktiv-hamburg.de\/es\/wp-json\/wp\/v2\/types\/page"}],"author":[{"embeddable":true,"href":"https:\/\/www.sprachschule-aktiv-hamburg.de\/es\/wp-json\/wp\/v2\/users\/2"}],"replies":[{"embeddable":true,"href":"https:\/\/www.sprachschule-aktiv-hamburg.de\/es\/wp-json\/wp\/v2\/comments?post=1877"}],"version-history":[{"count":17,"href":"https:\/\/www.sprachschule-aktiv-hamburg.de\/es\/wp-json\/wp\/v2\/pages\/1877\/revisions"}],"predecessor-version":[{"id":9437,"href":"https:\/\/www.sprachschule-aktiv-hamburg.de\/es\/wp-json\/wp\/v2\/pages\/1877\/revisions\/9437"}],"up":[{"embeddable":true,"href":"https:\/\/www.sprachschule-aktiv-hamburg.de\/es\/wp-json\/wp\/v2\/pages\/1902"}],"wp:attachment":[{"href":"https:\/\/www.sprachschule-aktiv-hamburg.de\/es\/wp-json\/wp\/v2\/media?parent=1877"}],"curies":[{"name":"wp","href":"https:\/\/api.w.org\/{rel}","templated":true}]}}