{"id":1783,"date":"2018-12-15T06:21:59","date_gmt":"2018-12-15T05:21:59","guid":{"rendered":"https:\/\/www.sprachschule-aktiv-hamburg.de\/bilder-und-videos-sprachschule-hamburg\/"},"modified":"2022-12-30T17:55:34","modified_gmt":"2022-12-30T16:55:34","slug":"acerca-de-nosotros","status":"publish","type":"page","link":"https:\/\/www.sprachschule-aktiv-hamburg.de\/es\/acerca-de-nosotros\/","title":{"rendered":"Acerca de nosotros"},"content":{"rendered":"<p>[vc_row css=&#8221;.vc_custom_1555094432572{margin-top: 20px !important;}&#8221;][vc_column][vc_column_text]<\/p>\n<h1>Acerca de nosotros \u2013 fotos y v\u00eddeos de la escuela Sprachschule Aktiv en Hamburgo<\/h1>\n<p>Nuestro equipo fundador: la escuela de idiomas de Hamburgo est\u00e1 dirigida por un antiguo miembro del grupo Sprachschule Aktiv. Florian Burkhardt es miembro activo del grupo desde 2010 y dirige la sucursal de Freising y la empresa online <a href=\"https:\/\/www.german-online-training.com\/\" target=\"_blank\" rel=\"noopener noreferrer\">www.german-online-training.com<\/a>.<\/p>\n<p>\u00c9l mismo es traductor e int\u00e9rprete especializado y un amante de los idiomas. \u00c9l, su oficina y su equipo de profesores le dan la bienvenida a la escuela de idiomas Sprachschule Aktiv Hamburgo.[\/vc_column_text][vc_column_text]<\/p>\n<h2>Fotos y v\u00eddeos de nuestra escuela de idiomas en Hamburgo \u2013 nuestra presentaci\u00f3n<\/h2>\n<p>La escuela de idiomas en Hamburgo se presenta. Nuestras fotos y v\u00eddeos de la escuela de idiomas Sprachschule Aktiv en Hamburgo, estudiantes, excursiones, eventos, fiestas y aulas de los cursos.[\/vc_column_text][vc_row_inner][vc_column_inner width=&#8221;1\/2&#8243;][vc_column_text]<iframe title=\"YouTube video player\" src=\"https:\/\/www.youtube.com\/embed\/mqoyiKrwrUs\" width=\"560\" height=\"315\" frameborder=\"0\" allowfullscreen=\"allowfullscreen\"><\/iframe>[\/vc_column_text][\/vc_column_inner][vc_column_inner width=&#8221;1\/2&#8243;][vc_column_text]<iframe title=\"YouTube video player\" src=\"https:\/\/www.youtube.com\/embed\/NLkzkz_Ld5c\" width=\"560\" height=\"315\" frameborder=\"0\" allowfullscreen=\"allowfullscreen\"><\/iframe>[\/vc_column_text][\/vc_column_inner][\/vc_row_inner][vc_row_inner][vc_column_inner width=&#8221;1\/2&#8243;][vc_column_text]<iframe title=\"YouTube video player\" src=\"https:\/\/www.youtube.com\/embed\/svIJFtMcbrw\" width=\"560\" height=\"315\" frameborder=\"0\" allowfullscreen=\"allowfullscreen\"><\/iframe>[\/vc_column_text][\/vc_column_inner][vc_column_inner width=&#8221;1\/2&#8243;][vc_column_text]<iframe title=\"YouTube video player\" src=\"https:\/\/www.youtube.com\/embed\/vTS0Mq6dQts\" width=\"560\" height=\"315\" frameborder=\"0\" allowfullscreen=\"allowfullscreen\"><\/iframe>[\/vc_column_text][\/vc_column_inner][\/vc_row_inner][\/vc_column][\/vc_row][vc_row full_width=&#8221;stretch_row&#8221; css=&#8221;.vc_custom_1555094286080{padding-top: 15px !important;padding-bottom: 15px !important;background-color: #f8f8f8 !important;}&#8221;][vc_column][vc_gallery type=&#8221;image_grid&#8221; images=&#8221;922,919,916,913,910,907,904,901,889,898,886,892,883,895,880,877,874,871,868,865,862,859,856,850,847,844,838,835,832,829&#8243;][\/vc_column][\/vc_row][vc_row][vc_column][vc_column_text]<\/p>\n<h2>Ubicaci\u00f3n \u2013 situada en el centro de la ciudad, entre la estaci\u00f3n de S-Bahn (tren urbano) Hammerbrook y Berliner Tor<\/h2>\n<p>No hay que ir muy lejos desde el centro de la ciudad hasta nuestra escuela de idiomas. Estamos situados a menos de 300 metros de la estaci\u00f3n de S-Bahn Hammerbrook-City S\u00fcd (al sur de la ciudad), a pocos minutos a pie. Tambi\u00e9n est\u00e1 la estaci\u00f3n de S-Bahn Berliner Tor a s\u00f3lo 5 minutos a pie. Adem\u00e1s, encontrar\u00e1 plazas de aparcamiento en la misma calle.<\/p>\n<h2>Buscando un compa\u00f1ero de idiomas en Hamburgo \u2013 \u00a1Los estudiantes alemanes de Sprachschule Aktiv est\u00e1n contentos!<\/h2>\n<p>Casi todos los meses hasta 30 nacionalidades diferentes aprenden alem\u00e1n como lengua extranjera en nuestra escuela de idiomas Sprachschule Aktiv en Hamburgo. Tambi\u00e9n organizamos cursos de idiomas en pareja para los idiomas espa\u00f1ol, ruso, chino o portugu\u00e9s. \u00a1P\u00f3ngase en contacto con nosotros en nuestra oficina y estaremos encantados de ayudarle a encontrar un compa\u00f1ero de idiomas!<\/p>\n<h2>Fiestas internacionales despu\u00e9s del curso de idiomas<\/h2>\n<p>Muchos de nuestros profesores viven la vida internacional al m\u00e1ximo en sus cursos de idiomas; hacen excursiones u organizan peque\u00f1as fiestas gastron\u00f3micas despu\u00e9s del curso de idiomas.<\/p>\n<p>Qu\u00e9dese un poco m\u00e1s y conozca a los otros estudiantes.<br \/>\n\u00a1Esperamos poder darle la bienvenida en nuestra escuela Sprachschule Aktiv de Hamburgo![\/vc_column_text][\/vc_column][\/vc_row]<\/p>\n","protected":false},"excerpt":{"rendered":"<p>[vc_row css=&#8221;.vc_custom_1555094432572{margin-top: 20px !important;}&#8221;][vc_column][vc_column_text] Acerca de nosotros \u2013 fotos y v\u00eddeos de la escuela Sprachschule Aktiv en Hamburgo Nuestro equipo fundador: la escuela de idiomas de Hamburgo est\u00e1 dirigida por un antiguo miembro del grupo Sprachschule Aktiv. Florian Burkhardt es miembro activo del grupo desde 2010 y dirige la sucursal de Freising y la empresa&hellip; <a class=\"read-more\" href=\"https:\/\/www.sprachschule-aktiv-hamburg.de\/es\/acerca-de-nosotros\/\" title=\"Read Acerca de nosotros\">Read more &raquo;<\/a><\/p>\n","protected":false},"author":2,"featured_media":0,"parent":0,"menu_order":0,"comment_status":"closed","ping_status":"closed","template":"","meta":{"footnotes":""},"class_list":["post-1783","page","type-page","status-publish","hentry"],"yoast_head":"<!-- This site is optimized with the Yoast SEO plugin v27.1.1 - https:\/\/yoast.com\/product\/yoast-seo-wordpress\/ -->\n<title>Fotos y v\u00eddeos de la escuela de alem\u00e1n en Hamburgo<\/title>\n<meta name=\"description\" content=\"Aqu\u00ed puedes ver videos y fotos de nuestra escuela de alem\u00e1n en Hamburgo. Nos dedicamos con todo coraz\u00f3n para ofrecerte los mejores cursos de alem\u00e1n.\" \/>\n<meta name=\"robots\" content=\"index, follow, max-snippet:-1, max-image-preview:large, max-video-preview:-1\" \/>\n<link rel=\"canonical\" href=\"https:\/\/www.sprachschule-aktiv-hamburg.de\/es\/acerca-de-nosotros\/\" \/>\n<meta property=\"og:locale\" content=\"es_ES\" \/>\n<meta property=\"og:type\" content=\"article\" \/>\n<meta property=\"og:title\" content=\"Fotos y v\u00eddeos de la escuela de alem\u00e1n en Hamburgo\" \/>\n<meta property=\"og:description\" content=\"Aqu\u00ed puedes ver videos y fotos de nuestra escuela de alem\u00e1n en Hamburgo. Nos dedicamos con todo coraz\u00f3n para ofrecerte los mejores cursos de alem\u00e1n.\" \/>\n<meta property=\"og:url\" content=\"https:\/\/www.sprachschule-aktiv-hamburg.de\/es\/acerca-de-nosotros\/\" \/>\n<meta property=\"og:site_name\" content=\"Sprachschule Hamburg\" \/>\n<meta property=\"article:modified_time\" content=\"2022-12-30T16:55:34+00:00\" \/>\n<meta name=\"twitter:card\" content=\"summary_large_image\" \/>\n<meta name=\"twitter:label1\" content=\"Tiempo de lectura\" \/>\n\t<meta name=\"twitter:data1\" content=\"3 minutos\" \/>\n<script type=\"application\/ld+json\" class=\"yoast-schema-graph\">{\"@context\":\"https:\/\/schema.org\",\"@graph\":[{\"@type\":\"WebPage\",\"@id\":\"https:\/\/www.sprachschule-aktiv-hamburg.de\/es\/acerca-de-nosotros\/\",\"url\":\"https:\/\/www.sprachschule-aktiv-hamburg.de\/es\/acerca-de-nosotros\/\",\"name\":\"Fotos y v\u00eddeos de la escuela de alem\u00e1n en Hamburgo\",\"isPartOf\":{\"@id\":\"https:\/\/www.sprachschule-aktiv-hamburg.de\/#website\"},\"datePublished\":\"2018-12-15T05:21:59+00:00\",\"dateModified\":\"2022-12-30T16:55:34+00:00\",\"description\":\"Aqu\u00ed puedes ver videos y fotos de nuestra escuela de alem\u00e1n en Hamburgo. Nos dedicamos con todo coraz\u00f3n para ofrecerte los mejores cursos de alem\u00e1n.\",\"breadcrumb\":{\"@id\":\"https:\/\/www.sprachschule-aktiv-hamburg.de\/es\/acerca-de-nosotros\/#breadcrumb\"},\"inLanguage\":\"es\",\"potentialAction\":[{\"@type\":\"ReadAction\",\"target\":[\"https:\/\/www.sprachschule-aktiv-hamburg.de\/es\/acerca-de-nosotros\/\"]}]},{\"@type\":\"BreadcrumbList\",\"@id\":\"https:\/\/www.sprachschule-aktiv-hamburg.de\/es\/acerca-de-nosotros\/#breadcrumb\",\"itemListElement\":[{\"@type\":\"ListItem\",\"position\":1,\"name\":\"Startseite\",\"item\":\"https:\/\/www.sprachschule-aktiv-hamburg.de\/es\/\"},{\"@type\":\"ListItem\",\"position\":2,\"name\":\"Acerca de nosotros\"}]},{\"@type\":\"WebSite\",\"@id\":\"https:\/\/www.sprachschule-aktiv-hamburg.de\/#website\",\"url\":\"https:\/\/www.sprachschule-aktiv-hamburg.de\/\",\"name\":\"Sprachschule Hamburg\",\"description\":\"\",\"potentialAction\":[{\"@type\":\"SearchAction\",\"target\":{\"@type\":\"EntryPoint\",\"urlTemplate\":\"https:\/\/www.sprachschule-aktiv-hamburg.de\/?s={search_term_string}\"},\"query-input\":{\"@type\":\"PropertyValueSpecification\",\"valueRequired\":true,\"valueName\":\"search_term_string\"}}],\"inLanguage\":\"es\"}]}<\/script>\n<!-- \/ Yoast SEO plugin. -->","yoast_head_json":{"title":"Fotos y v\u00eddeos de la escuela de alem\u00e1n en Hamburgo","description":"Aqu\u00ed puedes ver videos y fotos de nuestra escuela de alem\u00e1n en Hamburgo. Nos dedicamos con todo coraz\u00f3n para ofrecerte los mejores cursos de alem\u00e1n.","robots":{"index":"index","follow":"follow","max-snippet":"max-snippet:-1","max-image-preview":"max-image-preview:large","max-video-preview":"max-video-preview:-1"},"canonical":"https:\/\/www.sprachschule-aktiv-hamburg.de\/es\/acerca-de-nosotros\/","og_locale":"es_ES","og_type":"article","og_title":"Fotos y v\u00eddeos de la escuela de alem\u00e1n en Hamburgo","og_description":"Aqu\u00ed puedes ver videos y fotos de nuestra escuela de alem\u00e1n en Hamburgo. Nos dedicamos con todo coraz\u00f3n para ofrecerte los mejores cursos de alem\u00e1n.","og_url":"https:\/\/www.sprachschule-aktiv-hamburg.de\/es\/acerca-de-nosotros\/","og_site_name":"Sprachschule Hamburg","article_modified_time":"2022-12-30T16:55:34+00:00","twitter_card":"summary_large_image","twitter_misc":{"Tiempo de lectura":"3 minutos"},"schema":{"@context":"https:\/\/schema.org","@graph":[{"@type":"WebPage","@id":"https:\/\/www.sprachschule-aktiv-hamburg.de\/es\/acerca-de-nosotros\/","url":"https:\/\/www.sprachschule-aktiv-hamburg.de\/es\/acerca-de-nosotros\/","name":"Fotos y v\u00eddeos de la escuela de alem\u00e1n en Hamburgo","isPartOf":{"@id":"https:\/\/www.sprachschule-aktiv-hamburg.de\/#website"},"datePublished":"2018-12-15T05:21:59+00:00","dateModified":"2022-12-30T16:55:34+00:00","description":"Aqu\u00ed puedes ver videos y fotos de nuestra escuela de alem\u00e1n en Hamburgo. Nos dedicamos con todo coraz\u00f3n para ofrecerte los mejores cursos de alem\u00e1n.","breadcrumb":{"@id":"https:\/\/www.sprachschule-aktiv-hamburg.de\/es\/acerca-de-nosotros\/#breadcrumb"},"inLanguage":"es","potentialAction":[{"@type":"ReadAction","target":["https:\/\/www.sprachschule-aktiv-hamburg.de\/es\/acerca-de-nosotros\/"]}]},{"@type":"BreadcrumbList","@id":"https:\/\/www.sprachschule-aktiv-hamburg.de\/es\/acerca-de-nosotros\/#breadcrumb","itemListElement":[{"@type":"ListItem","position":1,"name":"Startseite","item":"https:\/\/www.sprachschule-aktiv-hamburg.de\/es\/"},{"@type":"ListItem","position":2,"name":"Acerca de nosotros"}]},{"@type":"WebSite","@id":"https:\/\/www.sprachschule-aktiv-hamburg.de\/#website","url":"https:\/\/www.sprachschule-aktiv-hamburg.de\/","name":"Sprachschule Hamburg","description":"","potentialAction":[{"@type":"SearchAction","target":{"@type":"EntryPoint","urlTemplate":"https:\/\/www.sprachschule-aktiv-hamburg.de\/?s={search_term_string}"},"query-input":{"@type":"PropertyValueSpecification","valueRequired":true,"valueName":"search_term_string"}}],"inLanguage":"es"}]}},"_links":{"self":[{"href":"https:\/\/www.sprachschule-aktiv-hamburg.de\/es\/wp-json\/wp\/v2\/pages\/1783","targetHints":{"allow":["GET"]}}],"collection":[{"href":"https:\/\/www.sprachschule-aktiv-hamburg.de\/es\/wp-json\/wp\/v2\/pages"}],"about":[{"href":"https:\/\/www.sprachschule-aktiv-hamburg.de\/es\/wp-json\/wp\/v2\/types\/page"}],"author":[{"embeddable":true,"href":"https:\/\/www.sprachschule-aktiv-hamburg.de\/es\/wp-json\/wp\/v2\/users\/2"}],"replies":[{"embeddable":true,"href":"https:\/\/www.sprachschule-aktiv-hamburg.de\/es\/wp-json\/wp\/v2\/comments?post=1783"}],"version-history":[{"count":11,"href":"https:\/\/www.sprachschule-aktiv-hamburg.de\/es\/wp-json\/wp\/v2\/pages\/1783\/revisions"}],"predecessor-version":[{"id":7145,"href":"https:\/\/www.sprachschule-aktiv-hamburg.de\/es\/wp-json\/wp\/v2\/pages\/1783\/revisions\/7145"}],"wp:attachment":[{"href":"https:\/\/www.sprachschule-aktiv-hamburg.de\/es\/wp-json\/wp\/v2\/media?parent=1783"}],"curies":[{"name":"wp","href":"https:\/\/api.w.org\/{rel}","templated":true}]}}