{"id":1085,"date":"2018-01-11T18:49:20","date_gmt":"2018-01-11T17:49:20","guid":{"rendered":"https:\/\/www.sprachschule-aktiv-hamburg.de\/home\/"},"modified":"2022-12-30T18:14:07","modified_gmt":"2022-12-30T17:14:07","slug":"home","status":"publish","type":"page","link":"https:\/\/www.sprachschule-aktiv-hamburg.de\/ca\/","title":{"rendered":"Home"},"content":{"rendered":"<p>[vc_row full_width=&#8221;stretch_row_content_no_spaces&#8221;][vc_column][vc_single_image image=&#8221;4403&#8243; img_size=&#8221;full&#8221; alignment=&#8221;center&#8221; onclick=&#8221;custom_link&#8221; link=&#8221;https:\/\/www.sprachschule-aktiv-hamburg.de\/ca\/inscriu-te-ara\/&#8221;][\/vc_column][\/vc_row][vc_row css=&#8221;.vc_custom_1538648120619{margin-top: 20px !important;}&#8221;][vc_column][vc_column_text]<\/p>\n<h1>Aprendre alemany a Hamburg &#8211; cursos d&#8217;alemany &#8211; escola d&#8217;idiomes<\/h1>\n<p>Aprendre alemany a Hamburg \u00e9s f\u00e0cil. L&#8217;escola d&#8217;idiomes Aktiv a Hamburg li ofereix cursos d&#8217;alemany que s&#8217;adapten exactament a les seves necessitats. Els nostres professors d&#8217;idiomes no nom\u00e9s li ensenyen l&#8217;idioma, sin\u00f3 tamb\u00e9 la cultura del pa\u00eds. Molt sovint, els mestres fan viatges amb les seves classes, de manera que es reuneixen amb les persones i tenen l&#8217;oportunitat de parlar alemany.<\/p>\n<p><iframe title=\"YouTube video player\" src=\"https:\/\/www.youtube.com\/embed\/mqoyiKrwrUs\" width=\"560\" height=\"315\" frameborder=\"0\" allowfullscreen=\"allowfullscreen\"><\/iframe>[\/vc_column_text][\/vc_column][\/vc_row][vc_row full_width=&#8221;stretch_row&#8221; css=&#8221;.vc_custom_1538648473780{padding-top: 10px !important;padding-bottom: 25px !important;background-color: #f9f9f9 !important;}&#8221;][vc_column][vc_column_text]<\/p>\n<h2>Cursos d&#8217;alemany a Hamburg &#8211; principiants i avan\u00e7ats a1 a c2<\/h2>\n<p>Un curs d&#8217;alemany a Hamburg \u00e9s adequat per a principiants i avan\u00e7ats. No importa a quin nivell hagi arribat, \u00e9s benvingut. El marc de refer\u00e8ncia europeu per a idiomes divideix els nivells en A1, A2, B1, B2, C1 i C2. Els principiants sense coneixements b\u00e0sics trien A1. Els cursos B s\u00f3n per a estudiants avan\u00e7ats. Qualsevol que ja domini gaireb\u00e9 perfectament l&#8217;idioma alemany tamb\u00e9 trobar\u00e0 un curs adequat. L&#8217;assignaci\u00f3 al curs apropiat \u00e9s molt important, per\u00f2 no sempre \u00e9s f\u00e0cil. Utilitzem una prova de nivell desenvolupada per nosaltres. Pot fer-ho f\u00e0cilment en l\u00ednia. Si est\u00e0 a Hamburg, visiteu-nos a les nostres aules. Per descomptat que tamb\u00e9 pot fer la prova all\u00e0.<\/p>\n<h2>Oferim diferents tipologies de cursos a Hamburg<\/h2>\n<p>La forma cl\u00e0ssica d&#8217;aprendre una llengua s\u00f3n les classes semanals. Aix\u00f2 \u00e9s \u00f2ptim per a molts dels nostres participants. No obstant aix\u00f2, vost\u00e8 est\u00e0 fent nom\u00e9s un progr\u00e9s lent. Si voleu aprendre alemany el m\u00e9s r\u00e0pid possible, llavors la millor opci\u00f3 \u00e9s un curs intensiu. Es reuneixen amb el grup d&#8217;estudi tots els dies. Aviat podr\u00e0s tenir una conversa perfecta. Per descomptat tamb\u00e9 vam organitzar bons professors privats a Hamburg. Especialment si viu fora d&#8217;Hamburg, aix\u00f2 \u00e9s \u00f2ptim. El professor ensenya exactament la subst\u00e0ncia que necesita. Vost\u00e9 determina el lloc, el temps i el ritme.[\/vc_column_text][\/vc_column][\/vc_row][vc_row css=&#8221;.vc_custom_1538648446418{margin-top: 15px !important;}&#8221;][vc_column][vc_column_text]<\/p>\n<h2>Les classes d&#8217;alemany tenen lloc en grups petits<\/h2>\n<p>La for\u00e7a del grup \u00e9s important per a l&#8217;\u00e8xit d&#8217;un curs d&#8217;idiomes. Vam dividir conscientment els alumnes en petits grups. Aix\u00ed que no t\u00e9 oportunitat de enfonsars\u00b4he en la multitud. Cada lli\u00e7\u00f3 et d\u00f3na l&#8217;oportunitat de parlar alemany. Aquesta \u00e9s l&#8217;\u00fanica manera d&#8217;aprendre l&#8217;idioma r\u00e0pidament. A m\u00e9s, hi ha poc perill que tri\u00ef a un altre estudiant com a model de llenguatge incorrecte.<\/p>\n<h2>Els nostres professors t&#8217;oferixen classes d&#8217;idiomes i m\u00e9s<\/h2>\n<p>Els nostres professors d&#8217;alemany s\u00f3n parlants nadius. Aix\u00f2 realment no ha de ser esmentat, perqu\u00e8 aix\u00f2 \u00e9s est\u00e0ndard. A m\u00e9s, si \u00e9s possible, estem buscant educadors perqu\u00e8 les lli\u00e7ons s&#8217;estructurin i es basin en les troballes pedag\u00f2gics. Per\u00f2 no nom\u00e9s estem parlant de l&#8217;educaci\u00f3 ling\u00fc\u00edstica perfecta. Tamb\u00e9 han de divertir-se mentre ensenyen. Per aquest motiu, ens assegurem que el seu professor d&#8217;idiomes a Hamburg sigui comprensiu i amable. La majoria vol seguir aprenent despr\u00e9s de les classes. Tamb\u00e9 es queden amb el grup despr\u00e9s de la classe, visiten un caf\u00e8 o fan un viatge junts.[\/vc_column_text][\/vc_column][\/vc_row][vc_row full_width=&#8221;stretch_row&#8221; css=&#8221;.vc_custom_1538648658554{padding-top: 10px !important;padding-bottom: 25px !important;background-color: #f9f9f9 !important;}&#8221;][vc_column][vc_column_text]<\/p>\n<h2>Visita un curs d&#8217;alemany a Hamburg sense risc<\/h2>\n<p>[\/vc_column_text][vc_row_inner][vc_column_inner width=&#8221;1\/2&#8243;][vc_column_text]<img decoding=\"async\" class=\"alignnone wp-image-12 size-full\" src=\"https:\/\/www.sprachschule-aktiv-hamburg.de\/wp-content\/uploads\/sites\/13\/2018\/01\/sprachschule-hamburg-persoenliche-betreuung.jpg\" alt=\"Firmenkurs in Hamburg: Englisch, Deutsch, Spanisch, Chinesisch, Japanisch Sprachkurse\" width=\"600\" height=\"352\" \/>[\/vc_column_text][\/vc_column_inner][vc_column_inner width=&#8221;1\/2&#8243;][vc_column_text]No importa el curs que tri\u00ef, rebr\u00e0 una lli\u00e7\u00f3 de prova gratu\u00efta de nosaltres. Aix\u00f2 es poden reservar per separat. Alternativament, s&#8217;aplica la primera hora com a lli\u00e7\u00f3 de prova. Si no est\u00e0 completament satisfet amb l&#8217;exercici del mestre, simplement faci un pas enrere en el curs.<\/p>\n<p>[\/vc_column_text][\/vc_column_inner][\/vc_row_inner][vc_column_text]<\/p>\n<h2>Informaci\u00f3 general i preus dels cursos d&#8217;alemany a Hamburg<\/h2>\n<p>Curs intensiu d&#8217;alemany (diari de dilluns a divendres), preu per un mes 549 \u20ac (preus per a reserves de cursos m\u00e9s llargs a petici\u00f3)<br \/>\nLes classes es fan sempre entre les 9:00 i les 12:00 (2-4 participants fins a les 11:00).<br \/>\nCurs nocturn d&#8217;alemany (8\u00d7135 minuts al mes, dos cops per setmana de 18:00 a 20:15), el preu \u00e9s de 259 \u20ac per quatre setmanes i 549 \u20ac per a 12 setmanes.<br \/>\nCurs d&#8217;alemany per a parelles (12\u00d790 minuts, l&#8217;horari \u00e9s flexible, m\u00e0xim 2 participants), el preu \u00e9s de 389 \u20ac per participant<br \/>\nEl curs privat d&#8217;alemany (mini\/mitj\u00e0 i paquet m\u00e0xim possible), el preu \u00e9s de 420 \u20ac, 800 \u20ac i 1.140 \u20ac per a cites flexibles de 5, 10 o 15\u00d790 minuts[\/vc_column_text][\/vc_column][\/vc_row]<\/p>\n","protected":false},"excerpt":{"rendered":"<p>[vc_row full_width=&#8221;stretch_row_content_no_spaces&#8221;][vc_column][vc_single_image image=&#8221;4403&#8243; img_size=&#8221;full&#8221; alignment=&#8221;center&#8221; onclick=&#8221;custom_link&#8221; link=&#8221;https:\/\/www.sprachschule-aktiv-hamburg.de\/ca\/inscriu-te-ara\/&#8221;][\/vc_column][\/vc_row][vc_row css=&#8221;.vc_custom_1538648120619{margin-top: 20px !important;}&#8221;][vc_column][vc_column_text] Aprendre alemany a Hamburg &#8211; cursos d&#8217;alemany &#8211; escola d&#8217;idiomes Aprendre alemany a Hamburg \u00e9s f\u00e0cil. L&#8217;escola d&#8217;idiomes Aktiv a Hamburg li ofereix cursos d&#8217;alemany que s&#8217;adapten exactament a les seves necessitats. Els nostres professors d&#8217;idiomes no nom\u00e9s li ensenyen l&#8217;idioma, sin\u00f3 tamb\u00e9 la cultura&hellip; <a class=\"read-more\" href=\"https:\/\/www.sprachschule-aktiv-hamburg.de\/ca\/\" title=\"Read Home\">Read more &raquo;<\/a><\/p>\n","protected":false},"author":1,"featured_media":0,"parent":0,"menu_order":0,"comment_status":"closed","ping_status":"closed","template":"","meta":{"footnotes":""},"class_list":["post-1085","page","type-page","status-publish","hentry"],"yoast_head":"<!-- This site is optimized with the Yoast SEO plugin v27.1.1 - https:\/\/yoast.com\/product\/yoast-seo-wordpress\/ -->\n<title>Aprendre alemany a Hamburg - cursos d&#039;alemany - escola d&#039;idiomes<\/title>\n<meta name=\"description\" content=\"Aprendre alemany a Hamburg \u00e9s f\u00e0cil. L&#039;escola d&#039;idiomes Aktiv a Hamburg li ofereix cursos d&#039;alemany que s&#039;adapten exactament a les seves necessitats.\" \/>\n<meta name=\"robots\" content=\"index, follow, max-snippet:-1, max-image-preview:large, max-video-preview:-1\" \/>\n<link rel=\"canonical\" href=\"https:\/\/www.sprachschule-aktiv-hamburg.de\/ca\/\" \/>\n<meta property=\"og:locale\" content=\"ca_ES\" \/>\n<meta property=\"og:type\" content=\"article\" \/>\n<meta property=\"og:title\" content=\"Aprendre alemany a Hamburg - cursos d&#039;alemany - escola d&#039;idiomes\" \/>\n<meta property=\"og:description\" content=\"Aprendre alemany a Hamburg \u00e9s f\u00e0cil. L&#039;escola d&#039;idiomes Aktiv a Hamburg li ofereix cursos d&#039;alemany que s&#039;adapten exactament a les seves necessitats.\" \/>\n<meta property=\"og:url\" content=\"https:\/\/www.sprachschule-aktiv-hamburg.de\/ca\/\" \/>\n<meta property=\"og:site_name\" content=\"Sprachschule Hamburg\" \/>\n<meta property=\"article:modified_time\" content=\"2022-12-30T17:14:07+00:00\" \/>\n<meta property=\"og:image\" content=\"https:\/\/www.sprachschule-aktiv-hamburg.de\/wp-content\/uploads\/sites\/13\/2018\/01\/sprachschule-hamburg-persoenliche-betreuung.jpg\" \/>\n<meta name=\"twitter:card\" content=\"summary_large_image\" \/>\n<meta name=\"twitter:label1\" content=\"Temps estimat de lectura\" \/>\n\t<meta name=\"twitter:data1\" content=\"5 minuts\" \/>\n<script type=\"application\/ld+json\" class=\"yoast-schema-graph\">{\"@context\":\"https:\/\/schema.org\",\"@graph\":[{\"@type\":\"WebPage\",\"@id\":\"https:\/\/www.sprachschule-aktiv-hamburg.de\/ca\/\",\"url\":\"https:\/\/www.sprachschule-aktiv-hamburg.de\/ca\/\",\"name\":\"Aprendre alemany a Hamburg - cursos d'alemany - escola d'idiomes\",\"isPartOf\":{\"@id\":\"https:\/\/www.sprachschule-aktiv-hamburg.de\/#website\"},\"primaryImageOfPage\":{\"@id\":\"https:\/\/www.sprachschule-aktiv-hamburg.de\/ca\/#primaryimage\"},\"image\":{\"@id\":\"https:\/\/www.sprachschule-aktiv-hamburg.de\/ca\/#primaryimage\"},\"thumbnailUrl\":\"https:\/\/www.sprachschule-aktiv-hamburg.de\/wp-content\/uploads\/sites\/13\/2018\/01\/sprachschule-hamburg-persoenliche-betreuung.jpg\",\"datePublished\":\"2018-01-11T17:49:20+00:00\",\"dateModified\":\"2022-12-30T17:14:07+00:00\",\"description\":\"Aprendre alemany a Hamburg \u00e9s f\u00e0cil. L'escola d'idiomes Aktiv a Hamburg li ofereix cursos d'alemany que s'adapten exactament a les seves necessitats.\",\"breadcrumb\":{\"@id\":\"https:\/\/www.sprachschule-aktiv-hamburg.de\/ca\/#breadcrumb\"},\"inLanguage\":\"ca\",\"potentialAction\":[{\"@type\":\"ReadAction\",\"target\":[\"https:\/\/www.sprachschule-aktiv-hamburg.de\/ca\/\"]}]},{\"@type\":\"ImageObject\",\"inLanguage\":\"ca\",\"@id\":\"https:\/\/www.sprachschule-aktiv-hamburg.de\/ca\/#primaryimage\",\"url\":\"https:\/\/www.sprachschule-aktiv-hamburg.de\/wp-content\/uploads\/sites\/13\/2018\/01\/sprachschule-hamburg-persoenliche-betreuung.jpg\",\"contentUrl\":\"https:\/\/www.sprachschule-aktiv-hamburg.de\/wp-content\/uploads\/sites\/13\/2018\/01\/sprachschule-hamburg-persoenliche-betreuung.jpg\"},{\"@type\":\"BreadcrumbList\",\"@id\":\"https:\/\/www.sprachschule-aktiv-hamburg.de\/ca\/#breadcrumb\",\"itemListElement\":[{\"@type\":\"ListItem\",\"position\":1,\"name\":\"Startseite\",\"item\":\"https:\/\/www.sprachschule-aktiv-hamburg.de\/ca\/\"},{\"@type\":\"ListItem\",\"position\":2,\"name\":\"Home\"}]},{\"@type\":\"WebSite\",\"@id\":\"https:\/\/www.sprachschule-aktiv-hamburg.de\/#website\",\"url\":\"https:\/\/www.sprachschule-aktiv-hamburg.de\/\",\"name\":\"Sprachschule Hamburg\",\"description\":\"\",\"potentialAction\":[{\"@type\":\"SearchAction\",\"target\":{\"@type\":\"EntryPoint\",\"urlTemplate\":\"https:\/\/www.sprachschule-aktiv-hamburg.de\/?s={search_term_string}\"},\"query-input\":{\"@type\":\"PropertyValueSpecification\",\"valueRequired\":true,\"valueName\":\"search_term_string\"}}],\"inLanguage\":\"ca\"}]}<\/script>\n<!-- \/ Yoast SEO plugin. -->","yoast_head_json":{"title":"Aprendre alemany a Hamburg - cursos d'alemany - escola d'idiomes","description":"Aprendre alemany a Hamburg \u00e9s f\u00e0cil. L'escola d'idiomes Aktiv a Hamburg li ofereix cursos d'alemany que s'adapten exactament a les seves necessitats.","robots":{"index":"index","follow":"follow","max-snippet":"max-snippet:-1","max-image-preview":"max-image-preview:large","max-video-preview":"max-video-preview:-1"},"canonical":"https:\/\/www.sprachschule-aktiv-hamburg.de\/ca\/","og_locale":"ca_ES","og_type":"article","og_title":"Aprendre alemany a Hamburg - cursos d'alemany - escola d'idiomes","og_description":"Aprendre alemany a Hamburg \u00e9s f\u00e0cil. L'escola d'idiomes Aktiv a Hamburg li ofereix cursos d'alemany que s'adapten exactament a les seves necessitats.","og_url":"https:\/\/www.sprachschule-aktiv-hamburg.de\/ca\/","og_site_name":"Sprachschule Hamburg","article_modified_time":"2022-12-30T17:14:07+00:00","og_image":[{"url":"https:\/\/www.sprachschule-aktiv-hamburg.de\/wp-content\/uploads\/sites\/13\/2018\/01\/sprachschule-hamburg-persoenliche-betreuung.jpg","type":"","width":"","height":""}],"twitter_card":"summary_large_image","twitter_misc":{"Temps estimat de lectura":"5 minuts"},"schema":{"@context":"https:\/\/schema.org","@graph":[{"@type":"WebPage","@id":"https:\/\/www.sprachschule-aktiv-hamburg.de\/ca\/","url":"https:\/\/www.sprachschule-aktiv-hamburg.de\/ca\/","name":"Aprendre alemany a Hamburg - cursos d'alemany - escola d'idiomes","isPartOf":{"@id":"https:\/\/www.sprachschule-aktiv-hamburg.de\/#website"},"primaryImageOfPage":{"@id":"https:\/\/www.sprachschule-aktiv-hamburg.de\/ca\/#primaryimage"},"image":{"@id":"https:\/\/www.sprachschule-aktiv-hamburg.de\/ca\/#primaryimage"},"thumbnailUrl":"https:\/\/www.sprachschule-aktiv-hamburg.de\/wp-content\/uploads\/sites\/13\/2018\/01\/sprachschule-hamburg-persoenliche-betreuung.jpg","datePublished":"2018-01-11T17:49:20+00:00","dateModified":"2022-12-30T17:14:07+00:00","description":"Aprendre alemany a Hamburg \u00e9s f\u00e0cil. L'escola d'idiomes Aktiv a Hamburg li ofereix cursos d'alemany que s'adapten exactament a les seves necessitats.","breadcrumb":{"@id":"https:\/\/www.sprachschule-aktiv-hamburg.de\/ca\/#breadcrumb"},"inLanguage":"ca","potentialAction":[{"@type":"ReadAction","target":["https:\/\/www.sprachschule-aktiv-hamburg.de\/ca\/"]}]},{"@type":"ImageObject","inLanguage":"ca","@id":"https:\/\/www.sprachschule-aktiv-hamburg.de\/ca\/#primaryimage","url":"https:\/\/www.sprachschule-aktiv-hamburg.de\/wp-content\/uploads\/sites\/13\/2018\/01\/sprachschule-hamburg-persoenliche-betreuung.jpg","contentUrl":"https:\/\/www.sprachschule-aktiv-hamburg.de\/wp-content\/uploads\/sites\/13\/2018\/01\/sprachschule-hamburg-persoenliche-betreuung.jpg"},{"@type":"BreadcrumbList","@id":"https:\/\/www.sprachschule-aktiv-hamburg.de\/ca\/#breadcrumb","itemListElement":[{"@type":"ListItem","position":1,"name":"Startseite","item":"https:\/\/www.sprachschule-aktiv-hamburg.de\/ca\/"},{"@type":"ListItem","position":2,"name":"Home"}]},{"@type":"WebSite","@id":"https:\/\/www.sprachschule-aktiv-hamburg.de\/#website","url":"https:\/\/www.sprachschule-aktiv-hamburg.de\/","name":"Sprachschule Hamburg","description":"","potentialAction":[{"@type":"SearchAction","target":{"@type":"EntryPoint","urlTemplate":"https:\/\/www.sprachschule-aktiv-hamburg.de\/?s={search_term_string}"},"query-input":{"@type":"PropertyValueSpecification","valueRequired":true,"valueName":"search_term_string"}}],"inLanguage":"ca"}]}},"_links":{"self":[{"href":"https:\/\/www.sprachschule-aktiv-hamburg.de\/ca\/wp-json\/wp\/v2\/pages\/1085","targetHints":{"allow":["GET"]}}],"collection":[{"href":"https:\/\/www.sprachschule-aktiv-hamburg.de\/ca\/wp-json\/wp\/v2\/pages"}],"about":[{"href":"https:\/\/www.sprachschule-aktiv-hamburg.de\/ca\/wp-json\/wp\/v2\/types\/page"}],"author":[{"embeddable":true,"href":"https:\/\/www.sprachschule-aktiv-hamburg.de\/ca\/wp-json\/wp\/v2\/users\/1"}],"replies":[{"embeddable":true,"href":"https:\/\/www.sprachschule-aktiv-hamburg.de\/ca\/wp-json\/wp\/v2\/comments?post=1085"}],"version-history":[{"count":10,"href":"https:\/\/www.sprachschule-aktiv-hamburg.de\/ca\/wp-json\/wp\/v2\/pages\/1085\/revisions"}],"predecessor-version":[{"id":7150,"href":"https:\/\/www.sprachschule-aktiv-hamburg.de\/ca\/wp-json\/wp\/v2\/pages\/1085\/revisions\/7150"}],"wp:attachment":[{"href":"https:\/\/www.sprachschule-aktiv-hamburg.de\/ca\/wp-json\/wp\/v2\/media?parent=1085"}],"curies":[{"name":"wp","href":"https:\/\/api.w.org\/{rel}","templated":true}]}}